{"id":6581,"date":"2025-04-28T08:24:37","date_gmt":"2025-04-28T08:24:37","guid":{"rendered":"https:\/\/miamedic.lt\/?post_type=product&#038;p=6581"},"modified":"2025-12-01T00:30:20","modified_gmt":"2025-12-01T00:30:20","slug":"o%e2%82%82-cushion","status":"publish","type":"product","link":"https:\/\/miamedic.lt\/en\/shop\/o%e2%82%82-cushion\/","title":{"rendered":"O\u2082 Cushion"},"content":{"rendered":"<p class=\"\" data-start=\"0\" data-end=\"84\"><strong data-start=\"0\" data-end=\"84\">OxygenCeuticals O\u2082 Cushion \u2013 dr\u0117kinanti ir apsauganti BB priemon\u0117 su SPF 45 PA+++<\/strong><\/p>\n<p class=\"\" data-start=\"86\" data-end=\"205\"><span class=\"relative -mx-px my-[-0.2rem] rounded px-px py-[0.2rem] transition-colors duration-100 ease-in-out\">OxygenCeuticals O\u2082 Cushion \u2013 tai pa\u017eangus 3-in-1 BB kremas, sujungiantis makia\u017eo pagrindo, dr\u0117kinimo ir apsaugos nuo saul\u0117s funkcijas viename kompakte.<\/span> <span class=\"relative -mx-px my-[-0.2rem] rounded px-px py-[0.2rem] transition-colors duration-100 ease-in-out\">\u0160i priemon\u0117 suteikia vidutin\u012f dengim\u0105, nat\u016bral\u0173 \u0161vyt\u0117jim\u0105 ir ilgalaik\u012f komfort\u0105, tod\u0117l idealiai tinka kasdieniam naudojimui.<\/span>\u200b<\/p>\n<p class=\"\" data-start=\"207\" data-end=\"220\"><strong data-start=\"207\" data-end=\"220\">Poveikis:<\/strong><\/p>\n<ul data-start=\"221\" data-end=\"464\">\n<li class=\"\" data-start=\"221\" data-end=\"260\">\n<p class=\"\" data-start=\"223\" data-end=\"260\"><span class=\"relative -mx-px my-[-0.2rem] rounded px-px py-[0.2rem] transition-colors duration-100 ease-in-out\">Vidutin\u0117 apr\u0117ptis su nat\u016bralia \u0161vyt\u0117jimo efektu<\/span><\/p>\n<\/li>\n<li class=\"\" data-start=\"261\" data-end=\"300\">\n<p class=\"\" data-start=\"263\" data-end=\"300\"><span class=\"relative -mx-px my-[-0.2rem] rounded px-px py-[0.2rem] transition-colors duration-100 ease-in-out\">Intensyvus dr\u0117kinimas ir gaivinimas<\/span><\/p>\n<\/li>\n<li class=\"\" data-start=\"301\" data-end=\"340\">\n<p class=\"\" data-start=\"303\" data-end=\"340\"><span class=\"relative -mx-px my-[-0.2rem] rounded px-px py-[0.2rem] transition-colors duration-100 ease-in-out\">Apsauga nuo UVA ir UVB spinduli\u0173 su SPF 45 PA+++<\/span><\/p>\n<\/li>\n<li class=\"\" data-start=\"341\" data-end=\"380\">\n<p class=\"\" data-start=\"343\" data-end=\"380\"><span class=\"relative -mx-px my-[-0.2rem] rounded px-px py-[0.2rem] transition-colors duration-100 ease-in-out\">\u0160aldantis ir raminantis poveikis<\/span><\/p>\n<\/li>\n<li class=\"\" data-start=\"381\" data-end=\"464\">\n<p class=\"\" data-start=\"383\" data-end=\"464\"><span class=\"relative -mx-px my-[-0.2rem] rounded px-px py-[0.2rem] transition-colors duration-100 ease-in-out\">Tinka vis\u0173 tip\u0173 odai, \u012fskaitant jautri\u0105<\/span>\u200b<\/p>\n<\/li>\n<\/ul>\n<p class=\"\" data-start=\"466\" data-end=\"481\"><strong data-start=\"466\" data-end=\"481\">Naudojimas:<\/strong><\/p>\n<ul data-start=\"482\" data-end=\"693\">\n<li class=\"\" data-start=\"482\" data-end=\"521\">\n<p class=\"\" data-start=\"484\" data-end=\"521\"><span class=\"relative -mx-px my-[-0.2rem] rounded px-px py-[0.2rem] transition-colors duration-100 ease-in-out\">Naudokite ryte, po odos dr\u0117kinimo<\/span><\/p>\n<\/li>\n<li class=\"\" data-start=\"522\" data-end=\"563\">\n<p class=\"\" data-start=\"524\" data-end=\"563\"><span class=\"relative -mx-px my-[-0.2rem] rounded px-px py-[0.2rem] transition-colors duration-100 ease-in-out\">\u0160velniai paspauskite kempin\u0117l\u0119 \u012f priemon\u0119 ir tolygiai paskirstykite ant veido<\/span><\/p>\n<\/li>\n<li class=\"\" data-start=\"564\" data-end=\"605\">\n<p class=\"\" data-start=\"566\" data-end=\"605\"><span class=\"relative -mx-px my-[-0.2rem] rounded px-px py-[0.2rem] transition-colors duration-100 ease-in-out\">Galima sluoksniuoti, kad pasiektum\u0117te norim\u0105 dengimo lyg\u012f<\/span><\/p>\n<\/li>\n<li class=\"\" data-start=\"606\" data-end=\"693\">\n<p class=\"\" data-start=\"608\" data-end=\"693\"><span class=\"relative -mx-px my-[-0.2rem] rounded px-px py-[0.2rem] transition-colors duration-100 ease-in-out\">Kompakte yra veidrod\u0117lis ir papildoma kempin\u0117l\u0117, tod\u0117l patogu naudoti kelion\u0117se<\/span>\u200b<\/p>\n<\/li>\n<\/ul>\n<p class=\"\" data-start=\"695\" data-end=\"713\"><strong data-start=\"695\" data-end=\"713\">Tinka naudoti:<\/strong><\/p>\n<ul data-start=\"714\" data-end=\"885\">\n<li class=\"\" data-start=\"714\" data-end=\"755\">\n<p class=\"\" data-start=\"716\" data-end=\"755\"><span class=\"relative -mx-px my-[-0.2rem] rounded px-px py-[0.2rem] transition-colors duration-100 ease-in-out\">Vis\u0173 tip\u0173 odai, \u012fskaitant jautri\u0105<\/span><\/p>\n<\/li>\n<li class=\"\" data-start=\"756\" data-end=\"797\">\n<p class=\"\" data-start=\"758\" data-end=\"797\"><span class=\"relative -mx-px my-[-0.2rem] rounded px-px py-[0.2rem] transition-colors duration-100 ease-in-out\">Idealiai tinka kasdieniam naudojimui ir aktyviam gyvenimo b\u016bdui<\/span><\/p>\n<\/li>\n<li class=\"\" data-start=\"798\" data-end=\"885\">\n<p class=\"\" data-start=\"800\" data-end=\"885\"><span class=\"relative -mx-px my-[-0.2rem] rounded px-px py-[0.2rem] transition-colors duration-100 ease-in-out\">Puikiai dera su kitomis OxygenCeuticals priemon\u0117mis<\/span><\/p>\n<\/li>\n<\/ul>\n","protected":false},"excerpt":{"rendered":"<p>Dr\u0117kinanti ir apsauganti BB priemon\u0117 su SPF 45 PA+++<\/p>","protected":false},"featured_media":6585,"comment_status":"open","ping_status":"closed","template":"","meta":[],"product_cat":[305,181,153],"product_tag":[],"class_list":{"0":"post-6581","1":"product","2":"type-product","3":"status-publish","4":"has-post-thumbnail","6":"product_cat-bb-kremas","7":"product_cat-makiazo-pagrindas","8":"product_cat-spf-veido-prieziura","9":"pa_brands-oxygenceuticals","10":"pa_talpa-15g","12":"first","13":"instock","14":"taxable","15":"shipping-taxable","16":"purchasable","17":"product-type-variable"},"_links":{"self":[{"href":"https:\/\/miamedic.lt\/en\/wp-json\/wp\/v2\/product\/6581","targetHints":{"allow":["GET"]}}],"collection":[{"href":"https:\/\/miamedic.lt\/en\/wp-json\/wp\/v2\/product"}],"about":[{"href":"https:\/\/miamedic.lt\/en\/wp-json\/wp\/v2\/types\/product"}],"replies":[{"embeddable":true,"href":"https:\/\/miamedic.lt\/en\/wp-json\/wp\/v2\/comments?post=6581"}],"version-history":[{"count":4,"href":"https:\/\/miamedic.lt\/en\/wp-json\/wp\/v2\/product\/6581\/revisions"}],"predecessor-version":[{"id":10424,"href":"https:\/\/miamedic.lt\/en\/wp-json\/wp\/v2\/product\/6581\/revisions\/10424"}],"wp:featuredmedia":[{"embeddable":true,"href":"https:\/\/miamedic.lt\/en\/wp-json\/wp\/v2\/media\/6585"}],"wp:attachment":[{"href":"https:\/\/miamedic.lt\/en\/wp-json\/wp\/v2\/media?parent=6581"}],"wp:term":[{"taxonomy":"product_cat","embeddable":true,"href":"https:\/\/miamedic.lt\/en\/wp-json\/wp\/v2\/product_cat?post=6581"},{"taxonomy":"product_tag","embeddable":true,"href":"https:\/\/miamedic.lt\/en\/wp-json\/wp\/v2\/product_tag?post=6581"}],"curies":[{"name":"wp","href":"https:\/\/api.w.org\/{rel}","templated":true}]}}