{"id":6574,"date":"2025-04-28T08:17:45","date_gmt":"2025-04-28T08:17:45","guid":{"rendered":"https:\/\/miamedic.lt\/?post_type=product&#038;p=6574"},"modified":"2025-12-01T00:30:21","modified_gmt":"2025-12-01T00:30:21","slug":"tp-sun-cream","status":"publish","type":"product","link":"https:\/\/miamedic.lt\/en\/shop\/tp-sun-cream\/","title":{"rendered":"TP Sun Cream"},"content":{"rendered":"<p class=\"\" data-start=\"0\" data-end=\"82\"><strong data-start=\"0\" data-end=\"82\">OxygenCeuticals TP Sun Cream \u2013 lengvas kasdienis saul\u0117s kremas su SPF 50 PA+++<\/strong><\/p>\n<p class=\"\" data-start=\"84\" data-end=\"203\"><span class=\"relative -mx-px my-[-0.2rem] rounded px-px py-[0.2rem] transition-colors duration-100 ease-in-out\">OxygenCeuticals TP Sun Cream \u2013 tai itin lengvas, greitai \u012fsigeriantis saul\u0117s kremas, sukurtas kasdienei apsaugai nuo \u017ealing\u0173 UVA ir UVB spinduli\u0173.<\/span> <span class=\"relative -mx-px my-[-0.2rem] rounded px-px py-[0.2rem] transition-colors duration-100 ease-in-out\">\u0160is produktas idealiai tinka vis\u0173 tip\u0173 odai, \u012fskaitant jautri\u0105, ir puikiai dera su makia\u017eu.<\/span>\u200b<\/p>\n<p class=\"\" data-start=\"205\" data-end=\"218\"><strong data-start=\"205\" data-end=\"218\">Poveikis:<\/strong><\/p>\n<ul data-start=\"219\" data-end=\"462\">\n<li class=\"\" data-start=\"219\" data-end=\"258\">\n<p class=\"\" data-start=\"221\" data-end=\"258\"><span class=\"relative -mx-px my-[-0.2rem] rounded px-px py-[0.2rem] transition-colors duration-100 ease-in-out\">Apsaugo nuo UVA ir UVB spinduli\u0173 su SPF 50 PA+++<\/span><\/p>\n<\/li>\n<li class=\"\" data-start=\"259\" data-end=\"298\">\n<p class=\"\" data-start=\"261\" data-end=\"298\"><span class=\"relative -mx-px my-[-0.2rem] rounded px-px py-[0.2rem] transition-colors duration-100 ease-in-out\">Giliai dr\u0117kina ir ramina od\u0105<\/span><\/p>\n<\/li>\n<li class=\"\" data-start=\"299\" data-end=\"338\">\n<p class=\"\" data-start=\"301\" data-end=\"338\"><span class=\"relative -mx-px my-[-0.2rem] rounded px-px py-[0.2rem] transition-colors duration-100 ease-in-out\">Suteikia matin\u012f, nelipn\u0173 pavir\u0161i\u0173<\/span><\/p>\n<\/li>\n<li class=\"\" data-start=\"339\" data-end=\"378\">\n<p class=\"\" data-start=\"341\" data-end=\"378\"><span class=\"relative -mx-px my-[-0.2rem] rounded px-px py-[0.2rem] transition-colors duration-100 ease-in-out\">Tinka naudoti po proced\u016br\u0173 ar jautriai odai<\/span><\/p>\n<\/li>\n<li class=\"\" data-start=\"379\" data-end=\"462\">\n<p class=\"\" data-start=\"381\" data-end=\"462\"><span class=\"relative -mx-px my-[-0.2rem] rounded px-px py-[0.2rem] transition-colors duration-100 ease-in-out\">Neu\u017ekem\u0161a por\u0173, nesukelia spuog\u0173<\/span>\u200b<\/p>\n<\/li>\n<\/ul>\n<p class=\"\" data-start=\"464\" data-end=\"479\"><strong data-start=\"464\" data-end=\"479\">Naudojimas:<\/strong><\/p>\n<ul data-start=\"480\" data-end=\"691\">\n<li class=\"\" data-start=\"480\" data-end=\"519\">\n<p class=\"\" data-start=\"482\" data-end=\"519\"><span class=\"relative -mx-px my-[-0.2rem] rounded px-px py-[0.2rem] transition-colors duration-100 ease-in-out\">Tepkite ant \u0161varios odos 15\u201320 minu\u010di\u0173 prie\u0161 saul\u0117s poveik\u012f<\/span><\/p>\n<\/li>\n<li class=\"\" data-start=\"520\" data-end=\"561\">\n<p class=\"\" data-start=\"522\" data-end=\"561\"><span class=\"relative -mx-px my-[-0.2rem] rounded px-px py-[0.2rem] transition-colors duration-100 ease-in-out\">Naudokite kasdien kaip paskutin\u012f odos prie\u017ei\u016bros \u017eingsn\u012f<\/span><\/p>\n<\/li>\n<li class=\"\" data-start=\"562\" data-end=\"603\">\n<p class=\"\" data-start=\"564\" data-end=\"603\"><span class=\"relative -mx-px my-[-0.2rem] rounded px-px py-[0.2rem] transition-colors duration-100 ease-in-out\">Galima naudoti tiek veidui, tiek k\u016bnui<\/span><\/p>\n<\/li>\n<li class=\"\" data-start=\"604\" data-end=\"691\">\n<p class=\"\" data-start=\"606\" data-end=\"691\"><span class=\"relative -mx-px my-[-0.2rem] rounded px-px py-[0.2rem] transition-colors duration-100 ease-in-out\">Atnaujinkite kas 2\u20133 valandas arba po kontakto su vandeniu ar prakaitu<\/span>\u200b<\/p>\n<\/li>\n<\/ul>\n<p class=\"\" data-start=\"693\" data-end=\"711\"><strong data-start=\"693\" data-end=\"711\">Tinka naudoti:<\/strong><\/p>\n<ul data-start=\"712\" data-end=\"841\">\n<li class=\"\" data-start=\"712\" data-end=\"753\">\n<p class=\"\" data-start=\"714\" data-end=\"753\"><span class=\"relative -mx-px my-[-0.2rem] rounded px-px py-[0.2rem] transition-colors duration-100 ease-in-out\">Vis\u0173 tip\u0173 odai, \u012fskaitant jautri\u0105 ir linkusi\u0105 \u012f akn\u0119<\/span><\/p>\n<\/li>\n<li class=\"\" data-start=\"754\" data-end=\"841\">\n<p class=\"\" data-start=\"756\" data-end=\"841\"><span class=\"relative -mx-px my-[-0.2rem] rounded px-px py-[0.2rem] transition-colors duration-100 ease-in-out\">Idealiai tinka kasdieniam naudojimui ir aktyviam gyvenimo b\u016bdui<\/span><\/p>\n<\/li>\n<\/ul>\n","protected":false},"excerpt":{"rendered":"<p>Lengvas kasdienis saul\u0117s kremas su SPF 50 PA+++<\/p>","protected":false},"featured_media":6575,"comment_status":"open","ping_status":"closed","template":"","meta":[],"product_cat":[152,153],"product_tag":[],"class_list":{"0":"post-6574","1":"product","2":"type-product","3":"status-publish","4":"has-post-thumbnail","6":"product_cat-spf","7":"product_cat-spf-veido-prieziura","8":"pa_brands-oxygenceuticals","9":"pa_talpa-15ml","10":"pa_talpa-50ml-2","12":"first","13":"instock","14":"taxable","15":"shipping-taxable","16":"purchasable","17":"product-type-variable"},"_links":{"self":[{"href":"https:\/\/miamedic.lt\/en\/wp-json\/wp\/v2\/product\/6574","targetHints":{"allow":["GET"]}}],"collection":[{"href":"https:\/\/miamedic.lt\/en\/wp-json\/wp\/v2\/product"}],"about":[{"href":"https:\/\/miamedic.lt\/en\/wp-json\/wp\/v2\/types\/product"}],"replies":[{"embeddable":true,"href":"https:\/\/miamedic.lt\/en\/wp-json\/wp\/v2\/comments?post=6574"}],"version-history":[{"count":4,"href":"https:\/\/miamedic.lt\/en\/wp-json\/wp\/v2\/product\/6574\/revisions"}],"predecessor-version":[{"id":12497,"href":"https:\/\/miamedic.lt\/en\/wp-json\/wp\/v2\/product\/6574\/revisions\/12497"}],"wp:featuredmedia":[{"embeddable":true,"href":"https:\/\/miamedic.lt\/en\/wp-json\/wp\/v2\/media\/6575"}],"wp:attachment":[{"href":"https:\/\/miamedic.lt\/en\/wp-json\/wp\/v2\/media?parent=6574"}],"wp:term":[{"taxonomy":"product_cat","embeddable":true,"href":"https:\/\/miamedic.lt\/en\/wp-json\/wp\/v2\/product_cat?post=6574"},{"taxonomy":"product_tag","embeddable":true,"href":"https:\/\/miamedic.lt\/en\/wp-json\/wp\/v2\/product_tag?post=6574"}],"curies":[{"name":"wp","href":"https:\/\/api.w.org\/{rel}","templated":true}]}}