{"id":6569,"date":"2025-04-28T08:13:57","date_gmt":"2025-04-28T08:13:57","guid":{"rendered":"https:\/\/miamedic.lt\/?post_type=product&#038;p=6569"},"modified":"2025-12-01T00:30:21","modified_gmt":"2025-12-01T00:30:21","slug":"leports-sunblock-spf-50","status":"publish","type":"product","link":"https:\/\/miamedic.lt\/en\/shop\/leports-sunblock-spf-50\/","title":{"rendered":"Leport&#8217;s Sunblock SPF 50"},"content":{"rendered":"<p class=\"\" data-start=\"40\" data-end=\"162\"><strong data-start=\"40\" data-end=\"162\">OxygenCeuticals Leport&#8217;s Sunblock SPF 50 PA+++ \u2013 atsparus vandeniui ir prakaitui saul\u0117s kremas aktyviam gyvenimo b\u016bdui<\/strong><\/p>\n<p class=\"\" data-start=\"164\" data-end=\"283\"><span class=\"relative -mx-px my-[-0.2rem] rounded px-px py-[0.2rem] transition-colors duration-100 ease-in-out\">OxygenCeuticals Leport&#8217;s Sunblock SPF 50 PA+++ \u2013 tai auk\u0161\u010diausios klas\u0117s saul\u0117s apsaugos priemon\u0117, sukurta aktyviam gyvenimo b\u016bdui.<\/span> <span class=\"relative -mx-px my-[-0.2rem] rounded px-px py-[0.2rem] transition-colors duration-100 ease-in-out\">\u0160is lengvas, ta\u010diau itin veiksmingas kremas suteikia plat\u0173 spektr\u0105 apsaug\u0105 nuo UVA ir UVB spinduli\u0173, yra atsparus vandeniui ir prakaitui bei idealiai tinka tiek veidui, tiek k\u016bnui.<\/span>\u200b<\/p>\n<p class=\"\" data-start=\"285\" data-end=\"298\"><strong data-start=\"285\" data-end=\"298\">Poveikis:<\/strong><\/p>\n<ul data-start=\"299\" data-end=\"542\">\n<li class=\"\" data-start=\"299\" data-end=\"338\">\n<p class=\"\" data-start=\"301\" data-end=\"338\"><span class=\"relative -mx-px my-[-0.2rem] rounded px-px py-[0.2rem] transition-colors duration-100 ease-in-out\">UVA ir UVB spinduli\u0173 apsauga su SPF 50 PA+++<\/span><\/p>\n<\/li>\n<li class=\"\" data-start=\"339\" data-end=\"378\">\n<p class=\"\" data-start=\"341\" data-end=\"378\"><span class=\"relative -mx-px my-[-0.2rem] rounded px-px py-[0.2rem] transition-colors duration-100 ease-in-out\">Atsparus vandeniui ir prakaitui \u2013 idealiai tinka sportui ir lauko veikloms<\/span><\/p>\n<\/li>\n<li class=\"\" data-start=\"379\" data-end=\"418\">\n<p class=\"\" data-start=\"381\" data-end=\"418\"><span class=\"relative -mx-px my-[-0.2rem] rounded px-px py-[0.2rem] transition-colors duration-100 ease-in-out\">Suteikia odai dr\u0117kinimo ir ramina<\/span><\/p>\n<\/li>\n<li class=\"\" data-start=\"419\" data-end=\"458\">\n<p class=\"\" data-start=\"421\" data-end=\"458\"><span class=\"relative -mx-px my-[-0.2rem] rounded px-px py-[0.2rem] transition-colors duration-100 ease-in-out\">Neu\u017ekem\u0161a por\u0173, tinka jautriai odai<\/span><\/p>\n<\/li>\n<li class=\"\" data-start=\"459\" data-end=\"542\">\n<p class=\"\" data-start=\"461\" data-end=\"542\"><span class=\"relative -mx-px my-[-0.2rem] rounded px-px py-[0.2rem] transition-colors duration-100 ease-in-out\">Be balt\u0173 p\u0117dsak\u0173 \u2013 visi\u0161kai skaidrus ant vis\u0173 odos atspalvi\u0173<\/span>\u200b<\/p>\n<\/li>\n<\/ul>\n<p class=\"\" data-start=\"544\" data-end=\"559\"><strong data-start=\"544\" data-end=\"559\">Naudojimas:<\/strong><\/p>\n<ul data-start=\"560\" data-end=\"731\">\n<li class=\"\" data-start=\"560\" data-end=\"601\">\n<p class=\"\" data-start=\"562\" data-end=\"601\"><span class=\"relative -mx-px my-[-0.2rem] rounded px-px py-[0.2rem] transition-colors duration-100 ease-in-out\">Tepkite ant \u0161varios odos ma\u017eiausiai 20 minu\u010di\u0173 prie\u0161 saul\u0117s poveik\u012f<\/span><\/p>\n<\/li>\n<li class=\"\" data-start=\"602\" data-end=\"643\">\n<p class=\"\" data-start=\"604\" data-end=\"643\"><span class=\"relative -mx-px my-[-0.2rem] rounded px-px py-[0.2rem] transition-colors duration-100 ease-in-out\">Galima naudoti tiek veidui, tiek k\u016bnui<\/span><\/p>\n<\/li>\n<li class=\"\" data-start=\"644\" data-end=\"731\">\n<p class=\"\" data-start=\"646\" data-end=\"731\"><span class=\"relative -mx-px my-[-0.2rem] rounded px-px py-[0.2rem] transition-colors duration-100 ease-in-out\">Atnaujinkite kas 2\u20133 valandas arba po kontakto su vandeniu ar prakaitu<\/span>\u200b<\/p>\n<\/li>\n<\/ul>\n<p class=\"\" data-start=\"733\" data-end=\"751\"><strong data-start=\"733\" data-end=\"751\">Tinka naudoti:<\/strong><\/p>\n<ul data-start=\"752\" data-end=\"881\">\n<li class=\"\" data-start=\"752\" data-end=\"793\">\n<p class=\"\" data-start=\"754\" data-end=\"793\"><span class=\"relative -mx-px my-[-0.2rem] rounded px-px py-[0.2rem] transition-colors duration-100 ease-in-out\">Vis\u0173 tip\u0173 odai, \u012fskaitant jautri\u0105 ir linkusi\u0105 \u012f akn\u0119<\/span><\/p>\n<\/li>\n<li class=\"\" data-start=\"794\" data-end=\"881\">\n<p class=\"\" data-start=\"796\" data-end=\"881\"><span class=\"relative -mx-px my-[-0.2rem] rounded px-px py-[0.2rem] transition-colors duration-100 ease-in-out\">Idealiai tinka aktyviam gyvenimo b\u016bdui, lauko sportui ir kasdieniam naudojimui<\/span><\/p>\n<\/li>\n<\/ul>\n","protected":false},"excerpt":{"rendered":"<p>Atsparus vandeniui SPF kremas<\/p>","protected":false},"featured_media":6570,"comment_status":"open","ping_status":"closed","template":"","meta":[],"product_cat":[152,153],"product_tag":[],"class_list":{"0":"post-6569","1":"product","2":"type-product","3":"status-publish","4":"has-post-thumbnail","6":"product_cat-spf","7":"product_cat-spf-veido-prieziura","8":"pa_brands-oxygenceuticals","9":"pa_talpa-120ml","10":"pa_talpa-15ml","12":"first","13":"instock","14":"taxable","15":"shipping-taxable","16":"purchasable","17":"product-type-variable"},"_links":{"self":[{"href":"https:\/\/miamedic.lt\/en\/wp-json\/wp\/v2\/product\/6569","targetHints":{"allow":["GET"]}}],"collection":[{"href":"https:\/\/miamedic.lt\/en\/wp-json\/wp\/v2\/product"}],"about":[{"href":"https:\/\/miamedic.lt\/en\/wp-json\/wp\/v2\/types\/product"}],"replies":[{"embeddable":true,"href":"https:\/\/miamedic.lt\/en\/wp-json\/wp\/v2\/comments?post=6569"}],"version-history":[{"count":2,"href":"https:\/\/miamedic.lt\/en\/wp-json\/wp\/v2\/product\/6569\/revisions"}],"predecessor-version":[{"id":12498,"href":"https:\/\/miamedic.lt\/en\/wp-json\/wp\/v2\/product\/6569\/revisions\/12498"}],"wp:featuredmedia":[{"embeddable":true,"href":"https:\/\/miamedic.lt\/en\/wp-json\/wp\/v2\/media\/6570"}],"wp:attachment":[{"href":"https:\/\/miamedic.lt\/en\/wp-json\/wp\/v2\/media?parent=6569"}],"wp:term":[{"taxonomy":"product_cat","embeddable":true,"href":"https:\/\/miamedic.lt\/en\/wp-json\/wp\/v2\/product_cat?post=6569"},{"taxonomy":"product_tag","embeddable":true,"href":"https:\/\/miamedic.lt\/en\/wp-json\/wp\/v2\/product_tag?post=6569"}],"curies":[{"name":"wp","href":"https:\/\/api.w.org\/{rel}","templated":true}]}}