{"id":6564,"date":"2025-04-28T08:09:34","date_gmt":"2025-04-28T08:09:34","guid":{"rendered":"https:\/\/miamedic.lt\/?post_type=product&#038;p=6564"},"modified":"2025-12-01T00:29:40","modified_gmt":"2025-12-01T00:29:40","slug":"bio-matrix-collagen-kit","status":"publish","type":"product","link":"https:\/\/miamedic.lt\/en\/shop\/bio-matrix-collagen-kit\/","title":{"rendered":"Bio Matrix Collagen Kit"},"content":{"rendered":"<p class=\"\" data-start=\"0\" data-end=\"116\"><strong data-start=\"0\" data-end=\"116\">OxygenCeuticals Bio Matrix Collagen Kit \u2013 intensyvaus atstatymo rinkinys odos stangrumui ir elastingumui didinti<\/strong><\/p>\n<p class=\"\" data-start=\"118\" data-end=\"447\">OxygenCeuticals Bio Matrix Collagen Kit \u2013 tai profesionalus rinkinys, skirtas giliai atkurti odos strukt\u016br\u0105, didinti stangrum\u0105 ir kovoti su sen\u0117jimo po\u017eymiais. \u0160is derinys, praturtintas grynu kolagenu ir veikliosiomis med\u017eiagomis, padeda sustiprinti odos tank\u012f, pagerinti jos elastingum\u0105 ir suteikti sveik\u0105, jaunatvi\u0161k\u0105 i\u0161vaizd\u0105. Rinkin\u012f sudaro 6 doz\u0117s.<\/p>\n<p class=\"\" data-start=\"449\" data-end=\"462\"><strong data-start=\"449\" data-end=\"462\">Effect:<\/strong><\/p>\n<ul data-start=\"463\" data-end=\"697\">\n<li class=\"\" data-start=\"463\" data-end=\"510\">\n<p class=\"\" data-start=\"465\" data-end=\"510\">Stiprina odos strukt\u016br\u0105 ir didina stangrum\u0105<\/p>\n<\/li>\n<li class=\"\" data-start=\"511\" data-end=\"557\">\n<p class=\"\" data-start=\"513\" data-end=\"557\">Skatina odos regeneracij\u0105 ir atsinaujinim\u0105<\/p>\n<\/li>\n<li class=\"\" data-start=\"558\" data-end=\"604\">\n<p class=\"\" data-start=\"560\" data-end=\"604\">Gerina odos elastingum\u0105 ir lygina rauk\u0161les<\/p>\n<\/li>\n<li class=\"\" data-start=\"605\" data-end=\"657\">\n<p class=\"\" data-start=\"607\" data-end=\"657\">Giliai dr\u0117kina ir apsaugo od\u0105 nuo dehidratacijos<\/p>\n<\/li>\n<li class=\"\" data-start=\"658\" data-end=\"697\">\n<p class=\"\" data-start=\"660\" data-end=\"697\">Suteikia odai \u0161vyt\u0117jimo ir sveikumo<\/p>\n<\/li>\n<\/ul>\n<p class=\"\" data-start=\"699\" data-end=\"714\"><strong data-start=\"699\" data-end=\"714\">Usage:<\/strong><\/p>\n<ul data-start=\"715\" data-end=\"924\">\n<li class=\"\" data-start=\"715\" data-end=\"789\">\n<p class=\"\" data-start=\"717\" data-end=\"789\">Naudokite pagal rinkinio instrukcij\u0105, da\u017eniausiai kaip proced\u016br\u0173 kurs\u0105<\/p>\n<\/li>\n<li class=\"\" data-start=\"790\" data-end=\"860\">\n<p class=\"\" data-start=\"792\" data-end=\"860\">Ant \u0161varios odos paskirstykite veikli\u0105sias ampules ir (ar) serumus<\/p>\n<\/li>\n<li class=\"\" data-start=\"861\" data-end=\"924\">\n<p class=\"\" data-start=\"863\" data-end=\"924\">U\u017ebaikite proced\u016br\u0105 dr\u0117kinan\u010diu kremu ar apsaugine priemone<\/p>\n<\/li>\n<\/ul>\n<p class=\"\" data-start=\"926\" data-end=\"944\"><strong data-start=\"926\" data-end=\"944\">Suitable for use:<\/strong><\/p>\n<ul data-start=\"945\" data-end=\"1092\">\n<li class=\"\" data-start=\"945\" data-end=\"999\">\n<p class=\"\" data-start=\"947\" data-end=\"999\">Brand\u017eiai, pavargusiai, stangrum\u0105 praradusiai odai<\/p>\n<\/li>\n<li class=\"\" data-start=\"1000\" data-end=\"1092\">\n<p class=\"\" data-start=\"1002\" data-end=\"1092\">Idealiai tinka proced\u016br\u0173 kabinetuose arba kaip intensyvi odos atstatymo programa namuos<\/p>\n<\/li>\n<\/ul>","protected":false},"excerpt":{"rendered":"<p>Intensyvaus atstatymo rinkinys odos stangrumui ir elastingumui didinti<\/p>","protected":false},"featured_media":6565,"comment_status":"open","ping_status":"closed","template":"","meta":[],"product_cat":[200,188],"product_tag":[],"class_list":{"0":"post-6564","1":"product","2":"type-product","3":"status-publish","4":"has-post-thumbnail","6":"product_cat-dovanos","7":"product_cat-rinkiniai","8":"pa_brands-oxygenceuticals","10":"first","11":"instock","12":"taxable","13":"shipping-taxable","14":"purchasable","15":"product-type-simple"},"_links":{"self":[{"href":"https:\/\/miamedic.lt\/en\/wp-json\/wp\/v2\/product\/6564","targetHints":{"allow":["GET"]}}],"collection":[{"href":"https:\/\/miamedic.lt\/en\/wp-json\/wp\/v2\/product"}],"about":[{"href":"https:\/\/miamedic.lt\/en\/wp-json\/wp\/v2\/types\/product"}],"replies":[{"embeddable":true,"href":"https:\/\/miamedic.lt\/en\/wp-json\/wp\/v2\/comments?post=6564"}],"version-history":[{"count":2,"href":"https:\/\/miamedic.lt\/en\/wp-json\/wp\/v2\/product\/6564\/revisions"}],"predecessor-version":[{"id":12499,"href":"https:\/\/miamedic.lt\/en\/wp-json\/wp\/v2\/product\/6564\/revisions\/12499"}],"wp:featuredmedia":[{"embeddable":true,"href":"https:\/\/miamedic.lt\/en\/wp-json\/wp\/v2\/media\/6565"}],"wp:attachment":[{"href":"https:\/\/miamedic.lt\/en\/wp-json\/wp\/v2\/media?parent=6564"}],"wp:term":[{"taxonomy":"product_cat","embeddable":true,"href":"https:\/\/miamedic.lt\/en\/wp-json\/wp\/v2\/product_cat?post=6564"},{"taxonomy":"product_tag","embeddable":true,"href":"https:\/\/miamedic.lt\/en\/wp-json\/wp\/v2\/product_tag?post=6564"}],"curies":[{"name":"wp","href":"https:\/\/api.w.org\/{rel}","templated":true}]}}