{"id":6561,"date":"2025-04-28T08:01:15","date_gmt":"2025-04-28T08:01:15","guid":{"rendered":"https:\/\/miamedic.lt\/?post_type=product&#038;p=6561"},"modified":"2025-12-01T00:29:40","modified_gmt":"2025-12-01T00:29:40","slug":"soothing-aloe-vera-gel","status":"publish","type":"product","link":"https:\/\/miamedic.lt\/en\/shop\/soothing-aloe-vera-gel\/","title":{"rendered":"Soothing Aloe Vera Gel"},"content":{"rendered":"<p class=\"\" data-start=\"0\" data-end=\"107\"><strong data-start=\"0\" data-end=\"107\">OxygenCeuticals Redness Soothing Aloe Vera Gel \u2013 raminamasis alavij\u0173 gelis jautriai ir sudirgusiai odai<\/strong><\/p>\n<p class=\"\" data-start=\"109\" data-end=\"361\">OxygenCeuticals Redness Soothing Aloe Vera Gel \u2013 tai gaivinantis, lengvos tekst\u016bros gelis, sukurtas specialiai paraudusiai, sudirgusiai ar jautriai odai. Jo \u0161velni formul\u0117 efektyviai ramina, dr\u0117kina, ma\u017eina paraudim\u0105 ir palaiko nat\u016bral\u0173 odos atsparum\u0105.<\/p>\n<p class=\"\" data-start=\"363\" data-end=\"376\"><strong data-start=\"363\" data-end=\"376\">Effect:<\/strong><\/p>\n<ul data-start=\"377\" data-end=\"581\">\n<li class=\"\" data-start=\"377\" data-end=\"416\">\n<p class=\"\" data-start=\"379\" data-end=\"416\">Ramina sudirgusi\u0105 ir paraudusi\u0105 od\u0105<\/p>\n<\/li>\n<li class=\"\" data-start=\"417\" data-end=\"451\">\n<p class=\"\" data-start=\"419\" data-end=\"451\">Intensyviai dr\u0117kina ir gaivina<\/p>\n<\/li>\n<li class=\"\" data-start=\"452\" data-end=\"496\">\n<p class=\"\" data-start=\"454\" data-end=\"496\">Stiprina nat\u016bral\u0173 odos apsaugin\u012f barjer\u0105<\/p>\n<\/li>\n<li class=\"\" data-start=\"497\" data-end=\"540\">\n<p class=\"\" data-start=\"499\" data-end=\"540\">Suteikia v\u0117sinant\u012f ir gaivinant\u012f efekt\u0105<\/p>\n<\/li>\n<li class=\"\" data-start=\"541\" data-end=\"581\">\n<p class=\"\" data-start=\"543\" data-end=\"581\">Skatina odos atsistatym\u0105 ir komfort\u0105<\/p>\n<\/li>\n<\/ul>\n<p class=\"\" data-start=\"583\" data-end=\"598\"><strong data-start=\"583\" data-end=\"598\">Usage:<\/strong><\/p>\n<ul data-start=\"599\" data-end=\"774\">\n<li class=\"\" data-start=\"599\" data-end=\"655\">\n<p class=\"\" data-start=\"601\" data-end=\"655\">Tepkite ant \u0161varios veido ar k\u016bno odos pagal poreik\u012f<\/p>\n<\/li>\n<li class=\"\" data-start=\"656\" data-end=\"703\">\n<p class=\"\" data-start=\"658\" data-end=\"703\">\u0160velniai paskirstykite ir palikite \u012fsigerti<\/p>\n<\/li>\n<li class=\"\" data-start=\"704\" data-end=\"774\">\n<p class=\"\" data-start=\"706\" data-end=\"774\">Galima naudoti po saul\u0117s voni\u0173, proced\u016br\u0173 ar esant odos sudirgimui<\/p>\n<\/li>\n<\/ul>\n<p class=\"\" data-start=\"776\" data-end=\"794\"><strong data-start=\"776\" data-end=\"794\">Suitable for use:<\/strong><\/p>\n<ul data-start=\"795\" data-end=\"936\">\n<li class=\"\" data-start=\"795\" data-end=\"864\">\n<p class=\"\" data-start=\"797\" data-end=\"864\">Vis\u0173 tip\u0173 odai, ypa\u010d jautriai, sudirgusiai ar po saul\u0117s pa\u017eeidim\u0173<\/p>\n<\/li>\n<li class=\"\" data-start=\"865\" data-end=\"936\">\n<p class=\"\" data-start=\"867\" data-end=\"936\">Tinka kasdieniam naudojimui arba kaip intensyvi raminamoji priemon\u0117<\/p>\n<\/li>\n<\/ul>","protected":false},"excerpt":{"rendered":"<p>Raminamasis alavij\u0173 gelis jautriai ir sudirgusiai odai<\/p>","protected":false},"featured_media":6562,"comment_status":"open","ping_status":"closed","template":"","meta":[],"product_cat":[113,129],"product_tag":[],"class_list":{"0":"post-6561","1":"product","2":"type-product","3":"status-publish","4":"has-post-thumbnail","6":"product_cat-kuno-kremas","7":"product_cat-veido-kremai","8":"pa_brands-oxygenceuticals","9":"pa_talpa-150ml","11":"first","12":"instock","13":"taxable","14":"shipping-taxable","15":"purchasable","16":"product-type-simple"},"_links":{"self":[{"href":"https:\/\/miamedic.lt\/en\/wp-json\/wp\/v2\/product\/6561","targetHints":{"allow":["GET"]}}],"collection":[{"href":"https:\/\/miamedic.lt\/en\/wp-json\/wp\/v2\/product"}],"about":[{"href":"https:\/\/miamedic.lt\/en\/wp-json\/wp\/v2\/types\/product"}],"replies":[{"embeddable":true,"href":"https:\/\/miamedic.lt\/en\/wp-json\/wp\/v2\/comments?post=6561"}],"version-history":[{"count":2,"href":"https:\/\/miamedic.lt\/en\/wp-json\/wp\/v2\/product\/6561\/revisions"}],"predecessor-version":[{"id":12500,"href":"https:\/\/miamedic.lt\/en\/wp-json\/wp\/v2\/product\/6561\/revisions\/12500"}],"wp:featuredmedia":[{"embeddable":true,"href":"https:\/\/miamedic.lt\/en\/wp-json\/wp\/v2\/media\/6562"}],"wp:attachment":[{"href":"https:\/\/miamedic.lt\/en\/wp-json\/wp\/v2\/media?parent=6561"}],"wp:term":[{"taxonomy":"product_cat","embeddable":true,"href":"https:\/\/miamedic.lt\/en\/wp-json\/wp\/v2\/product_cat?post=6561"},{"taxonomy":"product_tag","embeddable":true,"href":"https:\/\/miamedic.lt\/en\/wp-json\/wp\/v2\/product_tag?post=6561"}],"curies":[{"name":"wp","href":"https:\/\/api.w.org\/{rel}","templated":true}]}}