{"id":6557,"date":"2025-04-28T07:54:09","date_gmt":"2025-04-28T07:54:09","guid":{"rendered":"https:\/\/miamedic.lt\/?post_type=product&#038;p=6557"},"modified":"2025-12-01T00:29:40","modified_gmt":"2025-12-01T00:29:40","slug":"regenon-cream","status":"publish","type":"product","link":"https:\/\/miamedic.lt\/en\/shop\/regenon-cream\/","title":{"rendered":"Regenon Cream"},"content":{"rendered":"<p class=\"\" data-start=\"0\" data-end=\"89\"><strong data-start=\"0\" data-end=\"89\">OxygenCeuticals Regenon Cream \u2013 regeneruojantis kremas odos atstatymui ir stiprinimui<\/strong><\/p>\n<p class=\"\" data-start=\"91\" data-end=\"363\">OxygenCeuticals Regenon Cream \u2013 tai intensyvaus poveikio kremas, skirtas pa\u017eeistos, jautrios ar po proced\u016br\u0173 odos regeneracijai. Jo veiksminga formul\u0117 padeda atkurti apsaugin\u012f odos barjer\u0105, ma\u017eina sudirgim\u0105, skatina gijimo procesus ir suteikia odai sveik\u0105, rami\u0105 i\u0161vaizd\u0105.<\/p>\n<p class=\"\" data-start=\"365\" data-end=\"378\"><strong data-start=\"365\" data-end=\"378\">Effect:<\/strong><\/p>\n<ul data-start=\"379\" data-end=\"600\">\n<li class=\"\" data-start=\"379\" data-end=\"425\">\n<p class=\"\" data-start=\"381\" data-end=\"425\">Skatina odos regeneracij\u0105 ir atsinaujinim\u0105<\/p>\n<\/li>\n<li class=\"\" data-start=\"426\" data-end=\"461\">\n<p class=\"\" data-start=\"428\" data-end=\"461\">Stiprina odos apsaugin\u012f barjer\u0105<\/p>\n<\/li>\n<li class=\"\" data-start=\"462\" data-end=\"501\">\n<p class=\"\" data-start=\"464\" data-end=\"501\">Ramina sudirgusi\u0105 ir paraudusi\u0105 od\u0105<\/p>\n<\/li>\n<li class=\"\" data-start=\"502\" data-end=\"542\">\n<p class=\"\" data-start=\"504\" data-end=\"542\">Intensyviai dr\u0117kina ir mink\u0161tina od\u0105<\/p>\n<\/li>\n<li class=\"\" data-start=\"543\" data-end=\"600\">\n<p class=\"\" data-start=\"545\" data-end=\"600\">Padeda grei\u010diau atkurti od\u0105 po proced\u016br\u0173 ar pa\u017eeidim\u0173<\/p>\n<\/li>\n<\/ul>\n<p class=\"\" data-start=\"602\" data-end=\"617\"><strong data-start=\"602\" data-end=\"617\">Usage:<\/strong><\/p>\n<ul data-start=\"618\" data-end=\"784\">\n<li class=\"\" data-start=\"618\" data-end=\"661\">\n<p class=\"\" data-start=\"620\" data-end=\"661\">Tepkite ant \u0161varios odos ryte ir vakare<\/p>\n<\/li>\n<li class=\"\" data-start=\"662\" data-end=\"726\">\n<p class=\"\" data-start=\"664\" data-end=\"726\">\u0160velniai paskirstykite ir \u012fmasa\u017euokite iki visi\u0161ko \u012fsig\u0117rimo<\/p>\n<\/li>\n<li class=\"\" data-start=\"727\" data-end=\"784\">\n<p class=\"\" data-start=\"729\" data-end=\"784\">Galima naudoti kaip paskutin\u012f odos prie\u017ei\u016bros \u017eingsn\u012f<\/p>\n<\/li>\n<\/ul>\n<p class=\"\" data-start=\"786\" data-end=\"804\"><strong data-start=\"786\" data-end=\"804\">Suitable for use:<\/strong><\/p>\n<ul data-start=\"805\" data-end=\"957\">\n<li class=\"\" data-start=\"805\" data-end=\"880\">\n<p class=\"\" data-start=\"807\" data-end=\"880\">Vis\u0173 tip\u0173 odai, ypa\u010d jautriai, pa\u017eeistai ar po dermatologini\u0173 proced\u016br\u0173<\/p>\n<\/li>\n<li class=\"\" data-start=\"881\" data-end=\"957\">\n<p class=\"\" data-start=\"883\" data-end=\"957\">Puikiai tinka tiek kasdienei prie\u017ei\u016brai, tiek intensyviam odos atk\u016brimui<\/p>\n<\/li>\n<\/ul>","protected":false},"excerpt":{"rendered":"<p>Regeneruojantis kremas odos atstatymui ir stiprinimui<\/p>","protected":false},"featured_media":6558,"comment_status":"open","ping_status":"closed","template":"","meta":[],"product_cat":[129],"product_tag":[],"class_list":{"0":"post-6557","1":"product","2":"type-product","3":"status-publish","4":"has-post-thumbnail","6":"product_cat-veido-kremai","7":"pa_brands-oxygenceuticals","8":"pa_talpa-50ml-2","10":"first","11":"instock","12":"taxable","13":"shipping-taxable","14":"purchasable","15":"product-type-simple"},"_links":{"self":[{"href":"https:\/\/miamedic.lt\/en\/wp-json\/wp\/v2\/product\/6557","targetHints":{"allow":["GET"]}}],"collection":[{"href":"https:\/\/miamedic.lt\/en\/wp-json\/wp\/v2\/product"}],"about":[{"href":"https:\/\/miamedic.lt\/en\/wp-json\/wp\/v2\/types\/product"}],"replies":[{"embeddable":true,"href":"https:\/\/miamedic.lt\/en\/wp-json\/wp\/v2\/comments?post=6557"}],"version-history":[{"count":3,"href":"https:\/\/miamedic.lt\/en\/wp-json\/wp\/v2\/product\/6557\/revisions"}],"predecessor-version":[{"id":12501,"href":"https:\/\/miamedic.lt\/en\/wp-json\/wp\/v2\/product\/6557\/revisions\/12501"}],"wp:featuredmedia":[{"embeddable":true,"href":"https:\/\/miamedic.lt\/en\/wp-json\/wp\/v2\/media\/6558"}],"wp:attachment":[{"href":"https:\/\/miamedic.lt\/en\/wp-json\/wp\/v2\/media?parent=6557"}],"wp:term":[{"taxonomy":"product_cat","embeddable":true,"href":"https:\/\/miamedic.lt\/en\/wp-json\/wp\/v2\/product_cat?post=6557"},{"taxonomy":"product_tag","embeddable":true,"href":"https:\/\/miamedic.lt\/en\/wp-json\/wp\/v2\/product_tag?post=6557"}],"curies":[{"name":"wp","href":"https:\/\/api.w.org\/{rel}","templated":true}]}}