{"id":6553,"date":"2025-04-28T07:49:07","date_gmt":"2025-04-28T07:49:07","guid":{"rendered":"https:\/\/miamedic.lt\/?post_type=product&#038;p=6553"},"modified":"2025-12-01T00:29:41","modified_gmt":"2025-12-01T00:29:41","slug":"skin-barrier-ato-cream","status":"publish","type":"product","link":"https:\/\/miamedic.lt\/en\/shop\/skin-barrier-ato-cream\/","title":{"rendered":"Skin Barrier Ato Cream"},"content":{"rendered":"<p class=\"\" data-start=\"0\" data-end=\"100\"><strong data-start=\"0\" data-end=\"100\">OxygenCeuticals Skin Barrier Ato Cream \u2013 kremas jautrios ir sausos odos apsaugai bei stiprinimui<\/strong><\/p>\n<p class=\"\" data-start=\"102\" data-end=\"381\">OxygenCeuticals Skin Barrier Ato Cream \u2013 tai intensyviai maitinantis kremas, skirtas sausai, jautriai ar atopinei odai pri\u017ei\u016br\u0117ti. \u0160velni formul\u0117 stiprina odos apsaugin\u012f barjer\u0105, ramina sudirgimus, ma\u017eina sausumo poj\u016bt\u012f ir ilgainiui padeda atkurti sveik\u0105 odos b\u016bkl\u0119 bei komfort\u0105.<\/p>\n<p class=\"\" data-start=\"383\" data-end=\"396\"><strong data-start=\"383\" data-end=\"396\">Effect:<\/strong><\/p>\n<ul data-start=\"397\" data-end=\"606\">\n<li class=\"\" data-start=\"397\" data-end=\"441\">\n<p class=\"\" data-start=\"399\" data-end=\"441\">Stiprina nat\u016bral\u0173 odos apsaugin\u012f barjer\u0105<\/p>\n<\/li>\n<li class=\"\" data-start=\"442\" data-end=\"480\">\n<p class=\"\" data-start=\"444\" data-end=\"480\">Intensyviai dr\u0117kina ir maitina od\u0105<\/p>\n<\/li>\n<li class=\"\" data-start=\"481\" data-end=\"515\">\n<p class=\"\" data-start=\"483\" data-end=\"515\">Ramina sudirgusi\u0105, jautri\u0105 od\u0105<\/p>\n<\/li>\n<li class=\"\" data-start=\"516\" data-end=\"569\">\n<p class=\"\" data-start=\"518\" data-end=\"569\">Ma\u017eina tempimo, nie\u017e\u0117jimo ir diskomforto poj\u016b\u010dius<\/p>\n<\/li>\n<li class=\"\" data-start=\"570\" data-end=\"606\">\n<p class=\"\" data-start=\"572\" data-end=\"606\">Saugo od\u0105 nuo i\u0161orini\u0173 dirgikli\u0173<\/p>\n<\/li>\n<\/ul>\n<p class=\"\" data-start=\"608\" data-end=\"623\"><strong data-start=\"608\" data-end=\"623\">Usage:<\/strong><\/p>\n<ul data-start=\"624\" data-end=\"795\">\n<li class=\"\" data-start=\"624\" data-end=\"681\">\n<p class=\"\" data-start=\"626\" data-end=\"681\">Tepkite ant \u0161varios veido ar k\u016bno odos ryte ir vakare<\/p>\n<\/li>\n<li class=\"\" data-start=\"682\" data-end=\"738\">\n<p class=\"\" data-start=\"684\" data-end=\"738\">\u0160velniai paskirstykite ir \u012fmasa\u017euokite, kol susigers<\/p>\n<\/li>\n<li class=\"\" data-start=\"739\" data-end=\"795\">\n<p class=\"\" data-start=\"741\" data-end=\"795\">Naudokite pagal poreik\u012f jautrioms ar sausoms vietoms<\/p>\n<\/li>\n<\/ul>\n<p class=\"\" data-start=\"797\" data-end=\"815\"><strong data-start=\"797\" data-end=\"815\">Suitable for use:<\/strong><\/p>\n<ul data-start=\"816\" data-end=\"948\">\n<li class=\"\" data-start=\"816\" data-end=\"874\">\n<p class=\"\" data-start=\"818\" data-end=\"874\">Vis\u0173 tip\u0173 odai, ypa\u010d sausai, jautriai ar atopinei odai<\/p>\n<\/li>\n<li class=\"\" data-start=\"875\" data-end=\"948\">\n<p class=\"\" data-start=\"877\" data-end=\"948\">Tinka naudoti kasdieninei prie\u017ei\u016brai arba po odos dirginimo proced\u016br\u0173<\/p>\n<\/li>\n<\/ul>","protected":false},"excerpt":{"rendered":"<p>Kremas jautrios ir sausos odos apsaugai bei stiprinimui<\/p>","protected":false},"featured_media":6554,"comment_status":"open","ping_status":"closed","template":"","meta":[],"product_cat":[129],"product_tag":[],"class_list":{"0":"post-6553","1":"product","2":"type-product","3":"status-publish","4":"has-post-thumbnail","6":"product_cat-veido-kremai","7":"pa_brands-oxygenceuticals","8":"pa_talpa-20ml","10":"first","11":"instock","12":"taxable","13":"shipping-taxable","14":"purchasable","15":"product-type-simple"},"_links":{"self":[{"href":"https:\/\/miamedic.lt\/en\/wp-json\/wp\/v2\/product\/6553","targetHints":{"allow":["GET"]}}],"collection":[{"href":"https:\/\/miamedic.lt\/en\/wp-json\/wp\/v2\/product"}],"about":[{"href":"https:\/\/miamedic.lt\/en\/wp-json\/wp\/v2\/types\/product"}],"replies":[{"embeddable":true,"href":"https:\/\/miamedic.lt\/en\/wp-json\/wp\/v2\/comments?post=6553"}],"version-history":[{"count":2,"href":"https:\/\/miamedic.lt\/en\/wp-json\/wp\/v2\/product\/6553\/revisions"}],"predecessor-version":[{"id":12502,"href":"https:\/\/miamedic.lt\/en\/wp-json\/wp\/v2\/product\/6553\/revisions\/12502"}],"wp:featuredmedia":[{"embeddable":true,"href":"https:\/\/miamedic.lt\/en\/wp-json\/wp\/v2\/media\/6554"}],"wp:attachment":[{"href":"https:\/\/miamedic.lt\/en\/wp-json\/wp\/v2\/media?parent=6553"}],"wp:term":[{"taxonomy":"product_cat","embeddable":true,"href":"https:\/\/miamedic.lt\/en\/wp-json\/wp\/v2\/product_cat?post=6553"},{"taxonomy":"product_tag","embeddable":true,"href":"https:\/\/miamedic.lt\/en\/wp-json\/wp\/v2\/product_tag?post=6553"}],"curies":[{"name":"wp","href":"https:\/\/api.w.org\/{rel}","templated":true}]}}