{"id":6550,"date":"2025-04-28T07:44:05","date_gmt":"2025-04-28T07:44:05","guid":{"rendered":"https:\/\/miamedic.lt\/?post_type=product&#038;p=6550"},"modified":"2025-12-01T00:29:41","modified_gmt":"2025-12-01T00:29:41","slug":"age-defying-caviar-cream","status":"publish","type":"product","link":"https:\/\/miamedic.lt\/en\/shop\/age-defying-caviar-cream\/","title":{"rendered":"Age-Defying Caviar Cream"},"content":{"rendered":"<p class=\"\" data-start=\"0\" data-end=\"112\"><strong data-start=\"0\" data-end=\"112\">OxygenCeuticals Age-Defying Caviar Cream \u2013 prabangus kremas brand\u017eios odos stangrumui ir jaunystei i\u0161saugoti<\/strong><\/p>\n<p class=\"\" data-start=\"114\" data-end=\"395\">OxygenCeuticals Age-Defying Caviar Cream \u2013 tai intensyviai atstatantis kremas su ikr\u0173 ekstraktu, sukurtas kovoti su odos sen\u0117jimo po\u017eymiais. \u0160i prabangi formul\u0117 maitina, stiprina od\u0105, gerina jos elastingum\u0105, skatina regeneracij\u0105 ir suteikia odai \u0161vyt\u0117jim\u0105 bei jaunatvi\u0161k\u0105 i\u0161vaizd\u0105.<\/p>\n<p class=\"\" data-start=\"397\" data-end=\"410\"><strong data-start=\"397\" data-end=\"410\">Effect:<\/strong><\/p>\n<ul data-start=\"411\" data-end=\"628\">\n<li class=\"\" data-start=\"411\" data-end=\"458\">\n<p class=\"\" data-start=\"413\" data-end=\"458\">Ma\u017eina rauk\u0161les ir l\u0117tina sen\u0117jimo po\u017eymius<\/p>\n<\/li>\n<li class=\"\" data-start=\"459\" data-end=\"499\">\n<p class=\"\" data-start=\"461\" data-end=\"499\">Gerina odos stangrum\u0105 ir elastingum\u0105<\/p>\n<\/li>\n<li class=\"\" data-start=\"500\" data-end=\"538\">\n<p class=\"\" data-start=\"502\" data-end=\"538\">Maitina ir stiprina odos strukt\u016br\u0105<\/p>\n<\/li>\n<li class=\"\" data-start=\"539\" data-end=\"585\">\n<p class=\"\" data-start=\"541\" data-end=\"585\">Skatina odos regeneracij\u0105 ir atsinaujinim\u0105<\/p>\n<\/li>\n<li class=\"\" data-start=\"586\" data-end=\"628\">\n<p class=\"\" data-start=\"588\" data-end=\"628\">Suteikia odai \u0161vyt\u0117jimo ir gyvybingumo<\/p>\n<\/li>\n<\/ul>\n<p class=\"\" data-start=\"630\" data-end=\"645\"><strong data-start=\"630\" data-end=\"645\">Usage:<\/strong><\/p>\n<ul data-start=\"646\" data-end=\"777\">\n<li class=\"\" data-start=\"646\" data-end=\"689\">\n<p class=\"\" data-start=\"648\" data-end=\"689\">Tepkite ant \u0161varios odos ryte ir vakare<\/p>\n<\/li>\n<li class=\"\" data-start=\"690\" data-end=\"723\">\n<p class=\"\" data-start=\"692\" data-end=\"723\">Naudokite po toniko ir serumo<\/p>\n<\/li>\n<li class=\"\" data-start=\"724\" data-end=\"777\">\n<p class=\"\" data-start=\"726\" data-end=\"777\">\u0160velniai \u012fmasa\u017euokite \u012f od\u0105 iki visi\u0161ko \u012fsig\u0117rimo<\/p>\n<\/li>\n<\/ul>\n<p class=\"\" data-start=\"779\" data-end=\"797\"><strong data-start=\"779\" data-end=\"797\">Suitable for use:<\/strong><\/p>\n<ul data-start=\"798\" data-end=\"928\">\n<li class=\"\" data-start=\"798\" data-end=\"854\">\n<p class=\"\" data-start=\"800\" data-end=\"854\">Brand\u017eiai, pavargusiai ar stangrum\u0105 praradusiai odai<\/p>\n<\/li>\n<li class=\"\" data-start=\"855\" data-end=\"928\">\n<p class=\"\" data-start=\"857\" data-end=\"928\">Idealiai tinka kaip intensyvi prie\u0161rauk\u0161lin\u0117 ir maitinamoji prie\u017ei\u016bra<\/p>\n<\/li>\n<\/ul>","protected":false},"excerpt":{"rendered":"<p>Kremas brand\u017eios odos stangrumui ir jaunystei i\u0161saugoti<\/p>","protected":false},"featured_media":6551,"comment_status":"open","ping_status":"closed","template":"","meta":[],"product_cat":[129],"product_tag":[],"class_list":{"0":"post-6550","1":"product","2":"type-product","3":"status-publish","4":"has-post-thumbnail","6":"product_cat-veido-kremai","7":"pa_brands-oxygenceuticals","8":"pa_talpa-50ml-2","10":"first","11":"instock","12":"taxable","13":"shipping-taxable","14":"purchasable","15":"product-type-simple"},"_links":{"self":[{"href":"https:\/\/miamedic.lt\/en\/wp-json\/wp\/v2\/product\/6550","targetHints":{"allow":["GET"]}}],"collection":[{"href":"https:\/\/miamedic.lt\/en\/wp-json\/wp\/v2\/product"}],"about":[{"href":"https:\/\/miamedic.lt\/en\/wp-json\/wp\/v2\/types\/product"}],"replies":[{"embeddable":true,"href":"https:\/\/miamedic.lt\/en\/wp-json\/wp\/v2\/comments?post=6550"}],"version-history":[{"count":3,"href":"https:\/\/miamedic.lt\/en\/wp-json\/wp\/v2\/product\/6550\/revisions"}],"predecessor-version":[{"id":12504,"href":"https:\/\/miamedic.lt\/en\/wp-json\/wp\/v2\/product\/6550\/revisions\/12504"}],"wp:featuredmedia":[{"embeddable":true,"href":"https:\/\/miamedic.lt\/en\/wp-json\/wp\/v2\/media\/6551"}],"wp:attachment":[{"href":"https:\/\/miamedic.lt\/en\/wp-json\/wp\/v2\/media?parent=6550"}],"wp:term":[{"taxonomy":"product_cat","embeddable":true,"href":"https:\/\/miamedic.lt\/en\/wp-json\/wp\/v2\/product_cat?post=6550"},{"taxonomy":"product_tag","embeddable":true,"href":"https:\/\/miamedic.lt\/en\/wp-json\/wp\/v2\/product_tag?post=6550"}],"curies":[{"name":"wp","href":"https:\/\/api.w.org\/{rel}","templated":true}]}}