{"id":6547,"date":"2025-04-28T07:35:02","date_gmt":"2025-04-28T07:35:02","guid":{"rendered":"https:\/\/miamedic.lt\/?post_type=product&#038;p=6547"},"modified":"2025-12-01T00:29:41","modified_gmt":"2025-12-01T00:29:41","slug":"anti-oxidant-cream","status":"publish","type":"product","link":"https:\/\/miamedic.lt\/en\/shop\/anti-oxidant-cream\/","title":{"rendered":"Anti-Oxidant Cream"},"content":{"rendered":"<p class=\"\" data-start=\"0\" data-end=\"105\"><strong data-start=\"0\" data-end=\"105\">OxygenCeuticals Anti-Oxidant Cream \u2013 apsauginis kremas su antioksidantais odos sveikatai ir jaunystei<\/strong><\/p>\n<p class=\"\" data-start=\"107\" data-end=\"399\">OxygenCeuticals Anti-Oxidant Cream \u2013 tai kremas, praturtintas galingais antioksidantais, padedantis apsaugoti od\u0105 nuo laisv\u0173j\u0173 radikal\u0173 ir aplinkos \u017ealos. \u0160i priemon\u0117 stiprina odos atsparum\u0105, l\u0117tina sen\u0117jimo po\u017eymi\u0173 atsiradim\u0105, gerina odos elastingum\u0105 bei suteikia jai \u0161vyt\u0117jimo ir energijos.<\/p>\n<p class=\"\" data-start=\"401\" data-end=\"414\"><strong data-start=\"401\" data-end=\"414\">Effect:<\/strong><\/p>\n<ul data-start=\"415\" data-end=\"621\">\n<li class=\"\" data-start=\"415\" data-end=\"474\">\n<p class=\"\" data-start=\"417\" data-end=\"474\">Apsaugo od\u0105 nuo oksidacinio streso ir laisv\u0173j\u0173 radikal\u0173<\/p>\n<\/li>\n<li class=\"\" data-start=\"475\" data-end=\"513\">\n<p class=\"\" data-start=\"477\" data-end=\"513\">L\u0117tina sen\u0117jimo po\u017eymi\u0173 atsiradim\u0105<\/p>\n<\/li>\n<li class=\"\" data-start=\"514\" data-end=\"551\">\n<p class=\"\" data-start=\"516\" data-end=\"551\">Gerina odos elastingum\u0105 ir tonus\u0105<\/p>\n<\/li>\n<li class=\"\" data-start=\"552\" data-end=\"585\">\n<p class=\"\" data-start=\"554\" data-end=\"585\">Skatina sveik\u0105 odos \u0161vyt\u0117jim\u0105<\/p>\n<\/li>\n<li class=\"\" data-start=\"586\" data-end=\"621\">\n<p class=\"\" data-start=\"588\" data-end=\"621\">Stiprina nat\u016brali\u0105 odos apsaug\u0105<\/p>\n<\/li>\n<\/ul>\n<p class=\"\" data-start=\"623\" data-end=\"638\"><strong data-start=\"623\" data-end=\"638\">Usage:<\/strong><\/p>\n<ul data-start=\"639\" data-end=\"779\">\n<li class=\"\" data-start=\"639\" data-end=\"689\">\n<p class=\"\" data-start=\"641\" data-end=\"689\">Tepkite ant \u0161varios odos ryte ir (arba) vakare<\/p>\n<\/li>\n<li class=\"\" data-start=\"690\" data-end=\"731\">\n<p class=\"\" data-start=\"692\" data-end=\"731\">Naudokite po toniko, serumo ar fluido<\/p>\n<\/li>\n<li class=\"\" data-start=\"732\" data-end=\"779\">\n<p class=\"\" data-start=\"734\" data-end=\"779\">\u0160velniai \u012fmasa\u017euokite iki visi\u0161ko \u012fsig\u0117rimo<\/p>\n<\/li>\n<\/ul>\n<p class=\"\" data-start=\"781\" data-end=\"799\"><strong data-start=\"781\" data-end=\"799\">Suitable for use:<\/strong><\/p>\n<ul data-start=\"800\" data-end=\"949\">\n<li class=\"\" data-start=\"800\" data-end=\"881\">\n<p class=\"\" data-start=\"802\" data-end=\"881\">Vis\u0173 tip\u0173 odai, ypa\u010d miesto aplinkos veikiamai, brand\u017eiai ar pavargusiai odai<\/p>\n<\/li>\n<li class=\"\" data-start=\"882\" data-end=\"949\">\n<p class=\"\" data-start=\"884\" data-end=\"949\">Idealu naudoti kaip kasdien\u0119 apsaugin\u0119 ir stiprinan\u010di\u0105 priemon\u0119<\/p>\n<\/li>\n<\/ul>","protected":false},"excerpt":{"rendered":"<p>Apsauginis kremas su antioksidantais odos sveikatai ir jaunystei<\/p>","protected":false},"featured_media":6548,"comment_status":"open","ping_status":"closed","template":"","meta":[],"product_cat":[129],"product_tag":[],"class_list":{"0":"post-6547","1":"product","2":"type-product","3":"status-publish","4":"has-post-thumbnail","6":"product_cat-veido-kremai","7":"pa_brands-oxygenceuticals","8":"pa_talpa-50ml-2","10":"first","11":"instock","12":"taxable","13":"shipping-taxable","14":"purchasable","15":"product-type-simple"},"_links":{"self":[{"href":"https:\/\/miamedic.lt\/en\/wp-json\/wp\/v2\/product\/6547","targetHints":{"allow":["GET"]}}],"collection":[{"href":"https:\/\/miamedic.lt\/en\/wp-json\/wp\/v2\/product"}],"about":[{"href":"https:\/\/miamedic.lt\/en\/wp-json\/wp\/v2\/types\/product"}],"replies":[{"embeddable":true,"href":"https:\/\/miamedic.lt\/en\/wp-json\/wp\/v2\/comments?post=6547"}],"version-history":[{"count":2,"href":"https:\/\/miamedic.lt\/en\/wp-json\/wp\/v2\/product\/6547\/revisions"}],"predecessor-version":[{"id":12505,"href":"https:\/\/miamedic.lt\/en\/wp-json\/wp\/v2\/product\/6547\/revisions\/12505"}],"wp:featuredmedia":[{"embeddable":true,"href":"https:\/\/miamedic.lt\/en\/wp-json\/wp\/v2\/media\/6548"}],"wp:attachment":[{"href":"https:\/\/miamedic.lt\/en\/wp-json\/wp\/v2\/media?parent=6547"}],"wp:term":[{"taxonomy":"product_cat","embeddable":true,"href":"https:\/\/miamedic.lt\/en\/wp-json\/wp\/v2\/product_cat?post=6547"},{"taxonomy":"product_tag","embeddable":true,"href":"https:\/\/miamedic.lt\/en\/wp-json\/wp\/v2\/product_tag?post=6547"}],"curies":[{"name":"wp","href":"https:\/\/api.w.org\/{rel}","templated":true}]}}