{"id":6544,"date":"2025-04-28T07:32:11","date_gmt":"2025-04-28T07:32:11","guid":{"rendered":"https:\/\/miamedic.lt\/?post_type=product&#038;p=6544"},"modified":"2025-12-01T00:29:41","modified_gmt":"2025-12-01T00:29:41","slug":"hydrating-cream","status":"publish","type":"product","link":"https:\/\/miamedic.lt\/en\/shop\/hydrating-cream\/","title":{"rendered":"Hydrating Cream"},"content":{"rendered":"<p class=\"\" data-start=\"0\" data-end=\"90\"><strong data-start=\"0\" data-end=\"90\">OxygenCeuticals Hydrating Cream \u2013 intensyvus dr\u0117kinamasis kremas odos balansui atkurti<\/strong><\/p>\n<p class=\"\" data-start=\"92\" data-end=\"386\">OxygenCeuticals Hydrating Cream \u2013 tai turtingos, bet greitai \u012fsigerian\u010dios tekst\u016bros kremas, sukurtas intensyviai dr\u0117kinti od\u0105 ir atkurti nat\u016bral\u0173 jos dr\u0117gm\u0117s balans\u0105. \u0160i priemon\u0117 suteikia ilgalaik\u012f komforto jausm\u0105, padeda stiprinti apsaugin\u012f barjer\u0105 ir pagerina odos elastingum\u0105 bei mink\u0161tum\u0105.<\/p>\n<p class=\"\" data-start=\"388\" data-end=\"401\"><strong data-start=\"388\" data-end=\"401\">Effect:<\/strong><\/p>\n<ul data-start=\"402\" data-end=\"611\">\n<li class=\"\" data-start=\"402\" data-end=\"452\">\n<p class=\"\" data-start=\"404\" data-end=\"452\">Giliai dr\u0117kina ir palaiko odos dr\u0117gm\u0117s balans\u0105<\/p>\n<\/li>\n<li class=\"\" data-start=\"453\" data-end=\"488\">\n<p class=\"\" data-start=\"455\" data-end=\"488\">Stiprina apsaugin\u012f odos barjer\u0105<\/p>\n<\/li>\n<li class=\"\" data-start=\"489\" data-end=\"529\">\n<p class=\"\" data-start=\"491\" data-end=\"529\">Gerina odos elastingum\u0105 ir mink\u0161tum\u0105<\/p>\n<\/li>\n<li class=\"\" data-start=\"530\" data-end=\"571\">\n<p class=\"\" data-start=\"532\" data-end=\"571\">Ramina sudirgusi\u0105 ar i\u0161saus\u0117jusi\u0105 od\u0105<\/p>\n<\/li>\n<li class=\"\" data-start=\"572\" data-end=\"611\">\n<p class=\"\" data-start=\"574\" data-end=\"611\">Suteikia gaivumo ir komforto jausm\u0105<\/p>\n<\/li>\n<\/ul>\n<p class=\"\" data-start=\"613\" data-end=\"628\"><strong data-start=\"613\" data-end=\"628\">Usage:<\/strong><\/p>\n<ul data-start=\"629\" data-end=\"768\">\n<li class=\"\" data-start=\"629\" data-end=\"678\">\n<p class=\"\" data-start=\"631\" data-end=\"678\">Tepkite ant \u0161varios veido odos ryte ir vakare<\/p>\n<\/li>\n<li class=\"\" data-start=\"679\" data-end=\"720\">\n<p class=\"\" data-start=\"681\" data-end=\"720\">Naudokite po toniko, serumo ar fluido<\/p>\n<\/li>\n<li class=\"\" data-start=\"721\" data-end=\"768\">\n<p class=\"\" data-start=\"723\" data-end=\"768\">\u0160velniai \u012fmasa\u017euokite iki visi\u0161ko \u012fsig\u0117rimo<\/p>\n<\/li>\n<\/ul>\n<p class=\"\" data-start=\"770\" data-end=\"788\"><strong data-start=\"770\" data-end=\"788\">Suitable for use:<\/strong><\/p>\n<ul data-start=\"789\" data-end=\"910\">\n<li class=\"\" data-start=\"789\" data-end=\"852\">\n<p class=\"\" data-start=\"791\" data-end=\"852\">Vis\u0173 tip\u0173 odai, ypa\u010d sausai, dehidratuotai ar jautriai odai<\/p>\n<\/li>\n<li class=\"\" data-start=\"853\" data-end=\"910\">\n<p class=\"\" data-start=\"855\" data-end=\"910\">Idealiai tinka naudoti kasdien arba po odos proced\u016br\u0173<\/p>\n<\/li>\n<\/ul>","protected":false},"excerpt":{"rendered":"<p>Intensyvus dr\u0117kinamasis kremas odos balansui atkurti<\/p>","protected":false},"featured_media":6545,"comment_status":"open","ping_status":"closed","template":"","meta":[],"product_cat":[129],"product_tag":[],"class_list":{"0":"post-6544","1":"product","2":"type-product","3":"status-publish","4":"has-post-thumbnail","6":"product_cat-veido-kremai","7":"pa_brands-oxygenceuticals","8":"pa_talpa-50ml-2","10":"first","11":"instock","12":"taxable","13":"shipping-taxable","14":"purchasable","15":"product-type-simple"},"_links":{"self":[{"href":"https:\/\/miamedic.lt\/en\/wp-json\/wp\/v2\/product\/6544","targetHints":{"allow":["GET"]}}],"collection":[{"href":"https:\/\/miamedic.lt\/en\/wp-json\/wp\/v2\/product"}],"about":[{"href":"https:\/\/miamedic.lt\/en\/wp-json\/wp\/v2\/types\/product"}],"replies":[{"embeddable":true,"href":"https:\/\/miamedic.lt\/en\/wp-json\/wp\/v2\/comments?post=6544"}],"version-history":[{"count":2,"href":"https:\/\/miamedic.lt\/en\/wp-json\/wp\/v2\/product\/6544\/revisions"}],"predecessor-version":[{"id":12506,"href":"https:\/\/miamedic.lt\/en\/wp-json\/wp\/v2\/product\/6544\/revisions\/12506"}],"wp:featuredmedia":[{"embeddable":true,"href":"https:\/\/miamedic.lt\/en\/wp-json\/wp\/v2\/media\/6545"}],"wp:attachment":[{"href":"https:\/\/miamedic.lt\/en\/wp-json\/wp\/v2\/media?parent=6544"}],"wp:term":[{"taxonomy":"product_cat","embeddable":true,"href":"https:\/\/miamedic.lt\/en\/wp-json\/wp\/v2\/product_cat?post=6544"},{"taxonomy":"product_tag","embeddable":true,"href":"https:\/\/miamedic.lt\/en\/wp-json\/wp\/v2\/product_tag?post=6544"}],"curies":[{"name":"wp","href":"https:\/\/api.w.org\/{rel}","templated":true}]}}