{"id":6537,"date":"2025-04-28T07:29:26","date_gmt":"2025-04-28T07:29:26","guid":{"rendered":"https:\/\/miamedic.lt\/?post_type=product&#038;p=6537"},"modified":"2026-03-05T09:02:59","modified_gmt":"2026-03-05T09:02:59","slug":"pp-cream","status":"publish","type":"product","link":"https:\/\/miamedic.lt\/en\/shop\/pp-cream\/","title":{"rendered":"PP Cream"},"content":{"rendered":"<p class=\"\" data-start=\"0\" data-end=\"75\"><strong data-start=\"0\" data-end=\"75\">OxygenCeuticals PP Cream \u2013 apsauginis kremas jautriai ir pa\u017eeistai odai<\/strong><\/p>\n<p class=\"\" data-start=\"77\" data-end=\"447\">OxygenCeuticals PP Cream \u2013 tai intensyviai raminantis ir atkuriantis kremas, skirtas jautriai, sudirgusiai ar po proced\u016br\u0173 pa\u017eeistai odai. Priemon\u0117 stiprina apsaugin\u012f odos barjer\u0105, ma\u017eina paraudim\u0105, skatina regeneracij\u0105 ir padeda atkurti nat\u016bral\u0173 odos komfort\u0105 bei sveik\u0105 i\u0161vaizd\u0105. Idealiai tinka naudoti po dermatologini\u0173 proced\u016br\u0173 ar kaip kasdien\u0117 apsaugin\u0117 prie\u017ei\u016bra.<\/p>\n<p class=\"\" data-start=\"449\" data-end=\"462\"><strong data-start=\"449\" data-end=\"462\">Effect:<\/strong><\/p>\n<ul data-start=\"463\" data-end=\"669\">\n<li class=\"\" data-start=\"463\" data-end=\"508\">\n<p class=\"\" data-start=\"465\" data-end=\"508\">Ramina ir ma\u017eina sudirgimus bei paraudim\u0105<\/p>\n<\/li>\n<li class=\"\" data-start=\"509\" data-end=\"548\">\n<p class=\"\" data-start=\"511\" data-end=\"548\">Skatina odos regeneracij\u0105 ir gijim\u0105<\/p>\n<\/li>\n<li class=\"\" data-start=\"549\" data-end=\"593\">\n<p class=\"\" data-start=\"551\" data-end=\"593\">Stiprina nat\u016bral\u0173 apsaugin\u012f odos barjer\u0105<\/p>\n<\/li>\n<li class=\"\" data-start=\"594\" data-end=\"630\">\n<p class=\"\" data-start=\"596\" data-end=\"630\">Saugo od\u0105 nuo i\u0161orini\u0173 dirgikli\u0173<\/p>\n<\/li>\n<li class=\"\" data-start=\"631\" data-end=\"669\">\n<p class=\"\" data-start=\"633\" data-end=\"669\">Dr\u0117kina ir gerina odos elastingum\u0105<\/p>\n<\/li>\n<\/ul>\n<p class=\"\" data-start=\"671\" data-end=\"686\"><strong data-start=\"671\" data-end=\"686\">Usage:<\/strong><\/p>\n<ul data-start=\"687\" data-end=\"887\">\n<li class=\"\" data-start=\"687\" data-end=\"749\">\n<p class=\"\" data-start=\"689\" data-end=\"749\">Tepkite ant \u0161varios odos ryte ir vakare arba pagal poreik\u012f<\/p>\n<\/li>\n<li class=\"\" data-start=\"750\" data-end=\"825\">\n<p class=\"\" data-start=\"752\" data-end=\"825\">\u0160velniai paskirstykite ant veido ar vietose, kur oda jautri ar pa\u017eeista<\/p>\n<\/li>\n<li class=\"\" data-start=\"826\" data-end=\"887\">\n<p class=\"\" data-start=\"828\" data-end=\"887\">Galima naudoti kaip paskutin\u012f \u017eingsn\u012f prie\u017ei\u016bros rutinoje<\/p>\n<\/li>\n<\/ul>\n<p class=\"\" data-start=\"889\" data-end=\"907\"><strong data-start=\"889\" data-end=\"907\">Suitable for use:<\/strong><\/p>\n<ul data-start=\"908\" data-end=\"1079\">\n<li class=\"\" data-start=\"908\" data-end=\"993\">\n<p class=\"\" data-start=\"910\" data-end=\"993\">Vis\u0173 tip\u0173 odai, ypa\u010d jautriai, sudirgusiai, po lazerio, pilingo ar kit\u0173 proced\u016br\u0173<\/p>\n<\/li>\n<li class=\"\" data-start=\"994\" data-end=\"1079\">\n<p class=\"\" data-start=\"996\" data-end=\"1079\">Puikiai tinka jautrios, sausos ar jautrum\u0105 patirian\u010dios odos kasdienei prie\u017ei\u016brai<\/p>\n<\/li>\n<\/ul>","protected":false},"excerpt":{"rendered":"<p>Apsauginis kremas jautriai ir pa\u017eeistai odai<\/p>","protected":false},"featured_media":6538,"comment_status":"open","ping_status":"closed","template":"","meta":[],"product_cat":[129],"product_tag":[],"class_list":{"0":"post-6537","1":"product","2":"type-product","3":"status-publish","4":"has-post-thumbnail","6":"product_cat-veido-kremai","7":"pa_brands-oxygenceuticals","8":"pa_talpa-30ml-2","9":"pa_talpa-50ml-2","11":"first","12":"instock","13":"taxable","14":"shipping-taxable","15":"purchasable","16":"product-type-simple"},"_links":{"self":[{"href":"https:\/\/miamedic.lt\/en\/wp-json\/wp\/v2\/product\/6537","targetHints":{"allow":["GET"]}}],"collection":[{"href":"https:\/\/miamedic.lt\/en\/wp-json\/wp\/v2\/product"}],"about":[{"href":"https:\/\/miamedic.lt\/en\/wp-json\/wp\/v2\/types\/product"}],"replies":[{"embeddable":true,"href":"https:\/\/miamedic.lt\/en\/wp-json\/wp\/v2\/comments?post=6537"}],"version-history":[{"count":2,"href":"https:\/\/miamedic.lt\/en\/wp-json\/wp\/v2\/product\/6537\/revisions"}],"predecessor-version":[{"id":12507,"href":"https:\/\/miamedic.lt\/en\/wp-json\/wp\/v2\/product\/6537\/revisions\/12507"}],"wp:featuredmedia":[{"embeddable":true,"href":"https:\/\/miamedic.lt\/en\/wp-json\/wp\/v2\/media\/6538"}],"wp:attachment":[{"href":"https:\/\/miamedic.lt\/en\/wp-json\/wp\/v2\/media?parent=6537"}],"wp:term":[{"taxonomy":"product_cat","embeddable":true,"href":"https:\/\/miamedic.lt\/en\/wp-json\/wp\/v2\/product_cat?post=6537"},{"taxonomy":"product_tag","embeddable":true,"href":"https:\/\/miamedic.lt\/en\/wp-json\/wp\/v2\/product_tag?post=6537"}],"curies":[{"name":"wp","href":"https:\/\/api.w.org\/{rel}","templated":true}]}}