{"id":6532,"date":"2025-04-28T07:24:22","date_gmt":"2025-04-28T07:24:22","guid":{"rendered":"https:\/\/miamedic.lt\/?post_type=product&#038;p=6532"},"modified":"2026-03-05T09:01:16","modified_gmt":"2026-03-05T09:01:16","slug":"couperose-cream","status":"publish","type":"product","link":"https:\/\/miamedic.lt\/en\/shop\/couperose-cream\/","title":{"rendered":"Couperose Cream"},"content":{"rendered":"<p class=\"\" data-start=\"0\" data-end=\"79\"><strong data-start=\"0\" data-end=\"79\">OxygenCeuticals Couperose Cream \u2013 kremas jautriai, \u012f raudon\u012f linkusiai odai<\/strong><\/p>\n<p class=\"\" data-start=\"81\" data-end=\"421\">OxygenCeuticals Couperose Cream \u2013 tai specialiai sukurtas kremas jautriai, paraudusiai ar kuperozinei odai pri\u017ei\u016br\u0117ti. \u0160velni, bet veiksminga formul\u0117 ramina sudirgimus, stiprina kapiliarus, gerina odos atsparum\u0105 bei palaiko apsaugin\u012f barjer\u0105. Reguliarus naudojimas padeda suma\u017einti paraudim\u0105, sustiprina od\u0105 ir suteikia jai komforto poj\u016bt\u012f.<\/p>\n<p class=\"\" data-start=\"423\" data-end=\"436\"><strong data-start=\"423\" data-end=\"436\">Effect:<\/strong><\/p>\n<ul data-start=\"437\" data-end=\"634\">\n<li class=\"\" data-start=\"437\" data-end=\"469\">\n<p class=\"\" data-start=\"439\" data-end=\"469\">Ma\u017eina paraudim\u0105 ir jautrum\u0105<\/p>\n<\/li>\n<li class=\"\" data-start=\"470\" data-end=\"522\">\n<p class=\"\" data-start=\"472\" data-end=\"522\">Stiprina kapiliar\u0173 sieneles ir mikrocirkuliacij\u0105<\/p>\n<\/li>\n<li class=\"\" data-start=\"523\" data-end=\"559\">\n<p class=\"\" data-start=\"525\" data-end=\"559\">Ramina sudirgusi\u0105 ir jautri\u0105 od\u0105<\/p>\n<\/li>\n<li class=\"\" data-start=\"560\" data-end=\"592\">\n<p class=\"\" data-start=\"562\" data-end=\"592\">Palaiko odos dr\u0117gm\u0117s balans\u0105<\/p>\n<\/li>\n<li class=\"\" data-start=\"593\" data-end=\"634\">\n<p class=\"\" data-start=\"595\" data-end=\"634\">Apsaugo nuo \u017ealingo aplinkos poveikio<\/p>\n<\/li>\n<\/ul>\n<p class=\"\" data-start=\"636\" data-end=\"651\"><strong data-start=\"636\" data-end=\"651\">Usage:<\/strong><\/p>\n<ul data-start=\"652\" data-end=\"817\">\n<li class=\"\" data-start=\"652\" data-end=\"699\">\n<p class=\"\" data-start=\"654\" data-end=\"699\">Tepkite \u0161variai nuvalyt\u0105 od\u0105 ryte ir vakare<\/p>\n<\/li>\n<li class=\"\" data-start=\"700\" data-end=\"750\">\n<p class=\"\" data-start=\"702\" data-end=\"750\">\u0160velniai paskirstykite ant veido ir kaklo odos<\/p>\n<\/li>\n<li class=\"\" data-start=\"751\" data-end=\"817\">\n<p class=\"\" data-start=\"753\" data-end=\"817\">Galima naudoti kaip paskutin\u012f \u017eingsn\u012f odos prie\u017ei\u016bros rutinoje<\/p>\n<\/li>\n<\/ul>\n<p class=\"\" data-start=\"819\" data-end=\"837\"><strong data-start=\"819\" data-end=\"837\">Suitable for use:<\/strong><\/p>\n<ul data-start=\"838\" data-end=\"961\">\n<li class=\"\" data-start=\"838\" data-end=\"904\">\n<p class=\"\" data-start=\"840\" data-end=\"904\">Vis\u0173 tip\u0173 odai, ypa\u010d jautriai, linkusiai \u012f raudon\u012f ar kuperoz\u0119<\/p>\n<\/li>\n<li class=\"\" data-start=\"905\" data-end=\"961\">\n<p class=\"\" data-start=\"907\" data-end=\"961\">Puikiai tinka kasdienei prie\u017ei\u016brai arba po proced\u016br\u0173<\/p>\n<\/li>\n<\/ul>","protected":false},"excerpt":{"rendered":"<p>Kremas jautriai, \u012f raudon\u012f linkusiai odai<\/p>","protected":false},"featured_media":6533,"comment_status":"open","ping_status":"closed","template":"","meta":[],"product_cat":[129],"product_tag":[],"class_list":{"0":"post-6532","1":"product","2":"type-product","3":"status-publish","4":"has-post-thumbnail","6":"product_cat-veido-kremai","7":"pa_brands-oxygenceuticals","8":"pa_talpa-30ml-2","9":"pa_talpa-50ml-2","11":"first","12":"instock","13":"taxable","14":"shipping-taxable","15":"purchasable","16":"product-type-simple"},"_links":{"self":[{"href":"https:\/\/miamedic.lt\/en\/wp-json\/wp\/v2\/product\/6532","targetHints":{"allow":["GET"]}}],"collection":[{"href":"https:\/\/miamedic.lt\/en\/wp-json\/wp\/v2\/product"}],"about":[{"href":"https:\/\/miamedic.lt\/en\/wp-json\/wp\/v2\/types\/product"}],"replies":[{"embeddable":true,"href":"https:\/\/miamedic.lt\/en\/wp-json\/wp\/v2\/comments?post=6532"}],"version-history":[{"count":2,"href":"https:\/\/miamedic.lt\/en\/wp-json\/wp\/v2\/product\/6532\/revisions"}],"predecessor-version":[{"id":12508,"href":"https:\/\/miamedic.lt\/en\/wp-json\/wp\/v2\/product\/6532\/revisions\/12508"}],"wp:featuredmedia":[{"embeddable":true,"href":"https:\/\/miamedic.lt\/en\/wp-json\/wp\/v2\/media\/6533"}],"wp:attachment":[{"href":"https:\/\/miamedic.lt\/en\/wp-json\/wp\/v2\/media?parent=6532"}],"wp:term":[{"taxonomy":"product_cat","embeddable":true,"href":"https:\/\/miamedic.lt\/en\/wp-json\/wp\/v2\/product_cat?post=6532"},{"taxonomy":"product_tag","embeddable":true,"href":"https:\/\/miamedic.lt\/en\/wp-json\/wp\/v2\/product_tag?post=6532"}],"curies":[{"name":"wp","href":"https:\/\/api.w.org\/{rel}","templated":true}]}}