{"id":6529,"date":"2025-04-28T07:20:46","date_gmt":"2025-04-28T07:20:46","guid":{"rendered":"https:\/\/miamedic.lt\/?post_type=product&#038;p=6529"},"modified":"2025-12-01T00:29:42","modified_gmt":"2025-12-01T00:29:42","slug":"caviar-protein-fluid","status":"publish","type":"product","link":"https:\/\/miamedic.lt\/en\/shop\/caviar-protein-fluid\/","title":{"rendered":"Caviar Protein Fluid"},"content":{"rendered":"<p class=\"\" data-start=\"0\" data-end=\"111\"><strong data-start=\"0\" data-end=\"111\">OxygenCeuticals Caviar Protein Fluid \u2013 od\u0105 atstatantis skystis su ikr\u0173 baltymais stangrumui ir elastingumui<\/strong><\/p>\n<p class=\"\" data-start=\"113\" data-end=\"450\">OxygenCeuticals Caviar Protein Fluid \u2013 tai prabangus, maitinantis fluidas, praturtintas ikr\u0173 baltymais ir aktyviais ingredientais, skirtas brand\u017eios, pavargusios ar stangrum\u0105 praradusios odos atgaivinimui. \u0160i priemon\u0117 intensyviai maitina, gerina odos elastingum\u0105, skatina regeneracij\u0105 ir suteikia odai jaunatvi\u0161k\u0105 i\u0161vaizd\u0105 bei \u0161vyt\u0117jim\u0105.<\/p>\n<p class=\"\" data-start=\"452\" data-end=\"465\"><strong data-start=\"452\" data-end=\"465\">Effect:<\/strong><\/p>\n<ul data-start=\"466\" data-end=\"653\">\n<li class=\"\" data-start=\"466\" data-end=\"493\">\n<p class=\"\" data-start=\"468\" data-end=\"493\">Maitina ir stiprina od\u0105<\/p>\n<\/li>\n<li class=\"\" data-start=\"494\" data-end=\"534\">\n<p class=\"\" data-start=\"496\" data-end=\"534\">Gerina odos stangrum\u0105 ir elastingum\u0105<\/p>\n<\/li>\n<li class=\"\" data-start=\"535\" data-end=\"574\">\n<p class=\"\" data-start=\"537\" data-end=\"574\">Skatina odos atsinaujinimo procesus<\/p>\n<\/li>\n<li class=\"\" data-start=\"575\" data-end=\"613\">\n<p class=\"\" data-start=\"577\" data-end=\"613\">Suteikia odai \u0161vyt\u0117jimo ir gaivumo<\/p>\n<\/li>\n<li class=\"\" data-start=\"614\" data-end=\"653\">\n<p class=\"\" data-start=\"616\" data-end=\"653\">Padeda kovoti su sen\u0117jimo po\u017eymiais<\/p>\n<\/li>\n<\/ul>\n<p class=\"\" data-start=\"655\" data-end=\"670\"><strong data-start=\"655\" data-end=\"670\">Usage:<\/strong><\/p>\n<ul data-start=\"671\" data-end=\"828\">\n<li class=\"\" data-start=\"671\" data-end=\"732\">\n<p class=\"\" data-start=\"673\" data-end=\"732\">Tepkite kelis la\u0161us ant \u0161varios veido odos ryte ir vakare<\/p>\n<\/li>\n<li class=\"\" data-start=\"733\" data-end=\"779\">\n<p class=\"\" data-start=\"735\" data-end=\"779\">Naudokite po toniko, prie\u0161 serum\u0105 ar krem\u0105<\/p>\n<\/li>\n<li class=\"\" data-start=\"780\" data-end=\"828\">\n<p class=\"\" data-start=\"782\" data-end=\"828\">\u0160velniai paskirstykite ir leiskite susigerti<\/p>\n<\/li>\n<\/ul>\n<p class=\"\" data-start=\"830\" data-end=\"848\"><strong data-start=\"830\" data-end=\"848\">Suitable for use:<\/strong><\/p>\n<ul data-start=\"849\" data-end=\"962\">\n<li class=\"\" data-start=\"849\" data-end=\"906\">\n<p class=\"\" data-start=\"851\" data-end=\"906\">Vis\u0173 tip\u0173 odai, ypa\u010d brand\u017eiai, pavargusiai ar sausai<\/p>\n<\/li>\n<li class=\"\" data-start=\"907\" data-end=\"962\">\n<p class=\"\" data-start=\"909\" data-end=\"962\">Rekomenduojama kaip intensyvi atstatomoji prie\u017ei\u016bra<\/p>\n<\/li>\n<\/ul>","protected":false},"excerpt":{"rendered":"<p>Od\u0105 atstatantis skystis su ikr\u0173 baltymais stangrumui ir elastingumui<\/p>","protected":false},"featured_media":6530,"comment_status":"open","ping_status":"closed","template":"","meta":[],"product_cat":[107],"product_tag":[],"class_list":{"0":"post-6529","1":"product","2":"type-product","3":"status-publish","4":"has-post-thumbnail","6":"product_cat-serumai","7":"pa_brands-oxygenceuticals","8":"pa_talpa-50ml-2","10":"first","11":"instock","12":"taxable","13":"shipping-taxable","14":"purchasable","15":"product-type-simple"},"_links":{"self":[{"href":"https:\/\/miamedic.lt\/en\/wp-json\/wp\/v2\/product\/6529","targetHints":{"allow":["GET"]}}],"collection":[{"href":"https:\/\/miamedic.lt\/en\/wp-json\/wp\/v2\/product"}],"about":[{"href":"https:\/\/miamedic.lt\/en\/wp-json\/wp\/v2\/types\/product"}],"replies":[{"embeddable":true,"href":"https:\/\/miamedic.lt\/en\/wp-json\/wp\/v2\/comments?post=6529"}],"version-history":[{"count":2,"href":"https:\/\/miamedic.lt\/en\/wp-json\/wp\/v2\/product\/6529\/revisions"}],"predecessor-version":[{"id":12509,"href":"https:\/\/miamedic.lt\/en\/wp-json\/wp\/v2\/product\/6529\/revisions\/12509"}],"wp:featuredmedia":[{"embeddable":true,"href":"https:\/\/miamedic.lt\/en\/wp-json\/wp\/v2\/media\/6530"}],"wp:attachment":[{"href":"https:\/\/miamedic.lt\/en\/wp-json\/wp\/v2\/media?parent=6529"}],"wp:term":[{"taxonomy":"product_cat","embeddable":true,"href":"https:\/\/miamedic.lt\/en\/wp-json\/wp\/v2\/product_cat?post=6529"},{"taxonomy":"product_tag","embeddable":true,"href":"https:\/\/miamedic.lt\/en\/wp-json\/wp\/v2\/product_tag?post=6529"}],"curies":[{"name":"wp","href":"https:\/\/api.w.org\/{rel}","templated":true}]}}