{"id":6514,"date":"2025-04-23T15:06:03","date_gmt":"2025-04-23T15:06:03","guid":{"rendered":"https:\/\/www.miamedic.lt\/?post_type=product&#038;p=6514"},"modified":"2025-12-01T00:29:42","modified_gmt":"2025-12-01T00:29:42","slug":"couperose-fluid","status":"publish","type":"product","link":"https:\/\/miamedic.lt\/en\/shop\/couperose-fluid\/","title":{"rendered":"Couperose Fluid"},"content":{"rendered":"<p class=\"\" data-start=\"0\" data-end=\"116\"><strong data-start=\"0\" data-end=\"116\">OxygenCeuticals Couperose Fluid \u2013 skystis jautriai, \u012f raudon\u012f linkusiai odai su kapiliar\u0173 stiprinamuoju poveikiu<\/strong><\/p>\n<p class=\"\" data-start=\"118\" data-end=\"491\">OxygenCeuticals Couperose Fluid \u2013 tai specialiai jautriai, \u012f kuperoz\u0119 linkusiai odai sukurtas fluidas, padedantis ma\u017einti paraudim\u0105, stiprinti silpnus kapiliarus ir gerinti mikrocirkuliacij\u0105. Priemon\u0117 \u0161velniai ramina, dr\u0117kina ir stiprina apsaugin\u012f odos barjer\u0105, suteikdama odai komforto ir apsaugos jausm\u0105. Tinka naudoti kasdien arba kaip intensyvi\u0105 prie\u017ei\u016br\u0105 po proced\u016br\u0173.<\/p>\n<p class=\"\" data-start=\"493\" data-end=\"506\"><strong data-start=\"493\" data-end=\"506\">Effect:<\/strong><\/p>\n<ul data-start=\"507\" data-end=\"751\">\n<li class=\"\" data-start=\"507\" data-end=\"549\">\n<p class=\"\" data-start=\"509\" data-end=\"549\">Ma\u017eina paraudim\u0105 ir ramina jautri\u0105 od\u0105<\/p>\n<\/li>\n<li class=\"\" data-start=\"550\" data-end=\"609\">\n<p class=\"\" data-start=\"552\" data-end=\"609\">Stiprina silpnus kapiliarus ir gerina mikrocirkuliacij\u0105<\/p>\n<\/li>\n<li class=\"\" data-start=\"610\" data-end=\"652\">\n<p class=\"\" data-start=\"612\" data-end=\"652\">Apsaugo nuo neigiamo aplinkos poveikio<\/p>\n<\/li>\n<li class=\"\" data-start=\"653\" data-end=\"706\">\n<p class=\"\" data-start=\"655\" data-end=\"706\">Gerina odos tonus\u0105 ir stiprina barjerin\u0119 funkcij\u0105<\/p>\n<\/li>\n<li class=\"\" data-start=\"707\" data-end=\"751\">\n<p class=\"\" data-start=\"709\" data-end=\"751\">Suteikia ilgalaik\u012f dr\u0117kinim\u0105 ir komfort\u0105<\/p>\n<\/li>\n<\/ul>\n<p class=\"\" data-start=\"753\" data-end=\"768\"><strong data-start=\"753\" data-end=\"768\">Usage:<\/strong><\/p>\n<ul data-start=\"769\" data-end=\"914\">\n<li class=\"\" data-start=\"769\" data-end=\"818\">\n<p class=\"\" data-start=\"771\" data-end=\"818\">Tepkite ant \u0161varios veido odos ryte ir vakare<\/p>\n<\/li>\n<li class=\"\" data-start=\"819\" data-end=\"865\">\n<p class=\"\" data-start=\"821\" data-end=\"865\">Naudokite po toniko, prie\u0161 serum\u0105 ar krem\u0105<\/p>\n<\/li>\n<li class=\"\" data-start=\"866\" data-end=\"914\">\n<p class=\"\" data-start=\"868\" data-end=\"914\">\u0160velniai paskirstykite ir palikite susigerti<\/p>\n<\/li>\n<\/ul>\n<p class=\"\" data-start=\"916\" data-end=\"934\"><strong data-start=\"916\" data-end=\"934\">Suitable for use:<\/strong><\/p>\n<ul data-start=\"935\" data-end=\"1053\">\n<li class=\"\" data-start=\"935\" data-end=\"1001\">\n<p class=\"\" data-start=\"937\" data-end=\"1001\">Vis\u0173 tip\u0173 odai, ypa\u010d jautriai, linkusiai \u012f raudon\u012f ar kuperoz\u0119<\/p>\n<\/li>\n<li class=\"\" data-start=\"1002\" data-end=\"1053\">\n<p class=\"\" data-start=\"1004\" data-end=\"1053\">Puikiai tinka naudoti kasdien arba po proced\u016br\u0173<\/p>\n<\/li>\n<\/ul>","protected":false},"excerpt":{"rendered":"<p>Skystis jautriai, \u012f raudon\u012f linkusiai odai su kapiliar\u0173 stiprinamuoju poveikiu<\/p>","protected":false},"featured_media":6515,"comment_status":"open","ping_status":"closed","template":"","meta":[],"product_cat":[107],"product_tag":[],"class_list":{"0":"post-6514","1":"product","2":"type-product","3":"status-publish","4":"has-post-thumbnail","6":"product_cat-serumai","7":"pa_brands-oxygenceuticals","8":"pa_talpa-50ml-2","10":"first","11":"instock","12":"taxable","13":"shipping-taxable","14":"purchasable","15":"product-type-simple"},"_links":{"self":[{"href":"https:\/\/miamedic.lt\/en\/wp-json\/wp\/v2\/product\/6514","targetHints":{"allow":["GET"]}}],"collection":[{"href":"https:\/\/miamedic.lt\/en\/wp-json\/wp\/v2\/product"}],"about":[{"href":"https:\/\/miamedic.lt\/en\/wp-json\/wp\/v2\/types\/product"}],"replies":[{"embeddable":true,"href":"https:\/\/miamedic.lt\/en\/wp-json\/wp\/v2\/comments?post=6514"}],"version-history":[{"count":2,"href":"https:\/\/miamedic.lt\/en\/wp-json\/wp\/v2\/product\/6514\/revisions"}],"predecessor-version":[{"id":12510,"href":"https:\/\/miamedic.lt\/en\/wp-json\/wp\/v2\/product\/6514\/revisions\/12510"}],"wp:featuredmedia":[{"embeddable":true,"href":"https:\/\/miamedic.lt\/en\/wp-json\/wp\/v2\/media\/6515"}],"wp:attachment":[{"href":"https:\/\/miamedic.lt\/en\/wp-json\/wp\/v2\/media?parent=6514"}],"wp:term":[{"taxonomy":"product_cat","embeddable":true,"href":"https:\/\/miamedic.lt\/en\/wp-json\/wp\/v2\/product_cat?post=6514"},{"taxonomy":"product_tag","embeddable":true,"href":"https:\/\/miamedic.lt\/en\/wp-json\/wp\/v2\/product_tag?post=6514"}],"curies":[{"name":"wp","href":"https:\/\/api.w.org\/{rel}","templated":true}]}}