{"id":6511,"date":"2025-04-23T15:02:37","date_gmt":"2025-04-23T15:02:37","guid":{"rendered":"https:\/\/www.miamedic.lt\/?post_type=product&#038;p=6511"},"modified":"2025-12-01T00:29:42","modified_gmt":"2025-12-01T00:29:42","slug":"skin-barrier-fluid","status":"publish","type":"product","link":"https:\/\/miamedic.lt\/en\/shop\/skin-barrier-fluid\/","title":{"rendered":"Skin barrier Fluid"},"content":{"rendered":"<p class=\"\" data-start=\"0\" data-end=\"110\"><strong data-start=\"0\" data-end=\"110\">OxygenCeuticals Skin Barrier Fluid \u2013 odos barjer\u0105 stiprinantis skystis jautriai, silpnai ir pa\u017eeistai odai<\/strong><\/p>\n<p class=\"\" data-start=\"112\" data-end=\"473\">OxygenCeuticals Skin Barrier Fluid \u2013 tai lengvas, bet intensyvus odos stiprinimo fluidas, specialiai sukurtas apsauginiam odos barjerui atkurti ir palaikyti. \u0160i priemon\u0117 padeda apsaugoti od\u0105 nuo i\u0161orini\u0173 dirgikli\u0173, dr\u0117gm\u0117s netekimo ir jautrumo, stiprina jos atsparum\u0105 bei skatina regeneracij\u0105. Ypa\u010d tinka jautriai, sausai, po proced\u016br\u0173 ar streso paveiktai odai.<\/p>\n<p class=\"\" data-start=\"475\" data-end=\"488\"><strong data-start=\"475\" data-end=\"488\">Effect:<\/strong><\/p>\n<ul data-start=\"489\" data-end=\"693\">\n<li class=\"\" data-start=\"489\" data-end=\"535\">\n<p class=\"\" data-start=\"491\" data-end=\"535\">Atkuria ir stiprina apsaugin\u012f odos barjer\u0105<\/p>\n<\/li>\n<li class=\"\" data-start=\"536\" data-end=\"575\">\n<p class=\"\" data-start=\"538\" data-end=\"575\">Suma\u017eina jautrum\u0105 ir odos reakcijas<\/p>\n<\/li>\n<li class=\"\" data-start=\"576\" data-end=\"609\">\n<p class=\"\" data-start=\"578\" data-end=\"609\">Apsaugo nuo dr\u0117gm\u0117s praradimo<\/p>\n<\/li>\n<li class=\"\" data-start=\"610\" data-end=\"646\">\n<p class=\"\" data-start=\"612\" data-end=\"646\">Ramina ir dr\u0117kina sudirgusi\u0105 od\u0105<\/p>\n<\/li>\n<li class=\"\" data-start=\"647\" data-end=\"693\">\n<p class=\"\" data-start=\"649\" data-end=\"693\">Pagerina odos atsparum\u0105 aplinkos poveikiui<\/p>\n<\/li>\n<\/ul>\n<p class=\"\" data-start=\"695\" data-end=\"710\"><strong data-start=\"695\" data-end=\"710\">Usage:<\/strong><\/p>\n<ul data-start=\"711\" data-end=\"857\">\n<li class=\"\" data-start=\"711\" data-end=\"778\">\n<p class=\"\" data-start=\"713\" data-end=\"778\">Tepkite ant \u0161varios veido odos po toniko, prie\u0161 serum\u0105 ar krem\u0105<\/p>\n<\/li>\n<li class=\"\" data-start=\"779\" data-end=\"807\">\n<p class=\"\" data-start=\"781\" data-end=\"807\">Naudokite ryte ir vakare<\/p>\n<\/li>\n<li class=\"\" data-start=\"808\" data-end=\"857\">\n<p class=\"\" data-start=\"810\" data-end=\"857\">\u0160velniai \u012fmasa\u017euokite arba palikite susigerti<\/p>\n<\/li>\n<\/ul>\n<p class=\"\" data-start=\"859\" data-end=\"877\"><strong data-start=\"859\" data-end=\"877\">Suitable for use:<\/strong><\/p>\n<ul data-start=\"878\" data-end=\"1019\">\n<li class=\"\" data-start=\"878\" data-end=\"951\">\n<p class=\"\" data-start=\"880\" data-end=\"951\">Vis\u0173 tip\u0173 odai, ypa\u010d jautriai, sudirgusiai, pa\u017eeistai ar po proced\u016br\u0173<\/p>\n<\/li>\n<li class=\"\" data-start=\"952\" data-end=\"1019\">\n<p class=\"\" data-start=\"954\" data-end=\"1019\">Idealu naudoti kaip kasdien\u0119 apsaugin\u0119 ir stiprinan\u010di\u0105 priemon\u0119<\/p>\n<\/li>\n<\/ul>","protected":false},"excerpt":{"rendered":"<p>Odos barjer\u0105 stiprinantis skystis jautriai, silpnai ir pa\u017eeistai odai<\/p>","protected":false},"featured_media":6512,"comment_status":"open","ping_status":"closed","template":"","meta":[],"product_cat":[107],"product_tag":[],"class_list":{"0":"post-6511","1":"product","2":"type-product","3":"status-publish","4":"has-post-thumbnail","6":"product_cat-serumai","7":"pa_brands-oxygenceuticals","8":"pa_talpa-50ml-2","10":"first","11":"instock","12":"taxable","13":"shipping-taxable","14":"purchasable","15":"product-type-simple"},"_links":{"self":[{"href":"https:\/\/miamedic.lt\/en\/wp-json\/wp\/v2\/product\/6511","targetHints":{"allow":["GET"]}}],"collection":[{"href":"https:\/\/miamedic.lt\/en\/wp-json\/wp\/v2\/product"}],"about":[{"href":"https:\/\/miamedic.lt\/en\/wp-json\/wp\/v2\/types\/product"}],"replies":[{"embeddable":true,"href":"https:\/\/miamedic.lt\/en\/wp-json\/wp\/v2\/comments?post=6511"}],"version-history":[{"count":2,"href":"https:\/\/miamedic.lt\/en\/wp-json\/wp\/v2\/product\/6511\/revisions"}],"predecessor-version":[{"id":12511,"href":"https:\/\/miamedic.lt\/en\/wp-json\/wp\/v2\/product\/6511\/revisions\/12511"}],"wp:featuredmedia":[{"embeddable":true,"href":"https:\/\/miamedic.lt\/en\/wp-json\/wp\/v2\/media\/6512"}],"wp:attachment":[{"href":"https:\/\/miamedic.lt\/en\/wp-json\/wp\/v2\/media?parent=6511"}],"wp:term":[{"taxonomy":"product_cat","embeddable":true,"href":"https:\/\/miamedic.lt\/en\/wp-json\/wp\/v2\/product_cat?post=6511"},{"taxonomy":"product_tag","embeddable":true,"href":"https:\/\/miamedic.lt\/en\/wp-json\/wp\/v2\/product_tag?post=6511"}],"curies":[{"name":"wp","href":"https:\/\/api.w.org\/{rel}","templated":true}]}}