{"id":6506,"date":"2025-04-23T14:53:31","date_gmt":"2025-04-23T14:53:31","guid":{"rendered":"https:\/\/www.miamedic.lt\/?post_type=product&#038;p=6506"},"modified":"2025-12-01T00:29:43","modified_gmt":"2025-12-01T00:29:43","slug":"herbal-fluid","status":"publish","type":"product","link":"https:\/\/miamedic.lt\/en\/shop\/herbal-fluid\/","title":{"rendered":"Herbal Fluid"},"content":{"rendered":"<p class=\"\" data-start=\"0\" data-end=\"93\"><strong data-start=\"0\" data-end=\"93\">OxygenCeuticals Herbal Fluid \u2013 raminantis augalinis skystis jautriai ir probleminei odai<\/strong><\/p>\n<p class=\"\" data-start=\"95\" data-end=\"481\">OxygenCeuticals Herbal Fluid \u2013 tai augaliniais ekstraktais praturtintas, lengvos tekst\u016bros fluidas, skirtas jautrios, sudirgusios ar \u012f u\u017edegimus linkusios odos prie\u017ei\u016brai. \u0160is produktas padeda suma\u017einti paraudim\u0105, ramina, stiprina apsaugin\u012f odos barjer\u0105 ir palaiko sveik\u0105 mikroflor\u0105. Puikiai tinka naudoti kasdien arba po proced\u016br\u0173, kai odai reikia \u0161velnios, bet veiksmingos prie\u017ei\u016bros.<\/p>\n<p class=\"\" data-start=\"483\" data-end=\"496\"><strong data-start=\"483\" data-end=\"496\">Effect:<\/strong><\/p>\n<ul data-start=\"497\" data-end=\"716\">\n<li class=\"\" data-start=\"497\" data-end=\"533\">\n<p class=\"\" data-start=\"499\" data-end=\"533\">Ramina sudirgusi\u0105 ar jautri\u0105 od\u0105<\/p>\n<\/li>\n<li class=\"\" data-start=\"534\" data-end=\"569\">\n<p class=\"\" data-start=\"536\" data-end=\"569\">Ma\u017eina paraudim\u0105 ir diskomfort\u0105<\/p>\n<\/li>\n<li class=\"\" data-start=\"570\" data-end=\"605\">\n<p class=\"\" data-start=\"572\" data-end=\"605\">Stiprina odos nat\u016brali\u0105 apsaug\u0105<\/p>\n<\/li>\n<li class=\"\" data-start=\"606\" data-end=\"660\">\n<p class=\"\" data-start=\"608\" data-end=\"660\">Gerina odos tonus\u0105 ir atsparum\u0105 aplinkos poveikiui<\/p>\n<\/li>\n<li class=\"\" data-start=\"661\" data-end=\"716\">\n<p class=\"\" data-start=\"663\" data-end=\"716\">Subalansuoja problemin\u0119 ar linkusi\u0105 \u012f u\u017edegimus od\u0105<\/p>\n<\/li>\n<\/ul>\n<p class=\"\" data-start=\"718\" data-end=\"733\"><strong data-start=\"718\" data-end=\"733\">Usage:<\/strong><\/p>\n<ul data-start=\"734\" data-end=\"918\">\n<li class=\"\" data-start=\"734\" data-end=\"788\">\n<p class=\"\" data-start=\"736\" data-end=\"788\">U\u017ela\u0161inkite kelet\u0105 la\u0161\u0173 ant \u0161varios odos po valymo<\/p>\n<\/li>\n<li class=\"\" data-start=\"789\" data-end=\"847\">\n<p class=\"\" data-start=\"791\" data-end=\"847\">Tepkite \u0161velniai pir\u0161t\u0173 galiukais ar su vatos diskeliu<\/p>\n<\/li>\n<li class=\"\" data-start=\"848\" data-end=\"884\">\n<p class=\"\" data-start=\"850\" data-end=\"884\">Toliau naudokite serum\u0105 ar krem\u0105<\/p>\n<\/li>\n<li class=\"\" data-start=\"885\" data-end=\"918\">\n<p class=\"\" data-start=\"887\" data-end=\"918\">Galima naudoti ryte ir vakare<\/p>\n<\/li>\n<\/ul>\n<p class=\"\" data-start=\"920\" data-end=\"938\"><strong data-start=\"920\" data-end=\"938\">Suitable for use:<\/strong><\/p>\n<ul data-start=\"939\" data-end=\"1072\">\n<li class=\"\" data-start=\"939\" data-end=\"1014\">\n<p class=\"\" data-start=\"941\" data-end=\"1014\">Vis\u0173 tip\u0173 odai, ypa\u010d jautriai, sudirgusiai, linkusiai \u012f raudon\u012f ar akn\u0119<\/p>\n<\/li>\n<li class=\"\" data-start=\"1015\" data-end=\"1072\">\n<p class=\"\" data-start=\"1017\" data-end=\"1072\">Puikiai tinka po proced\u016br\u0173 ar esant odos diskomfortui<\/p>\n<\/li>\n<\/ul>","protected":false},"excerpt":{"rendered":"<p>Raminantis augalinis skystis jautriai ir probleminei odai<\/p>","protected":false},"featured_media":6507,"comment_status":"open","ping_status":"closed","template":"","meta":[],"product_cat":[107],"product_tag":[],"class_list":{"0":"post-6506","1":"product","2":"type-product","3":"status-publish","4":"has-post-thumbnail","6":"product_cat-serumai","7":"pa_brands-oxygenceuticals","8":"pa_talpa-50ml-2","10":"first","11":"instock","12":"taxable","13":"shipping-taxable","14":"purchasable","15":"product-type-simple"},"_links":{"self":[{"href":"https:\/\/miamedic.lt\/en\/wp-json\/wp\/v2\/product\/6506","targetHints":{"allow":["GET"]}}],"collection":[{"href":"https:\/\/miamedic.lt\/en\/wp-json\/wp\/v2\/product"}],"about":[{"href":"https:\/\/miamedic.lt\/en\/wp-json\/wp\/v2\/types\/product"}],"replies":[{"embeddable":true,"href":"https:\/\/miamedic.lt\/en\/wp-json\/wp\/v2\/comments?post=6506"}],"version-history":[{"count":2,"href":"https:\/\/miamedic.lt\/en\/wp-json\/wp\/v2\/product\/6506\/revisions"}],"predecessor-version":[{"id":12512,"href":"https:\/\/miamedic.lt\/en\/wp-json\/wp\/v2\/product\/6506\/revisions\/12512"}],"wp:featuredmedia":[{"embeddable":true,"href":"https:\/\/miamedic.lt\/en\/wp-json\/wp\/v2\/media\/6507"}],"wp:attachment":[{"href":"https:\/\/miamedic.lt\/en\/wp-json\/wp\/v2\/media?parent=6506"}],"wp:term":[{"taxonomy":"product_cat","embeddable":true,"href":"https:\/\/miamedic.lt\/en\/wp-json\/wp\/v2\/product_cat?post=6506"},{"taxonomy":"product_tag","embeddable":true,"href":"https:\/\/miamedic.lt\/en\/wp-json\/wp\/v2\/product_tag?post=6506"}],"curies":[{"name":"wp","href":"https:\/\/api.w.org\/{rel}","templated":true}]}}