{"id":6502,"date":"2025-04-23T14:42:46","date_gmt":"2025-04-23T14:42:46","guid":{"rendered":"https:\/\/www.miamedic.lt\/?post_type=product&#038;p=6502"},"modified":"2025-12-01T00:29:43","modified_gmt":"2025-12-01T00:29:43","slug":"acell-300-fluid","status":"publish","type":"product","link":"https:\/\/miamedic.lt\/en\/shop\/acell-300-fluid\/","title":{"rendered":"Acell 300 Fluid"},"content":{"rendered":"<p class=\"\" data-start=\"0\" data-end=\"103\"><strong data-start=\"0\" data-end=\"103\">OxygenCeuticals Acell 300 Fluid \u2013 intensyvus atstatomasis skystis odos regeneracijai ir stiprinimui<\/strong><\/p>\n<p class=\"\" data-start=\"105\" data-end=\"494\">OxygenCeuticals Acell 300 Fluid \u2013 tai itin veiksmingas odos atstatymui skirtas fluidas, sukurtas pad\u0117ti pa\u017eeistai, jautriai ar po proced\u016br\u0173 esan\u010diai odai. \u0160i lengva, greitai \u012fsigerianti formul\u0117 apr\u016bpina od\u0105 aktyviais komponentais, kurie skatina regeneracij\u0105, stiprina apsaugin\u012f barjer\u0105 ir gerina bendr\u0105 odos b\u016bkl\u0119. Idealiai tinka naudoti kaip gydom\u0105j\u0105, raminam\u0105j\u0105 ar stiprinam\u0105j\u0105 priemon\u0119.<\/p>\n<p class=\"\" data-start=\"496\" data-end=\"509\"><strong data-start=\"496\" data-end=\"509\">Effect:<\/strong><\/p>\n<ul data-start=\"510\" data-end=\"714\">\n<li class=\"\" data-start=\"510\" data-end=\"550\">\n<p class=\"\" data-start=\"512\" data-end=\"550\">Skatina odos atsinaujinim\u0105 ir gijim\u0105<\/p>\n<\/li>\n<li class=\"\" data-start=\"551\" data-end=\"590\">\n<p class=\"\" data-start=\"553\" data-end=\"590\">Ramina sudirgusi\u0105 ar paraudusi\u0105 od\u0105<\/p>\n<\/li>\n<li class=\"\" data-start=\"591\" data-end=\"626\">\n<p class=\"\" data-start=\"593\" data-end=\"626\">Stiprina apsaugin\u012f odos barjer\u0105<\/p>\n<\/li>\n<li class=\"\" data-start=\"627\" data-end=\"659\">\n<p class=\"\" data-start=\"629\" data-end=\"659\">Suteikia intensyv\u0173 dr\u0117kinim\u0105<\/p>\n<\/li>\n<li class=\"\" data-start=\"660\" data-end=\"714\">\n<p class=\"\" data-start=\"662\" data-end=\"714\">Gerina odos atsparum\u0105 neigiamam aplinkos poveikiui<\/p>\n<\/li>\n<\/ul>\n<p class=\"\" data-start=\"716\" data-end=\"731\"><strong data-start=\"716\" data-end=\"731\">Usage:<\/strong><\/p>\n<ul data-start=\"732\" data-end=\"900\">\n<li class=\"\" data-start=\"732\" data-end=\"797\">\n<p class=\"\" data-start=\"734\" data-end=\"797\">U\u017ela\u0161inkite kelet\u0105 la\u0161\u0173 ant \u0161varios veido odos ryte ir vakare<\/p>\n<\/li>\n<li class=\"\" data-start=\"798\" data-end=\"846\">\n<p class=\"\" data-start=\"800\" data-end=\"846\">\u0160velniai \u012fmasa\u017euokite, kol visi\u0161kai susigers<\/p>\n<\/li>\n<li class=\"\" data-start=\"847\" data-end=\"900\">\n<p class=\"\" data-start=\"849\" data-end=\"900\">Galima naudoti po toniko ir prie\u0161 serum\u0105 ar krem\u0105<\/p>\n<\/li>\n<\/ul>\n<p class=\"\" data-start=\"902\" data-end=\"920\"><strong data-start=\"902\" data-end=\"920\">Suitable for use:<\/strong><\/p>\n<ul data-start=\"921\" data-end=\"1084\">\n<li class=\"\" data-start=\"921\" data-end=\"993\">\n<p class=\"\" data-start=\"923\" data-end=\"993\">Vis\u0173 tip\u0173 odai, ypa\u010d jautriai, sudirgusiai ar po estetini\u0173 proced\u016br\u0173<\/p>\n<\/li>\n<li class=\"\" data-start=\"994\" data-end=\"1084\">\n<p class=\"\" data-start=\"996\" data-end=\"1084\">Rekomenduojama naudoti atstatomuoju periodu arba kaip kasdien\u0119 prie\u017ei\u016br\u0105 jautriai odai<\/p>\n<\/li>\n<\/ul>","protected":false},"excerpt":{"rendered":"<p>Intensyvus atstatomasis skystis odos regeneracijai ir stiprinimui<\/p>","protected":false},"featured_media":6504,"comment_status":"open","ping_status":"closed","template":"","meta":[],"product_cat":[107],"product_tag":[],"class_list":{"0":"post-6502","1":"product","2":"type-product","3":"status-publish","4":"has-post-thumbnail","6":"product_cat-serumai","7":"pa_brands-oxygenceuticals","8":"pa_talpa-50ml-2","10":"first","11":"instock","12":"taxable","13":"shipping-taxable","14":"purchasable","15":"product-type-simple"},"_links":{"self":[{"href":"https:\/\/miamedic.lt\/en\/wp-json\/wp\/v2\/product\/6502","targetHints":{"allow":["GET"]}}],"collection":[{"href":"https:\/\/miamedic.lt\/en\/wp-json\/wp\/v2\/product"}],"about":[{"href":"https:\/\/miamedic.lt\/en\/wp-json\/wp\/v2\/types\/product"}],"replies":[{"embeddable":true,"href":"https:\/\/miamedic.lt\/en\/wp-json\/wp\/v2\/comments?post=6502"}],"version-history":[{"count":3,"href":"https:\/\/miamedic.lt\/en\/wp-json\/wp\/v2\/product\/6502\/revisions"}],"predecessor-version":[{"id":12513,"href":"https:\/\/miamedic.lt\/en\/wp-json\/wp\/v2\/product\/6502\/revisions\/12513"}],"wp:featuredmedia":[{"embeddable":true,"href":"https:\/\/miamedic.lt\/en\/wp-json\/wp\/v2\/media\/6504"}],"wp:attachment":[{"href":"https:\/\/miamedic.lt\/en\/wp-json\/wp\/v2\/media?parent=6502"}],"wp:term":[{"taxonomy":"product_cat","embeddable":true,"href":"https:\/\/miamedic.lt\/en\/wp-json\/wp\/v2\/product_cat?post=6502"},{"taxonomy":"product_tag","embeddable":true,"href":"https:\/\/miamedic.lt\/en\/wp-json\/wp\/v2\/product_tag?post=6502"}],"curies":[{"name":"wp","href":"https:\/\/api.w.org\/{rel}","templated":true}]}}