{"id":6499,"date":"2025-04-23T14:37:57","date_gmt":"2025-04-23T14:37:57","guid":{"rendered":"https:\/\/www.miamedic.lt\/?post_type=product&#038;p=6499"},"modified":"2025-12-01T00:29:43","modified_gmt":"2025-12-01T00:29:43","slug":"fermented-fluid","status":"publish","type":"product","link":"https:\/\/miamedic.lt\/en\/shop\/fermented-fluid\/","title":{"rendered":"Fermented Fluid"},"content":{"rendered":"<p class=\"\" data-start=\"0\" data-end=\"104\"><strong data-start=\"0\" data-end=\"104\">OxygenCeuticals Fermented Fluid \u2013 odos mikrobiom\u0105 palaikantis skystis su fermentuotais ingredientais<\/strong><\/p>\n<p class=\"\" data-start=\"106\" data-end=\"496\">OxygenCeuticals Fermented Fluid \u2013 tai unikalus, itin lengvos tekst\u016bros skystis, praturtintas fermentuotais augaliniais ekstraktais, skirtas odos atgaivinimui, stiprinimui ir mikrobiomos balansui palaikyti. \u0160i priemon\u0117 gerina odos tekst\u016br\u0105, skatina regeneracij\u0105 ir padeda sustiprinti odos nat\u016brali\u0105 apsaug\u0105. Tinka naudoti kaip tonizuojantis ir paruo\u0161iamasis \u017eingsnis prie\u0161 serumus ar kremus.<\/p>\n<p class=\"\" data-start=\"498\" data-end=\"511\"><strong data-start=\"498\" data-end=\"511\">Effect:<\/strong><\/p>\n<ul data-start=\"512\" data-end=\"733\">\n<li class=\"\" data-start=\"512\" data-end=\"551\">\n<p class=\"\" data-start=\"514\" data-end=\"551\">Gerina odos mikrobiomos pusiausvyr\u0105<\/p>\n<\/li>\n<li class=\"\" data-start=\"552\" data-end=\"600\">\n<p class=\"\" data-start=\"554\" data-end=\"600\">Skatina odos regeneracij\u0105 ir sveik\u0105 i\u0161vaizd\u0105<\/p>\n<\/li>\n<li class=\"\" data-start=\"601\" data-end=\"643\">\n<p class=\"\" data-start=\"603\" data-end=\"643\">Dr\u0117kina, gaivina ir suteikia skaistumo<\/p>\n<\/li>\n<li class=\"\" data-start=\"644\" data-end=\"679\">\n<p class=\"\" data-start=\"646\" data-end=\"679\">Stiprina odos apsaugin\u012f barjer\u0105<\/p>\n<\/li>\n<li class=\"\" data-start=\"680\" data-end=\"733\">\n<p class=\"\" data-start=\"682\" data-end=\"733\">Pagerina kit\u0173 priemoni\u0173 \u012fsig\u0117rim\u0105 ir veiksmingum\u0105<\/p>\n<\/li>\n<\/ul>\n<p class=\"\" data-start=\"735\" data-end=\"750\"><strong data-start=\"735\" data-end=\"750\">Usage:<\/strong><\/p>\n<ul data-start=\"751\" data-end=\"959\">\n<li class=\"\" data-start=\"751\" data-end=\"822\">\n<p class=\"\" data-start=\"753\" data-end=\"822\">Naudokite po odos valymo \u2013 kaip tonik\u0105 ar pirm\u0105j\u012f dr\u0117kinimo \u017eingsn\u012f<\/p>\n<\/li>\n<li class=\"\" data-start=\"823\" data-end=\"902\">\n<p class=\"\" data-start=\"825\" data-end=\"902\">U\u017ela\u0161inkite ant deln\u0173 ar vatos diskelio ir \u0161velniai paskirstykite ant veido<\/p>\n<\/li>\n<li class=\"\" data-start=\"903\" data-end=\"959\">\n<p class=\"\" data-start=\"905\" data-end=\"959\">Leiskite susigerti, toliau naudokite serum\u0105 ar krem\u0105<\/p>\n<\/li>\n<\/ul>\n<p class=\"\" data-start=\"961\" data-end=\"979\"><strong data-start=\"961\" data-end=\"979\">Suitable for use:<\/strong><\/p>\n<ul data-start=\"980\" data-end=\"1086\">\n<li class=\"\" data-start=\"980\" data-end=\"1037\">\n<p class=\"\" data-start=\"982\" data-end=\"1037\">Vis\u0173 tip\u0173 odai, ypa\u010d jautriai, silpnai ar pavargusiai<\/p>\n<\/li>\n<li class=\"\" data-start=\"1038\" data-end=\"1086\">\n<p class=\"\" data-start=\"1040\" data-end=\"1086\">Puikiai tinka naudoti kasdien ryte ir vakare<\/p>\n<\/li>\n<\/ul>","protected":false},"excerpt":{"rendered":"<p>Odos mikrobiom\u0105 palaikantis skystis su fermentuotais ingredientais<\/p>","protected":false},"featured_media":6500,"comment_status":"open","ping_status":"closed","template":"","meta":[],"product_cat":[107],"product_tag":[],"class_list":{"0":"post-6499","1":"product","2":"type-product","3":"status-publish","4":"has-post-thumbnail","6":"product_cat-serumai","7":"pa_brands-oxygenceuticals","8":"pa_talpa-50ml-2","10":"first","11":"instock","12":"taxable","13":"shipping-taxable","14":"purchasable","15":"product-type-simple"},"_links":{"self":[{"href":"https:\/\/miamedic.lt\/en\/wp-json\/wp\/v2\/product\/6499","targetHints":{"allow":["GET"]}}],"collection":[{"href":"https:\/\/miamedic.lt\/en\/wp-json\/wp\/v2\/product"}],"about":[{"href":"https:\/\/miamedic.lt\/en\/wp-json\/wp\/v2\/types\/product"}],"replies":[{"embeddable":true,"href":"https:\/\/miamedic.lt\/en\/wp-json\/wp\/v2\/comments?post=6499"}],"version-history":[{"count":2,"href":"https:\/\/miamedic.lt\/en\/wp-json\/wp\/v2\/product\/6499\/revisions"}],"predecessor-version":[{"id":12514,"href":"https:\/\/miamedic.lt\/en\/wp-json\/wp\/v2\/product\/6499\/revisions\/12514"}],"wp:featuredmedia":[{"embeddable":true,"href":"https:\/\/miamedic.lt\/en\/wp-json\/wp\/v2\/media\/6500"}],"wp:attachment":[{"href":"https:\/\/miamedic.lt\/en\/wp-json\/wp\/v2\/media?parent=6499"}],"wp:term":[{"taxonomy":"product_cat","embeddable":true,"href":"https:\/\/miamedic.lt\/en\/wp-json\/wp\/v2\/product_cat?post=6499"},{"taxonomy":"product_tag","embeddable":true,"href":"https:\/\/miamedic.lt\/en\/wp-json\/wp\/v2\/product_tag?post=6499"}],"curies":[{"name":"wp","href":"https:\/\/api.w.org\/{rel}","templated":true}]}}