{"id":6496,"date":"2025-04-23T14:19:43","date_gmt":"2025-04-23T14:19:43","guid":{"rendered":"https:\/\/www.miamedic.lt\/?post_type=product&#038;p=6496"},"modified":"2025-12-01T00:29:43","modified_gmt":"2025-12-01T00:29:43","slug":"regenon-serum","status":"publish","type":"product","link":"https:\/\/miamedic.lt\/en\/shop\/regenon-serum\/","title":{"rendered":"Regenon Serum"},"content":{"rendered":"<p class=\"\" data-start=\"0\" data-end=\"89\"><strong data-start=\"0\" data-end=\"89\">OxygenCeuticals Regenon Serum \u2013 atstatomasis serumas odos regeneracijai ir stangrumui<\/strong><\/p>\n<p class=\"\" data-start=\"91\" data-end=\"424\">OxygenCeuticals Regenon Serum \u2013 tai intensyvaus poveikio serumas, sukurtas atkurti pa\u017eeist\u0105, pavargusi\u0105 ar brand\u017ei\u0105 od\u0105. \u0160i koncentruota formul\u0117 padeda skatinti odos atsinaujinimo procesus, stiprina apsaugin\u012f barjer\u0105 ir gerina odos stangrum\u0105. Puikiai tinka naudoti po estetini\u0173 proced\u016br\u0173 arba kaip kasdien\u0117 priemon\u0117 odos stiprinimui.<\/p>\n<p class=\"\" data-start=\"426\" data-end=\"439\"><strong data-start=\"426\" data-end=\"439\">Effect:<\/strong><\/p>\n<ul data-start=\"440\" data-end=\"641\">\n<li class=\"\" data-start=\"440\" data-end=\"486\">\n<p class=\"\" data-start=\"442\" data-end=\"486\">Skatina odos regeneracij\u0105 ir atsinaujinim\u0105<\/p>\n<\/li>\n<li class=\"\" data-start=\"487\" data-end=\"527\">\n<p class=\"\" data-start=\"489\" data-end=\"527\">Gerina odos stangrum\u0105 ir elastingum\u0105<\/p>\n<\/li>\n<li class=\"\" data-start=\"528\" data-end=\"563\">\n<p class=\"\" data-start=\"530\" data-end=\"563\">Stiprina apsaugin\u012f odos barjer\u0105<\/p>\n<\/li>\n<li class=\"\" data-start=\"564\" data-end=\"601\">\n<p class=\"\" data-start=\"566\" data-end=\"601\">Ramina sudirgusi\u0105 ar pa\u017eeist\u0105 od\u0105<\/p>\n<\/li>\n<li class=\"\" data-start=\"602\" data-end=\"641\">\n<p class=\"\" data-start=\"604\" data-end=\"641\">Padeda kovoti su sen\u0117jimo po\u017eymiais<\/p>\n<\/li>\n<\/ul>\n<p class=\"\" data-start=\"643\" data-end=\"658\"><strong data-start=\"643\" data-end=\"658\">Usage:<\/strong><\/p>\n<ul data-start=\"659\" data-end=\"828\">\n<li class=\"\" data-start=\"659\" data-end=\"720\">\n<p class=\"\" data-start=\"661\" data-end=\"720\">Tepkite kelis la\u0161us ant \u0161varios veido odos ryte ir vakare<\/p>\n<\/li>\n<li class=\"\" data-start=\"721\" data-end=\"769\">\n<p class=\"\" data-start=\"723\" data-end=\"769\">\u0160velniai \u012fmasa\u017euokite, kol visi\u0161kai susigers<\/p>\n<\/li>\n<li class=\"\" data-start=\"770\" data-end=\"828\">\n<p class=\"\" data-start=\"772\" data-end=\"828\">Galima naudoti vien\u0105 arba kartu su kitomis priemon\u0117mis<\/p>\n<\/li>\n<\/ul>\n<p class=\"\" data-start=\"830\" data-end=\"848\"><strong data-start=\"830\" data-end=\"848\">Suitable for use:<\/strong><\/p>\n<ul data-start=\"849\" data-end=\"956\">\n<li class=\"\" data-start=\"849\" data-end=\"909\">\n<p class=\"\" data-start=\"851\" data-end=\"909\">Vis\u0173 tip\u0173 odai, ypa\u010d brand\u017eiai, jautriai ar po proced\u016br\u0173<\/p>\n<\/li>\n<li class=\"\" data-start=\"910\" data-end=\"956\">\n<p class=\"\" data-start=\"912\" data-end=\"956\">Puikiai tinka odos atsistatymo laikotarpiu<\/p>\n<\/li>\n<\/ul>","protected":false},"excerpt":{"rendered":"<p>Atstatomasis serumas odos regeneracijai ir stangrumui<\/p>","protected":false},"featured_media":6497,"comment_status":"open","ping_status":"closed","template":"","meta":[],"product_cat":[107],"product_tag":[],"class_list":{"0":"post-6496","1":"product","2":"type-product","3":"status-publish","4":"has-post-thumbnail","6":"product_cat-serumai","7":"pa_brands-oxygenceuticals","8":"pa_talpa-50ml-2","10":"first","11":"instock","12":"taxable","13":"shipping-taxable","14":"purchasable","15":"product-type-simple"},"_links":{"self":[{"href":"https:\/\/miamedic.lt\/en\/wp-json\/wp\/v2\/product\/6496","targetHints":{"allow":["GET"]}}],"collection":[{"href":"https:\/\/miamedic.lt\/en\/wp-json\/wp\/v2\/product"}],"about":[{"href":"https:\/\/miamedic.lt\/en\/wp-json\/wp\/v2\/types\/product"}],"replies":[{"embeddable":true,"href":"https:\/\/miamedic.lt\/en\/wp-json\/wp\/v2\/comments?post=6496"}],"version-history":[{"count":2,"href":"https:\/\/miamedic.lt\/en\/wp-json\/wp\/v2\/product\/6496\/revisions"}],"predecessor-version":[{"id":12515,"href":"https:\/\/miamedic.lt\/en\/wp-json\/wp\/v2\/product\/6496\/revisions\/12515"}],"wp:featuredmedia":[{"embeddable":true,"href":"https:\/\/miamedic.lt\/en\/wp-json\/wp\/v2\/media\/6497"}],"wp:attachment":[{"href":"https:\/\/miamedic.lt\/en\/wp-json\/wp\/v2\/media?parent=6496"}],"wp:term":[{"taxonomy":"product_cat","embeddable":true,"href":"https:\/\/miamedic.lt\/en\/wp-json\/wp\/v2\/product_cat?post=6496"},{"taxonomy":"product_tag","embeddable":true,"href":"https:\/\/miamedic.lt\/en\/wp-json\/wp\/v2\/product_tag?post=6496"}],"curies":[{"name":"wp","href":"https:\/\/api.w.org\/{rel}","templated":true}]}}