{"id":6491,"date":"2025-04-23T14:16:36","date_gmt":"2025-04-23T14:16:36","guid":{"rendered":"https:\/\/www.miamedic.lt\/?post_type=product&#038;p=6491"},"modified":"2025-12-01T00:30:22","modified_gmt":"2025-12-01T00:30:22","slug":"moisture-aqua-serum","status":"publish","type":"product","link":"https:\/\/miamedic.lt\/en\/shop\/moisture-aqua-serum\/","title":{"rendered":"Moisture Aqua Serum"},"content":{"rendered":"<p class=\"\" data-start=\"0\" data-end=\"113\"><strong data-start=\"0\" data-end=\"113\">OxygenCeuticals Moisture Aqua Serum \u2013 intensyvus dr\u0117kinamasis serumas ilgalaikei odos dr\u0117gmei ir elastingumui<\/strong><\/p>\n<p class=\"\" data-start=\"115\" data-end=\"478\">OxygenCeuticals Moisture Aqua Serum \u2013 tai lengvos tekst\u016bros, bet intensyviai dr\u0117kinantis serumas, sukurtas greitai atkurti odos dr\u0117gm\u0117s balans\u0105 ir pagerinti jos elastingum\u0105. \u0160i priemon\u0117 puikiai tinka dehidratavusiai, pavargusiai ar jautriai odai, nes suteikia gil\u0173 dr\u0117kinim\u0105 be riebumo poj\u016b\u010dio. Reguliariai naudojant, oda tampa skaistesn\u0117, \u0161velnesn\u0117 ir spindinti.<\/p>\n<p class=\"\" data-start=\"480\" data-end=\"493\"><strong data-start=\"480\" data-end=\"493\">Effect:<\/strong><\/p>\n<ul data-start=\"494\" data-end=\"711\">\n<li class=\"\" data-start=\"494\" data-end=\"554\">\n<p class=\"\" data-start=\"496\" data-end=\"554\">Intensyviai dr\u0117kina ir palaiko ilgalaik\u012f dr\u0117gm\u0117s balans\u0105<\/p>\n<\/li>\n<li class=\"\" data-start=\"555\" data-end=\"596\">\n<p class=\"\" data-start=\"557\" data-end=\"596\">Pagerina odos elastingum\u0105 ir \u0161velnum\u0105<\/p>\n<\/li>\n<li class=\"\" data-start=\"597\" data-end=\"630\">\n<p class=\"\" data-start=\"599\" data-end=\"630\">Gaivina ir suteikia \u0161vyt\u0117jimo<\/p>\n<\/li>\n<li class=\"\" data-start=\"631\" data-end=\"665\">\n<p class=\"\" data-start=\"633\" data-end=\"665\">Ramina sudirgusi\u0105 ar saus\u0105 od\u0105<\/p>\n<\/li>\n<li class=\"\" data-start=\"666\" data-end=\"711\">\n<p class=\"\" data-start=\"668\" data-end=\"711\">Paruo\u0161ia od\u0105 kitoms prie\u017ei\u016bros priemon\u0117ms<\/p>\n<\/li>\n<\/ul>\n<p class=\"\" data-start=\"713\" data-end=\"728\"><strong data-start=\"713\" data-end=\"728\">Usage:<\/strong><\/p>\n<ul data-start=\"729\" data-end=\"881\">\n<li class=\"\" data-start=\"729\" data-end=\"790\">\n<p class=\"\" data-start=\"731\" data-end=\"790\">Tepkite kelis la\u0161us ant \u0161varios veido odos ryte ir vakare<\/p>\n<\/li>\n<li class=\"\" data-start=\"791\" data-end=\"839\">\n<p class=\"\" data-start=\"793\" data-end=\"839\">\u0160velniai \u012fmasa\u017euokite, kol visi\u0161kai susigers<\/p>\n<\/li>\n<li class=\"\" data-start=\"840\" data-end=\"881\">\n<p class=\"\" data-start=\"842\" data-end=\"881\">Galima naudoti vien\u0105 arba prie\u0161 krem\u0105<\/p>\n<\/li>\n<\/ul>\n<p class=\"\" data-start=\"883\" data-end=\"901\"><strong data-start=\"883\" data-end=\"901\">Suitable for use:<\/strong><\/p>\n<ul data-start=\"902\" data-end=\"1025\">\n<li class=\"\" data-start=\"902\" data-end=\"962\">\n<p class=\"\" data-start=\"904\" data-end=\"962\">Vis\u0173 tip\u0173 odai, ypa\u010d sausai, jautriai ar dehidratavusiai<\/p>\n<\/li>\n<li class=\"\" data-start=\"963\" data-end=\"1025\">\n<p class=\"\" data-start=\"965\" data-end=\"1025\">Puikiai tinka naudoti i\u0161tisus metus, ypa\u010d oro poky\u010di\u0173 metu<\/p>\n<\/li>\n<\/ul>","protected":false},"excerpt":{"rendered":"<p>Intensyvus dr\u0117kinamasis serumas ilgalaikei odos dr\u0117gmei ir elastingumui<\/p>","protected":false},"featured_media":6492,"comment_status":"open","ping_status":"closed","template":"","meta":[],"product_cat":[107],"product_tag":[],"class_list":{"0":"post-6491","1":"product","2":"type-product","3":"status-publish","4":"has-post-thumbnail","6":"product_cat-serumai","7":"pa_brands-oxygenceuticals","8":"pa_talpa-30ml-2","9":"pa_talpa-50ml-2","11":"first","12":"instock","13":"taxable","14":"shipping-taxable","15":"purchasable","16":"product-type-variable"},"_links":{"self":[{"href":"https:\/\/miamedic.lt\/en\/wp-json\/wp\/v2\/product\/6491","targetHints":{"allow":["GET"]}}],"collection":[{"href":"https:\/\/miamedic.lt\/en\/wp-json\/wp\/v2\/product"}],"about":[{"href":"https:\/\/miamedic.lt\/en\/wp-json\/wp\/v2\/types\/product"}],"replies":[{"embeddable":true,"href":"https:\/\/miamedic.lt\/en\/wp-json\/wp\/v2\/comments?post=6491"}],"version-history":[{"count":2,"href":"https:\/\/miamedic.lt\/en\/wp-json\/wp\/v2\/product\/6491\/revisions"}],"predecessor-version":[{"id":12516,"href":"https:\/\/miamedic.lt\/en\/wp-json\/wp\/v2\/product\/6491\/revisions\/12516"}],"wp:featuredmedia":[{"embeddable":true,"href":"https:\/\/miamedic.lt\/en\/wp-json\/wp\/v2\/media\/6492"}],"wp:attachment":[{"href":"https:\/\/miamedic.lt\/en\/wp-json\/wp\/v2\/media?parent=6491"}],"wp:term":[{"taxonomy":"product_cat","embeddable":true,"href":"https:\/\/miamedic.lt\/en\/wp-json\/wp\/v2\/product_cat?post=6491"},{"taxonomy":"product_tag","embeddable":true,"href":"https:\/\/miamedic.lt\/en\/wp-json\/wp\/v2\/product_tag?post=6491"}],"curies":[{"name":"wp","href":"https:\/\/api.w.org\/{rel}","templated":true}]}}