{"id":6475,"date":"2025-04-23T14:05:19","date_gmt":"2025-04-23T14:05:19","guid":{"rendered":"https:\/\/www.miamedic.lt\/?post_type=product&#038;p=6475"},"modified":"2025-12-01T00:30:22","modified_gmt":"2025-12-01T00:30:22","slug":"serum-12","status":"publish","type":"product","link":"https:\/\/miamedic.lt\/en\/shop\/serum-12\/","title":{"rendered":"Serum 12"},"content":{"rendered":"<p class=\"\" data-start=\"0\" data-end=\"101\"><strong data-start=\"0\" data-end=\"101\">OxygenCeuticals Serum 12 \u2013 intensyvaus poveikio serumas odos stangrumui ir jaunatvi\u0161kumui atkurti<\/strong><\/p>\n<p class=\"\" data-start=\"103\" data-end=\"453\">OxygenCeuticals Serum 12 \u2013 tai koncentruotas, greitai \u012fsigeriantis serumas, skirtas kovoti su odos sen\u0117jimo po\u017eymiais ir pagerinti bendr\u0105 odos b\u016bkl\u0119. \u0160i auk\u0161tos kokyb\u0117s formul\u0117 suteikia odai stangrumo, skaistumo ir dr\u0117gm\u0117s, padeda suma\u017einti rauk\u0161leles bei pagerinti odos elastingum\u0105. Puikiai tinka naudoti kaip dal\u012f kasdien\u0117s odos prie\u017ei\u016bros rutinos.<\/p>\n<p class=\"\" data-start=\"455\" data-end=\"468\"><strong data-start=\"455\" data-end=\"468\">Effect:<\/strong><\/p>\n<ul data-start=\"469\" data-end=\"683\">\n<li class=\"\" data-start=\"469\" data-end=\"496\">\n<p class=\"\" data-start=\"471\" data-end=\"496\">Stangrina ir lygina od\u0105<\/p>\n<\/li>\n<li class=\"\" data-start=\"497\" data-end=\"556\">\n<p class=\"\" data-start=\"499\" data-end=\"556\">Padeda suma\u017einti smulkias rauk\u0161leles ir mimikos linijas<\/p>\n<\/li>\n<li class=\"\" data-start=\"557\" data-end=\"595\">\n<p class=\"\" data-start=\"559\" data-end=\"595\">Dr\u0117kina ir gerina odos elastingum\u0105<\/p>\n<\/li>\n<li class=\"\" data-start=\"596\" data-end=\"629\">\n<p class=\"\" data-start=\"598\" data-end=\"629\">Suteikia skaistumo ir gaivumo<\/p>\n<\/li>\n<li class=\"\" data-start=\"630\" data-end=\"683\">\n<p class=\"\" data-start=\"632\" data-end=\"683\">Skatina odos regeneracij\u0105 ir jaunatvi\u0161k\u0105 i\u0161vaizd\u0105<\/p>\n<\/li>\n<\/ul>\n<p class=\"\" data-start=\"685\" data-end=\"700\"><strong data-start=\"685\" data-end=\"700\">Usage:<\/strong><\/p>\n<ul data-start=\"701\" data-end=\"892\">\n<li class=\"\" data-start=\"701\" data-end=\"766\">\n<p class=\"\" data-start=\"703\" data-end=\"766\">Tepkite kelis la\u0161us ant \u0161varios veido odos ryte ir\/vai vakare<\/p>\n<\/li>\n<li class=\"\" data-start=\"767\" data-end=\"832\">\n<p class=\"\" data-start=\"769\" data-end=\"832\">\u0160velniai \u012fmasa\u017euokite pir\u0161t\u0173 galiukais, kol visi\u0161kai susigers<\/p>\n<\/li>\n<li class=\"\" data-start=\"833\" data-end=\"892\">\n<p class=\"\" data-start=\"835\" data-end=\"892\">Toliau naudokite krem\u0105 ar kit\u0105 odos prie\u017ei\u016bros priemon\u0119<\/p>\n<\/li>\n<\/ul>\n<p class=\"\" data-start=\"894\" data-end=\"912\"><strong data-start=\"894\" data-end=\"912\">Suitable for use:<\/strong><\/p>\n<ul data-start=\"913\" data-end=\"1055\">\n<li class=\"\" data-start=\"913\" data-end=\"985\">\n<p class=\"\" data-start=\"915\" data-end=\"985\">Vis\u0173 tip\u0173 odai, ypa\u010d brand\u017eiai, pavargusiai ar praradusiai stangrum\u0105<\/p>\n<\/li>\n<li class=\"\" data-start=\"986\" data-end=\"1055\">\n<p class=\"\" data-start=\"988\" data-end=\"1055\">Galima naudoti kasdien kaip stiprinam\u0105j\u012f veido prie\u017ei\u016bros \u017eingsn\u012f<\/p>\n<\/li>\n<\/ul>","protected":false},"excerpt":{"rendered":"<p>Intensyvaus poveikio serumas odos stangrumui ir jaunatvi\u0161kumui atkurti<\/p>","protected":false},"featured_media":6476,"comment_status":"open","ping_status":"closed","template":"","meta":[],"product_cat":[107],"product_tag":[],"class_list":{"0":"post-6475","1":"product","2":"type-product","3":"status-publish","4":"has-post-thumbnail","6":"product_cat-serumai","7":"pa_brands-oxygenceuticals","8":"pa_talpa-30ml-2","9":"pa_talpa-50ml-2","11":"first","12":"instock","13":"taxable","14":"shipping-taxable","15":"purchasable","16":"product-type-variable"},"_links":{"self":[{"href":"https:\/\/miamedic.lt\/en\/wp-json\/wp\/v2\/product\/6475","targetHints":{"allow":["GET"]}}],"collection":[{"href":"https:\/\/miamedic.lt\/en\/wp-json\/wp\/v2\/product"}],"about":[{"href":"https:\/\/miamedic.lt\/en\/wp-json\/wp\/v2\/types\/product"}],"replies":[{"embeddable":true,"href":"https:\/\/miamedic.lt\/en\/wp-json\/wp\/v2\/comments?post=6475"}],"version-history":[{"count":2,"href":"https:\/\/miamedic.lt\/en\/wp-json\/wp\/v2\/product\/6475\/revisions"}],"predecessor-version":[{"id":12520,"href":"https:\/\/miamedic.lt\/en\/wp-json\/wp\/v2\/product\/6475\/revisions\/12520"}],"wp:featuredmedia":[{"embeddable":true,"href":"https:\/\/miamedic.lt\/en\/wp-json\/wp\/v2\/media\/6476"}],"wp:attachment":[{"href":"https:\/\/miamedic.lt\/en\/wp-json\/wp\/v2\/media?parent=6475"}],"wp:term":[{"taxonomy":"product_cat","embeddable":true,"href":"https:\/\/miamedic.lt\/en\/wp-json\/wp\/v2\/product_cat?post=6475"},{"taxonomy":"product_tag","embeddable":true,"href":"https:\/\/miamedic.lt\/en\/wp-json\/wp\/v2\/product_tag?post=6475"}],"curies":[{"name":"wp","href":"https:\/\/api.w.org\/{rel}","templated":true}]}}