{"id":6472,"date":"2025-04-23T14:01:53","date_gmt":"2025-04-23T14:01:53","guid":{"rendered":"https:\/\/www.miamedic.lt\/?post_type=product&#038;p=6472"},"modified":"2025-12-01T00:29:44","modified_gmt":"2025-12-01T00:29:44","slug":"eye-perfection-duo","status":"publish","type":"product","link":"https:\/\/miamedic.lt\/en\/shop\/eye-perfection-duo\/","title":{"rendered":"Eye Perfection Duo"},"content":{"rendered":"<p class=\"\" data-start=\"0\" data-end=\"125\"><strong data-start=\"0\" data-end=\"125\">OxygenCeuticals 360 Eye Perfection Duo \u2013 intensyvus aki\u0173 srities prie\u017ei\u016bros rinkinys stangrumui, dr\u0117kinimui ir \u0161vyt\u0117jimui<\/strong><\/p>\n<p class=\"\" data-start=\"127\" data-end=\"456\">OxygenCeuticals 360 Eye Perfection Duo \u2013 tai dviej\u0173 \u017eingsni\u0173 aki\u0173 prie\u017ei\u016bros rinkinys, sukurtas siekiant visapusi\u0161kai pasir\u016bpinti jautria aki\u0173 zona. \u0160i priemon\u0117 padeda suma\u017einti paburkim\u0105, tamsius ratilus, smulkias rauk\u0161leles ir suteikia odai aplink akis stangrumo bei gaivumo. Puikiai tinka kasdieniam naudojimui ryte ir vakare.<\/p>\n<p class=\"\" data-start=\"458\" data-end=\"471\"><strong data-start=\"458\" data-end=\"471\">Effect:<\/strong><\/p>\n<ul data-start=\"472\" data-end=\"660\">\n<li class=\"\" data-start=\"472\" data-end=\"513\">\n<p class=\"\" data-start=\"474\" data-end=\"513\">Suma\u017eina paburkim\u0105 ir tamsius ratilus<\/p>\n<\/li>\n<li class=\"\" data-start=\"514\" data-end=\"554\">\n<p class=\"\" data-start=\"516\" data-end=\"554\">Stangrina ir lygina aki\u0173 srities od\u0105<\/p>\n<\/li>\n<li class=\"\" data-start=\"555\" data-end=\"589\">\n<p class=\"\" data-start=\"557\" data-end=\"589\">Intensyviai dr\u0117kina ir maitina<\/p>\n<\/li>\n<li class=\"\" data-start=\"590\" data-end=\"626\">\n<p class=\"\" data-start=\"592\" data-end=\"626\">Ma\u017eina smulki\u0173 rauk\u0161li\u0173 matomum\u0105<\/p>\n<\/li>\n<li class=\"\" data-start=\"627\" data-end=\"660\">\n<p class=\"\" data-start=\"629\" data-end=\"660\">Suteikia gaivumo ir \u0161vyt\u0117jimo<\/p>\n<\/li>\n<\/ul>\n<p class=\"\" data-start=\"662\" data-end=\"677\"><strong data-start=\"662\" data-end=\"677\">Usage:<\/strong><\/p>\n<ul data-start=\"678\" data-end=\"926\">\n<li class=\"\" data-start=\"678\" data-end=\"777\">\n<p class=\"\" data-start=\"680\" data-end=\"777\">1 \u017eingsnis: Tepkite pirm\u0105j\u012f produkt\u0105 (serum\u0105) aplink akis ir \u0161velniai \u012ftap\u0161nokite, kol susigers<\/p>\n<\/li>\n<li class=\"\" data-start=\"778\" data-end=\"882\">\n<p class=\"\" data-start=\"780\" data-end=\"882\">2 \u017eingsnis: U\u017etepkite antr\u0105j\u012f produkt\u0105 (krem\u0105), kad sustiprintum\u0117te poveik\u012f ir u\u017efiksuotum\u0117te dr\u0117gm\u0119<\/p>\n<\/li>\n<li class=\"\" data-start=\"883\" data-end=\"926\">\n<p class=\"\" data-start=\"885\" data-end=\"926\">Naudoti ryte ir vakare ant \u0161varios odos<\/p>\n<\/li>\n<\/ul>\n<p class=\"\" data-start=\"928\" data-end=\"946\"><strong data-start=\"928\" data-end=\"946\">Suitable for use:<\/strong><\/p>\n<ul data-start=\"947\" data-end=\"1077\">\n<li class=\"\" data-start=\"947\" data-end=\"999\">\n<p class=\"\" data-start=\"949\" data-end=\"999\">Visiems odos tipams, \u012fskaitant jautri\u0105 aki\u0173 zon\u0105<\/p>\n<\/li>\n<li class=\"\" data-start=\"1000\" data-end=\"1077\">\n<p class=\"\" data-start=\"1002\" data-end=\"1077\">Ypa\u010d rekomenduojama brandesnei, pavargusiai ar linkusiai \u012f paburkim\u0105 odai<\/p>\n<\/li>\n<\/ul>","protected":false},"excerpt":{"rendered":"<p>Intensyvus aki\u0173 srities prie\u017ei\u016bros rinkinys stangrumui, dr\u0117kinimui ir \u0161vyt\u0117jimui<\/p>","protected":false},"featured_media":6473,"comment_status":"open","ping_status":"closed","template":"","meta":[],"product_cat":[83],"product_tag":[],"class_list":{"0":"post-6472","1":"product","2":"type-product","3":"status-publish","4":"has-post-thumbnail","6":"product_cat-paakiu-kremai","7":"pa_brands-oxygenceuticals","9":"first","10":"instock","11":"taxable","12":"shipping-taxable","13":"purchasable","14":"product-type-simple"},"_links":{"self":[{"href":"https:\/\/miamedic.lt\/en\/wp-json\/wp\/v2\/product\/6472","targetHints":{"allow":["GET"]}}],"collection":[{"href":"https:\/\/miamedic.lt\/en\/wp-json\/wp\/v2\/product"}],"about":[{"href":"https:\/\/miamedic.lt\/en\/wp-json\/wp\/v2\/types\/product"}],"replies":[{"embeddable":true,"href":"https:\/\/miamedic.lt\/en\/wp-json\/wp\/v2\/comments?post=6472"}],"version-history":[{"count":2,"href":"https:\/\/miamedic.lt\/en\/wp-json\/wp\/v2\/product\/6472\/revisions"}],"predecessor-version":[{"id":12521,"href":"https:\/\/miamedic.lt\/en\/wp-json\/wp\/v2\/product\/6472\/revisions\/12521"}],"wp:featuredmedia":[{"embeddable":true,"href":"https:\/\/miamedic.lt\/en\/wp-json\/wp\/v2\/media\/6473"}],"wp:attachment":[{"href":"https:\/\/miamedic.lt\/en\/wp-json\/wp\/v2\/media?parent=6472"}],"wp:term":[{"taxonomy":"product_cat","embeddable":true,"href":"https:\/\/miamedic.lt\/en\/wp-json\/wp\/v2\/product_cat?post=6472"},{"taxonomy":"product_tag","embeddable":true,"href":"https:\/\/miamedic.lt\/en\/wp-json\/wp\/v2\/product_tag?post=6472"}],"curies":[{"name":"wp","href":"https:\/\/api.w.org\/{rel}","templated":true}]}}