{"id":6465,"date":"2025-04-23T13:56:46","date_gmt":"2025-04-23T13:56:46","guid":{"rendered":"https:\/\/www.miamedic.lt\/?post_type=product&#038;p=6465"},"modified":"2025-12-01T10:21:27","modified_gmt":"2025-12-01T10:21:27","slug":"skin-balancing-toner","status":"publish","type":"product","link":"https:\/\/miamedic.lt\/en\/shop\/skin-balancing-toner\/","title":{"rendered":"Skin Balancing Toner"},"content":{"rendered":"<p class=\"\" data-start=\"0\" data-end=\"108\"><strong data-start=\"0\" data-end=\"108\">OxygenCeuticals Skin Balancing Toner \u2013 subalansuojantis tonikas odos dr\u0117gmei ir riebal\u0173 balansui atkurti<\/strong><\/p>\n<p class=\"\" data-start=\"110\" data-end=\"475\">OxygenCeuticals Skin Balancing Toner \u2013 tai gaivus, subalansuojantis tonikas, sukurtas pad\u0117ti atkurti odos pH lyg\u012f ir palaikyti nat\u016bral\u0173 dr\u0117gm\u0117s bei riebal\u0173 balans\u0105. Idealiai tinka riebiai, mi\u0161riai ar probleminei odai, padeda suma\u017einti blizges\u012f, sutraukti poras ir nuraminti sudirgimus. Tonikas paruo\u0161ia od\u0105 tolesnei prie\u017ei\u016brai ir pagerina kit\u0173 produkt\u0173 \u012fsisavinim\u0105.<\/p>\n<p class=\"\" data-start=\"477\" data-end=\"490\"><strong data-start=\"477\" data-end=\"490\">Effect:<\/strong><\/p>\n<ul data-start=\"491\" data-end=\"675\">\n<li class=\"\" data-start=\"491\" data-end=\"536\">\n<p class=\"\" data-start=\"493\" data-end=\"536\">Subalansuoja odos dr\u0117gm\u0117s ir riebal\u0173 lyg\u012f<\/p>\n<\/li>\n<li class=\"\" data-start=\"537\" data-end=\"568\">\n<p class=\"\" data-start=\"539\" data-end=\"568\">Padeda normalizuoti odos pH<\/p>\n<\/li>\n<li class=\"\" data-start=\"569\" data-end=\"594\">\n<p class=\"\" data-start=\"571\" data-end=\"594\">Ramina sudirgusi\u0105 od\u0105<\/p>\n<\/li>\n<li class=\"\" data-start=\"595\" data-end=\"621\">\n<p class=\"\" data-start=\"597\" data-end=\"621\">Suma\u017eina por\u0173 matomum\u0105<\/p>\n<\/li>\n<li class=\"\" data-start=\"622\" data-end=\"675\">\n<p class=\"\" data-start=\"624\" data-end=\"675\">Paruo\u0161ia od\u0105 tolesniems produktams ir proced\u016broms<\/p>\n<\/li>\n<\/ul>\n<p class=\"\" data-start=\"677\" data-end=\"692\"><strong data-start=\"677\" data-end=\"692\">Usage:<\/strong><\/p>\n<ul data-start=\"693\" data-end=\"893\">\n<li class=\"\" data-start=\"693\" data-end=\"800\">\n<p class=\"\" data-start=\"695\" data-end=\"800\">Tepkite ant \u0161varios veido odos ryte ir vakare, naudodami vatos disk\u0105 arba \u0161velniai \u012ftap\u0161nodami pir\u0161tais<\/p>\n<\/li>\n<li class=\"\" data-start=\"801\" data-end=\"850\">\n<p class=\"\" data-start=\"803\" data-end=\"850\">Po to naudokite serum\u0105 ar krem\u0105 pagal poreik\u012f<\/p>\n<\/li>\n<li class=\"\" data-start=\"851\" data-end=\"893\">\n<p class=\"\" data-start=\"853\" data-end=\"893\">Nereikia nuplauti \u2013 leiskite susigerti<\/p>\n<\/li>\n<\/ul>\n<p class=\"\" data-start=\"895\" data-end=\"913\"><strong data-start=\"895\" data-end=\"913\">Suitable for use:<\/strong><\/p>\n<ul data-start=\"914\" data-end=\"1071\">\n<li class=\"\" data-start=\"914\" data-end=\"965\">\n<p class=\"\" data-start=\"916\" data-end=\"965\">Riebiai, mi\u0161riai, probleminei bei jautriai odai<\/p>\n<\/li>\n<li class=\"\" data-start=\"966\" data-end=\"1071\">\n<p class=\"\" data-start=\"968\" data-end=\"1071\">Puikiai tinka kasdieniam naudojimui, ypa\u010d esant padid\u0117jusiam odos blizgesiui ar i\u0161sipl\u0117tusioms poroms<\/p>\n<\/li>\n<\/ul>","protected":false},"excerpt":{"rendered":"<p>Subalansuojantis tonikas odos dr\u0117gmei ir riebal\u0173 balansui atkurti<\/p>","protected":false},"featured_media":6466,"comment_status":"open","ping_status":"closed","template":"","meta":[],"product_cat":[105],"product_tag":[],"class_list":{"0":"post-6465","1":"product","2":"type-product","3":"status-publish","4":"has-post-thumbnail","6":"product_cat-tonikai","7":"pa_brands-oxygenceuticals","8":"pa_talpa-120ml","9":"pa_talpa-300ml","11":"first","12":"instock","13":"taxable","14":"shipping-taxable","15":"purchasable","16":"product-type-variable"},"_links":{"self":[{"href":"https:\/\/miamedic.lt\/en\/wp-json\/wp\/v2\/product\/6465","targetHints":{"allow":["GET"]}}],"collection":[{"href":"https:\/\/miamedic.lt\/en\/wp-json\/wp\/v2\/product"}],"about":[{"href":"https:\/\/miamedic.lt\/en\/wp-json\/wp\/v2\/types\/product"}],"replies":[{"embeddable":true,"href":"https:\/\/miamedic.lt\/en\/wp-json\/wp\/v2\/comments?post=6465"}],"version-history":[{"count":3,"href":"https:\/\/miamedic.lt\/en\/wp-json\/wp\/v2\/product\/6465\/revisions"}],"predecessor-version":[{"id":12666,"href":"https:\/\/miamedic.lt\/en\/wp-json\/wp\/v2\/product\/6465\/revisions\/12666"}],"wp:featuredmedia":[{"embeddable":true,"href":"https:\/\/miamedic.lt\/en\/wp-json\/wp\/v2\/media\/6466"}],"wp:attachment":[{"href":"https:\/\/miamedic.lt\/en\/wp-json\/wp\/v2\/media?parent=6465"}],"wp:term":[{"taxonomy":"product_cat","embeddable":true,"href":"https:\/\/miamedic.lt\/en\/wp-json\/wp\/v2\/product_cat?post=6465"},{"taxonomy":"product_tag","embeddable":true,"href":"https:\/\/miamedic.lt\/en\/wp-json\/wp\/v2\/product_tag?post=6465"}],"curies":[{"name":"wp","href":"https:\/\/api.w.org\/{rel}","templated":true}]}}