{"id":6460,"date":"2025-04-23T13:23:10","date_gmt":"2025-04-23T13:23:10","guid":{"rendered":"https:\/\/www.miamedic.lt\/?post_type=product&#038;p=6460"},"modified":"2025-12-01T00:30:23","modified_gmt":"2025-12-01T00:30:23","slug":"nutrient-toner","status":"publish","type":"product","link":"https:\/\/miamedic.lt\/en\/shop\/nutrient-toner\/","title":{"rendered":"Nutrient Toner"},"content":{"rendered":"<p class=\"\" data-start=\"0\" data-end=\"83\"><strong data-start=\"0\" data-end=\"83\">OxygenCeuticals Nutrient Toner \u2013 tonikas, skirtas odos dr\u0117kinimui ir maitinimui<\/strong><\/p>\n<p class=\"\" data-start=\"85\" data-end=\"470\">OxygenCeuticals Nutrient Toner \u2013 tai gaivus tonikas, sukurtas dr\u0117kinti ir maitinti od\u0105, padedantis atkurti nat\u016bral\u0173 odos pH balans\u0105. Lengvas ir \u0161velnus, \u0161is tonikas intensyviai dr\u0117kina ir suteikia odai reikiam\u0173 maistini\u0173 med\u017eiag\u0173, kad ji b\u016bt\u0173 \u0161velni, glotni ir sveikai atrodyt\u0173. Tinka naudoti prie\u0161 kitus odos prie\u017ei\u016bros produktus, kad jie geriau \u012fsiskverbt\u0173 \u012f od\u0105 ir b\u016bt\u0173 efektyvesni.<\/p>\n<p class=\"\" data-start=\"472\" data-end=\"485\"><strong data-start=\"472\" data-end=\"485\">Effect:<\/strong><\/p>\n<ul data-start=\"486\" data-end=\"667\">\n<li class=\"\" data-start=\"486\" data-end=\"510\">\n<p class=\"\" data-start=\"488\" data-end=\"510\">Dr\u0117kina ir maitina od\u0105<\/p>\n<\/li>\n<li class=\"\" data-start=\"511\" data-end=\"552\">\n<p class=\"\" data-start=\"513\" data-end=\"552\">Padeda atkurti nat\u016bral\u0173 odos pH balans\u0105<\/p>\n<\/li>\n<li class=\"\" data-start=\"553\" data-end=\"592\">\n<p class=\"\" data-start=\"555\" data-end=\"592\">Suteikia odai \u0161velnumo ir elastingumo<\/p>\n<\/li>\n<li class=\"\" data-start=\"593\" data-end=\"644\">\n<p class=\"\" data-start=\"595\" data-end=\"644\">Paruo\u0161ia od\u0105 tolesniems produktams ir proced\u016broms<\/p>\n<\/li>\n<li class=\"\" data-start=\"645\" data-end=\"667\">\n<p class=\"\" data-start=\"647\" data-end=\"667\">Gaivina ir tonizuoja<\/p>\n<\/li>\n<\/ul>\n<p class=\"\" data-start=\"669\" data-end=\"684\"><strong data-start=\"669\" data-end=\"684\">Usage:<\/strong><\/p>\n<ul data-start=\"685\" data-end=\"873\">\n<li class=\"\" data-start=\"685\" data-end=\"768\">\n<p class=\"\" data-start=\"687\" data-end=\"768\">Tepkite ant \u0161varios veido odos ryte ir vakare, naudodami vatos disk\u0105 arba pir\u0161tus<\/p>\n<\/li>\n<li class=\"\" data-start=\"769\" data-end=\"832\">\n<p class=\"\" data-start=\"771\" data-end=\"832\">Po to galite naudoti savo m\u0117gstam\u0105 serumo ar kremin\u012f produkt\u0105<\/p>\n<\/li>\n<li class=\"\" data-start=\"833\" data-end=\"873\">\n<p class=\"\" data-start=\"835\" data-end=\"873\">Nereikia nuplauti \u2013 leiskite susigerti<\/p>\n<\/li>\n<\/ul>\n<p class=\"\" data-start=\"875\" data-end=\"893\"><strong data-start=\"875\" data-end=\"893\">Suitable for use:<\/strong><\/p>\n<ul data-start=\"894\" data-end=\"1035\">\n<li class=\"\" data-start=\"894\" data-end=\"949\">\n<p class=\"\" data-start=\"896\" data-end=\"949\">Vis\u0173 tip\u0173 odai, \u012fskaitant saus\u0105 ir dehidratavusi\u0105 od\u0105<\/p>\n<\/li>\n<li class=\"\" data-start=\"950\" data-end=\"1035\">\n<p class=\"\" data-start=\"952\" data-end=\"1035\">Ypa\u010d rekomenduojama naudoti kaip papildom\u0105 dr\u0117kinimo \u017eingsn\u012f kasdien\u0117je prie\u017ei\u016broje<\/p>\n<\/li>\n<\/ul>","protected":false},"excerpt":{"rendered":"<p>Tonikas, skirtas odos dr\u0117kinimui ir maitinimui<\/p>","protected":false},"featured_media":6461,"comment_status":"open","ping_status":"closed","template":"","meta":[],"product_cat":[105],"product_tag":[],"class_list":{"0":"post-6460","1":"product","2":"type-product","3":"status-publish","4":"has-post-thumbnail","6":"product_cat-tonikai","7":"pa_brands-oxygenceuticals","8":"pa_talpa-120ml","9":"pa_talpa-300ml","11":"first","12":"instock","13":"taxable","14":"shipping-taxable","15":"purchasable","16":"product-type-variable"},"_links":{"self":[{"href":"https:\/\/miamedic.lt\/en\/wp-json\/wp\/v2\/product\/6460","targetHints":{"allow":["GET"]}}],"collection":[{"href":"https:\/\/miamedic.lt\/en\/wp-json\/wp\/v2\/product"}],"about":[{"href":"https:\/\/miamedic.lt\/en\/wp-json\/wp\/v2\/types\/product"}],"replies":[{"embeddable":true,"href":"https:\/\/miamedic.lt\/en\/wp-json\/wp\/v2\/comments?post=6460"}],"version-history":[{"count":2,"href":"https:\/\/miamedic.lt\/en\/wp-json\/wp\/v2\/product\/6460\/revisions"}],"predecessor-version":[{"id":12522,"href":"https:\/\/miamedic.lt\/en\/wp-json\/wp\/v2\/product\/6460\/revisions\/12522"}],"wp:featuredmedia":[{"embeddable":true,"href":"https:\/\/miamedic.lt\/en\/wp-json\/wp\/v2\/media\/6461"}],"wp:attachment":[{"href":"https:\/\/miamedic.lt\/en\/wp-json\/wp\/v2\/media?parent=6460"}],"wp:term":[{"taxonomy":"product_cat","embeddable":true,"href":"https:\/\/miamedic.lt\/en\/wp-json\/wp\/v2\/product_cat?post=6460"},{"taxonomy":"product_tag","embeddable":true,"href":"https:\/\/miamedic.lt\/en\/wp-json\/wp\/v2\/product_tag?post=6460"}],"curies":[{"name":"wp","href":"https:\/\/api.w.org\/{rel}","templated":true}]}}