{"id":6453,"date":"2025-04-23T13:17:17","date_gmt":"2025-04-23T13:17:17","guid":{"rendered":"https:\/\/www.miamedic.lt\/?post_type=product&#038;p=6453"},"modified":"2025-12-01T00:30:23","modified_gmt":"2025-12-01T00:30:23","slug":"toning-gel","status":"publish","type":"product","link":"https:\/\/miamedic.lt\/en\/shop\/toning-gel\/","title":{"rendered":"Toning Gel"},"content":{"rendered":"<p class=\"\" data-start=\"95\" data-end=\"198\"><strong data-start=\"95\" data-end=\"198\">OxygenCeuticals Toning Gel \u2013 gaivinantis tonizuojantis gelis odos dr\u0117gmei ir elastingumui palaikyti<\/strong><\/p>\n<p class=\"\" data-start=\"200\" data-end=\"559\"><strong data-start=\"200\" data-end=\"230\">OxygenCeuticals Toning Gel<\/strong> \u2013 tai lengvos tekst\u016bros, greitai \u012fsigeriantis gelis, skirtas intensyviai dr\u0117kinti, tonizuoti ir paruo\u0161ti od\u0105 tolesniems prie\u017ei\u016bros \u017eingsniams. Jis puikiai tinka naudoti prie\u0161 masa\u017e\u0105, proced\u016bras ar aparatin\u012f poveik\u012f (pvz., ultragars\u0105, deguonies sraut\u0105). Toning Gel padeda pagerinti kraujotak\u0105, suteikia odai gaivumo ir \u0161vyt\u0117jimo.<\/p>\n<p class=\"\" data-start=\"561\" data-end=\"812\"><strong data-start=\"561\" data-end=\"574\">Effect:<\/strong><br data-start=\"574\" data-end=\"577\" \/>\u2022 Dr\u0117kina ir tonizuoja od\u0105<br data-start=\"603\" data-end=\"606\" \/>\u2022 Pagerina odos mikrocirkuliacij\u0105 ir skaistum\u0105<br data-start=\"652\" data-end=\"655\" \/>\u2022 Paruo\u0161ia od\u0105 tolesniems produktams ir proced\u016broms<br data-start=\"706\" data-end=\"709\" \/>\u2022 Suteikia v\u0117sinant\u012f, gaivinant\u012f poveik\u012f<br data-start=\"749\" data-end=\"752\" \/>\u2022 Padeda pagerinti masa\u017eo ar aparatini\u0173 proced\u016br\u0173 efektyvum\u0105<\/p>\n<p class=\"\" data-start=\"814\" data-end=\"1055\"><strong data-start=\"814\" data-end=\"829\">Usage:<\/strong><br data-start=\"829\" data-end=\"832\" \/>Tepkite ant \u0161varios veido ar k\u016bno odos prie\u0161 masa\u017e\u0105, ultragars\u0105, oksigenacij\u0105 ar kitas proced\u016bras.<br data-start=\"930\" data-end=\"933\" \/>Gali b\u016bti naudojamas vieti\u0161kai arba visam veidui\/kaklui.<br data-start=\"989\" data-end=\"992\" \/>Nereikia nuplauti \u2013 \u0161velniai \u012fmasa\u017euoti arba palikti susigerti.<\/p>\n<p class=\"\" data-start=\"1057\" data-end=\"1241\"><strong data-start=\"1057\" data-end=\"1075\">Suitable for use:<\/strong><br data-start=\"1075\" data-end=\"1078\" \/>Vis\u0173 tip\u0173 odai, \u012fskaitant jautri\u0105 ir brand\u017ei\u0105.<br data-start=\"1124\" data-end=\"1127\" \/>Ypa\u010d rekomenduojama naudoti proced\u016br\u0173 metu kabinete arba kaip papildom\u0105 dr\u0117kinam\u0105j\u0105 priemon\u0119 kar\u0161tuoju met\u0173 laiku.<\/p>","protected":false},"excerpt":{"rendered":"<p>Gaivinantis tonizuojantis gelis odos dr\u0117gmei ir elastingumui palaikyti<\/p>","protected":false},"featured_media":6454,"comment_status":"open","ping_status":"closed","template":"","meta":[],"product_cat":[139,129],"product_tag":[],"class_list":{"0":"post-6453","1":"product","2":"type-product","3":"status-publish","4":"has-post-thumbnail","6":"product_cat-dekolte","7":"product_cat-veido-kremai","8":"pa_brands-oxygenceuticals","9":"pa_talpa-200ml","10":"pa_talpa-50ml-2","12":"first","13":"instock","14":"taxable","15":"shipping-taxable","16":"purchasable","17":"product-type-variable"},"_links":{"self":[{"href":"https:\/\/miamedic.lt\/en\/wp-json\/wp\/v2\/product\/6453","targetHints":{"allow":["GET"]}}],"collection":[{"href":"https:\/\/miamedic.lt\/en\/wp-json\/wp\/v2\/product"}],"about":[{"href":"https:\/\/miamedic.lt\/en\/wp-json\/wp\/v2\/types\/product"}],"replies":[{"embeddable":true,"href":"https:\/\/miamedic.lt\/en\/wp-json\/wp\/v2\/comments?post=6453"}],"version-history":[{"count":2,"href":"https:\/\/miamedic.lt\/en\/wp-json\/wp\/v2\/product\/6453\/revisions"}],"predecessor-version":[{"id":12523,"href":"https:\/\/miamedic.lt\/en\/wp-json\/wp\/v2\/product\/6453\/revisions\/12523"}],"wp:featuredmedia":[{"embeddable":true,"href":"https:\/\/miamedic.lt\/en\/wp-json\/wp\/v2\/media\/6454"}],"wp:attachment":[{"href":"https:\/\/miamedic.lt\/en\/wp-json\/wp\/v2\/media?parent=6453"}],"wp:term":[{"taxonomy":"product_cat","embeddable":true,"href":"https:\/\/miamedic.lt\/en\/wp-json\/wp\/v2\/product_cat?post=6453"},{"taxonomy":"product_tag","embeddable":true,"href":"https:\/\/miamedic.lt\/en\/wp-json\/wp\/v2\/product_tag?post=6453"}],"curies":[{"name":"wp","href":"https:\/\/api.w.org\/{rel}","templated":true}]}}