{"id":6447,"date":"2025-04-23T13:09:11","date_gmt":"2025-04-23T13:09:11","guid":{"rendered":"https:\/\/www.miamedic.lt\/?post_type=product&#038;p=6447"},"modified":"2025-12-01T00:29:44","modified_gmt":"2025-12-01T00:29:44","slug":"cryogenic-activator","status":"publish","type":"product","link":"https:\/\/miamedic.lt\/en\/shop\/cryogenic-activator\/","title":{"rendered":"Cryogenic Activator"},"content":{"rendered":"<p class=\"\" data-start=\"137\" data-end=\"239\"><strong data-start=\"137\" data-end=\"239\">OxygenCeuticals Cryogenic Activator \u2013 v\u0117sinantis pur\u0161kiklis jautriai ir po proced\u016br\u0173 esan\u010diai odai<\/strong><\/p>\n<p class=\"\" data-start=\"241\" data-end=\"600\"><strong data-start=\"241\" data-end=\"280\">OxygenCeuticals Cryogenic Activator<\/strong> \u2013 tai gaivinantis veido pur\u0161kiklis su intensyviu v\u0117sinamuoju poveikiu, skirtas suma\u017einti paraudim\u0105, sudirgim\u0105 ir \u0161ilumos poj\u016bt\u012f odoje. \u0160i dulksna idealiai tinka naudoti po proced\u016br\u0173, esant jautrumui ar temperat\u016briniam diskomfortui. Ji greitai atkuria odos balans\u0105, sutraukia poras ir suteikia \u0161varos bei gaivumo jausm\u0105.<\/p>\n<p class=\"\" data-start=\"602\" data-end=\"880\"><strong data-start=\"602\" data-end=\"615\">Effect:<\/strong><br data-start=\"615\" data-end=\"618\" \/>\u2022 Akimirksniu v\u0117sina ir ramina sudirgusi\u0105 od\u0105<br data-start=\"663\" data-end=\"666\" \/>\u2022 Ma\u017eina paraudim\u0105, patinim\u0105 ir \u0161ilumos poj\u016bt\u012f<br data-start=\"712\" data-end=\"715\" \/>\u2022 Sutraukia poras ir stangrina pavir\u0161in\u012f odos sluoksn\u012f<br data-start=\"769\" data-end=\"772\" \/>\u2022 Apsaugo nuo i\u0161saus\u0117jimo ir palaiko odos balans\u0105<br data-start=\"821\" data-end=\"824\" \/>\u2022 Tinka naudoti kaip u\u017ebaigiamasis \u017eingsnis po proced\u016br\u0173<\/p>\n<p class=\"\" data-start=\"882\" data-end=\"1139\"><strong data-start=\"882\" data-end=\"897\">Usage:<\/strong><br data-start=\"897\" data-end=\"900\" \/>Pur\u0161kite ant \u0161varios veido odos po proced\u016br\u0173 arba kai oda yra jautri, paraudusi ar pavargusi.<br data-start=\"993\" data-end=\"996\" \/>Gali b\u016bti naudojamas dienos metu kaip atgaivinantis tonikas.<br data-start=\"1056\" data-end=\"1059\" \/>Tepkite prie\u0161 serumus arba po kauk\u0117s \u2013 tiek profesionaliai, tiek nam\u0173 s\u0105lygomis.<\/p>\n<p class=\"\" data-start=\"1141\" data-end=\"1334\"><strong data-start=\"1141\" data-end=\"1159\">Suitable for use:<\/strong><br data-start=\"1159\" data-end=\"1162\" \/>Visiems odos tipams, ypa\u010d jautriai, u\u017edegiminei ar kar\u0161\u010dio paveiktai odai.<br data-start=\"1236\" data-end=\"1239\" \/>Rekomenduojama naudoti po piling\u0173, lazerio, mikroadatin\u0117s terapijos, valym\u0173 ar saul\u0117s poveikio.<\/p>","protected":false},"excerpt":{"rendered":"<p>V\u0117sinantis pur\u0161kiklis jautriai ir po proced\u016br\u0173 esan\u010diai odai<\/p>","protected":false},"featured_media":6448,"comment_status":"open","ping_status":"closed","template":"","meta":[],"product_cat":[224],"product_tag":[],"class_list":{"0":"post-6447","1":"product","2":"type-product","3":"status-publish","4":"has-post-thumbnail","6":"product_cat-dulksnos","7":"pa_brands-oxygenceuticals","8":"pa_talpa-150ml","10":"first","11":"instock","12":"taxable","13":"shipping-taxable","14":"purchasable","15":"product-type-simple"},"_links":{"self":[{"href":"https:\/\/miamedic.lt\/en\/wp-json\/wp\/v2\/product\/6447","targetHints":{"allow":["GET"]}}],"collection":[{"href":"https:\/\/miamedic.lt\/en\/wp-json\/wp\/v2\/product"}],"about":[{"href":"https:\/\/miamedic.lt\/en\/wp-json\/wp\/v2\/types\/product"}],"replies":[{"embeddable":true,"href":"https:\/\/miamedic.lt\/en\/wp-json\/wp\/v2\/comments?post=6447"}],"version-history":[{"count":2,"href":"https:\/\/miamedic.lt\/en\/wp-json\/wp\/v2\/product\/6447\/revisions"}],"predecessor-version":[{"id":12525,"href":"https:\/\/miamedic.lt\/en\/wp-json\/wp\/v2\/product\/6447\/revisions\/12525"}],"wp:featuredmedia":[{"embeddable":true,"href":"https:\/\/miamedic.lt\/en\/wp-json\/wp\/v2\/media\/6448"}],"wp:attachment":[{"href":"https:\/\/miamedic.lt\/en\/wp-json\/wp\/v2\/media?parent=6447"}],"wp:term":[{"taxonomy":"product_cat","embeddable":true,"href":"https:\/\/miamedic.lt\/en\/wp-json\/wp\/v2\/product_cat?post=6447"},{"taxonomy":"product_tag","embeddable":true,"href":"https:\/\/miamedic.lt\/en\/wp-json\/wp\/v2\/product_tag?post=6447"}],"curies":[{"name":"wp","href":"https:\/\/api.w.org\/{rel}","templated":true}]}}