{"id":6377,"date":"2025-04-17T14:35:00","date_gmt":"2025-04-17T14:35:00","guid":{"rendered":"https:\/\/www.miamedic.lt\/?post_type=product&#038;p=6377"},"modified":"2025-12-01T00:29:45","modified_gmt":"2025-12-01T00:29:45","slug":"regenon-activator","status":"publish","type":"product","link":"https:\/\/miamedic.lt\/en\/shop\/regenon-activator\/","title":{"rendered":"ReGenon Activator"},"content":{"rendered":"<p class=\"\" data-start=\"102\" data-end=\"195\"><strong data-start=\"102\" data-end=\"195\">OxygenCeuticals ReGenon Activator \u2013 aktyvinantis tonikas odos regeneracijai ir \u0161vyt\u0117jimui<\/strong><\/p>\n<p class=\"\" data-start=\"197\" data-end=\"537\"><strong data-start=\"197\" data-end=\"234\">OxygenCeuticals ReGenon Activator<\/strong> \u2013 tai multifunkcinis, od\u0105 atgaivinantis tonikas, praturtintas antioksidantais, \u0161viesinan\u010diais ir dr\u0117kinan\u010diais ingredientais. Jis sustiprina odos regeneracij\u0105, gerina veikli\u0173j\u0173 med\u017eiag\u0173 \u012fsisavinim\u0105 ir puikiai tinka naudoti tiek kasdien\u0117je prie\u017ei\u016broje, tiek kaip paruo\u0161iamasis \u017eingsnis prie\u0161 proced\u016bras.<\/p>\n<p class=\"\" data-start=\"539\" data-end=\"768\"><strong data-start=\"539\" data-end=\"552\">Effect:<\/strong><br data-start=\"552\" data-end=\"555\" \/>\u2022 Skatina odos l\u0105steli\u0173 atsinaujinim\u0105<br data-start=\"592\" data-end=\"595\" \/>\u2022 Dr\u0117kina, \u0161viesina ir gaivina od\u0105<br data-start=\"629\" data-end=\"632\" \/>\u2022 Pagerina veikli\u0173j\u0173 med\u017eiag\u0173 absorbcij\u0105<br data-start=\"672\" data-end=\"675\" \/>\u2022 Paruo\u0161ia od\u0105 serumams, ampul\u0117ms ar kauk\u0117ms<br data-start=\"719\" data-end=\"722\" \/>\u2022 Suteikia \u0161vytin\u010dios, atgaivintos odos efekt\u0105<\/p>\n<p class=\"\" data-start=\"770\" data-end=\"1015\"><strong data-start=\"770\" data-end=\"785\">Usage:<\/strong><br data-start=\"785\" data-end=\"788\" \/>Po odos valymo sudr\u0117kinkite vatos diskel\u012f arba delnus ir paskirstykite ant veido bei kaklo.<br data-start=\"879\" data-end=\"882\" \/>Gali b\u016bti naudojamas tiek ryte, tiek vakare.<br data-start=\"926\" data-end=\"929\" \/>Puikiai tinka naudoti prie\u0161 mezoterapij\u0105, mikroadatin\u0119 ar odos atjauninimo proced\u016bras.<\/p>\n<p class=\"\" data-start=\"1017\" data-end=\"1197\"><strong data-start=\"1017\" data-end=\"1035\">Suitable for use:<\/strong><br data-start=\"1035\" data-end=\"1038\" \/>Visiems odos tipams, ypa\u010d papilk\u0117jusiai, pavargusiai, brand\u017eiai ar nelygios tekst\u016bros odai.<br data-start=\"1129\" data-end=\"1132\" \/>Rekomenduojama naudoti tiek profesionaliai, tiek nam\u0173 prie\u017ei\u016brai.<\/p>","protected":false},"excerpt":{"rendered":"<p>Aktyvinantis tonikas odos regeneracijai ir \u0161vyt\u0117jimui<\/p>","protected":false},"featured_media":6378,"comment_status":"open","ping_status":"closed","template":"","meta":[],"product_cat":[105],"product_tag":[],"class_list":{"0":"post-6377","1":"product","2":"type-product","3":"status-publish","4":"has-post-thumbnail","6":"product_cat-tonikai","7":"pa_brands-oxygenceuticals","8":"pa_talpa-100ml","10":"first","11":"instock","12":"taxable","13":"shipping-taxable","14":"purchasable","15":"product-type-simple"},"_links":{"self":[{"href":"https:\/\/miamedic.lt\/en\/wp-json\/wp\/v2\/product\/6377","targetHints":{"allow":["GET"]}}],"collection":[{"href":"https:\/\/miamedic.lt\/en\/wp-json\/wp\/v2\/product"}],"about":[{"href":"https:\/\/miamedic.lt\/en\/wp-json\/wp\/v2\/types\/product"}],"replies":[{"embeddable":true,"href":"https:\/\/miamedic.lt\/en\/wp-json\/wp\/v2\/comments?post=6377"}],"version-history":[{"count":3,"href":"https:\/\/miamedic.lt\/en\/wp-json\/wp\/v2\/product\/6377\/revisions"}],"predecessor-version":[{"id":12526,"href":"https:\/\/miamedic.lt\/en\/wp-json\/wp\/v2\/product\/6377\/revisions\/12526"}],"wp:featuredmedia":[{"embeddable":true,"href":"https:\/\/miamedic.lt\/en\/wp-json\/wp\/v2\/media\/6378"}],"wp:attachment":[{"href":"https:\/\/miamedic.lt\/en\/wp-json\/wp\/v2\/media?parent=6377"}],"wp:term":[{"taxonomy":"product_cat","embeddable":true,"href":"https:\/\/miamedic.lt\/en\/wp-json\/wp\/v2\/product_cat?post=6377"},{"taxonomy":"product_tag","embeddable":true,"href":"https:\/\/miamedic.lt\/en\/wp-json\/wp\/v2\/product_tag?post=6377"}],"curies":[{"name":"wp","href":"https:\/\/api.w.org\/{rel}","templated":true}]}}