{"id":6360,"date":"2025-04-17T14:11:08","date_gmt":"2025-04-17T14:11:08","guid":{"rendered":"https:\/\/www.miamedic.lt\/?post_type=product&#038;p=6360"},"modified":"2025-12-01T00:29:45","modified_gmt":"2025-12-01T00:29:45","slug":"enzyme-peel","status":"publish","type":"product","link":"https:\/\/miamedic.lt\/en\/shop\/enzyme-peel\/","title":{"rendered":"Enzyme Peel"},"content":{"rendered":"<p class=\"\" data-start=\"113\" data-end=\"223\"><strong data-start=\"113\" data-end=\"223\">OxygenCeuticals Daily Botanicals Enzyme Peel \u2013 kasdienis fermentinis \u0161veitiklis su augaliniais ekstraktais<\/strong><\/p>\n<p class=\"\" data-start=\"225\" data-end=\"530\">OxygenCeuticals Daily Botanicals Enzyme Peel \u2013 tai \u0161velnaus poveikio eksfoliacin\u0117 priemon\u0117, sukurta pa\u0161alinti negyvas l\u0105steles ir atnaujinti odos pavir\u0161i\u0173 naudojant nat\u016bralius fermentus bei augalinius ekstraktus. Puikiai tinka jautriai ar plonai odai, kuriai netinka mechaniniai ar r\u016bg\u0161tiniai \u0161veitikliai.<\/p>\n<p class=\"\" data-start=\"532\" data-end=\"823\"><strong data-start=\"532\" data-end=\"545\">Effect:<\/strong><br data-start=\"545\" data-end=\"548\" \/>\u2022 \u0160velniai pa\u0161alina negyvas odos l\u0105steles, nepa\u017eeid\u017eiant barjero<br data-start=\"612\" data-end=\"615\" \/>\u2022 Skatina l\u0105steli\u0173 atsinaujinim\u0105 ir pagerina odos tekst\u016br\u0105<br data-start=\"673\" data-end=\"676\" \/>\u2022 Skaistina, lygina ir suteikia odai gaivumo<br data-start=\"720\" data-end=\"723\" \/>\u2022 Ramina sudirgusi\u0105 od\u0105 ir ma\u017eina paraudim\u0105<br data-start=\"766\" data-end=\"769\" \/>\u2022 Paruo\u0161ia od\u0105 geresniam serum\u0173 ar kauki\u0173 \u012fsisavinimui<\/p>\n<p class=\"\" data-start=\"825\" data-end=\"1038\"><strong data-start=\"825\" data-end=\"840\">Usage:<\/strong><br data-start=\"840\" data-end=\"843\" \/>Tepkite plon\u0105 sluoksn\u012f ant \u0161varios, sausos odos.<br data-start=\"891\" data-end=\"894\" \/>Palikite veikti 5\u201310 minu\u010di\u0173, tuomet \u0161velniai nuplaukite vandeniu.<br data-start=\"960\" data-end=\"963\" \/>Naudokite 2\u20133 kartus per savait\u0119, priklausomai nuo odos b\u016bkl\u0117s ir jautrumo.<\/p>\n<p class=\"\" data-start=\"1040\" data-end=\"1219\"><strong data-start=\"1040\" data-end=\"1058\">Suitable for use:<\/strong><br data-start=\"1058\" data-end=\"1061\" \/>Vis\u0173 tip\u0173 odai, ypa\u010d jautriai, sudirgusiai, linkusiai \u012f raudon\u012f ar i\u0161ret\u0117jusiai odai.<br data-start=\"1146\" data-end=\"1149\" \/>Rekomenduojama kaip saugus, ner\u016bg\u0161tinis \u0161veitimas net ir po proced\u016br\u0173.<\/p>","protected":false},"excerpt":{"rendered":"<p>Kasdienis fermentinis \u0161veitiklis su augaliniais ekstraktais<\/p>","protected":false},"featured_media":6441,"comment_status":"open","ping_status":"closed","template":"","meta":[],"product_cat":[110],"product_tag":[],"class_list":{"0":"post-6360","1":"product","2":"type-product","3":"status-publish","4":"has-post-thumbnail","6":"product_cat-sveitikliai","7":"pa_brands-oxygenceuticals","8":"pa_talpa-75ml","10":"first","11":"instock","12":"taxable","13":"shipping-taxable","14":"purchasable","15":"product-type-simple"},"_links":{"self":[{"href":"https:\/\/miamedic.lt\/en\/wp-json\/wp\/v2\/product\/6360","targetHints":{"allow":["GET"]}}],"collection":[{"href":"https:\/\/miamedic.lt\/en\/wp-json\/wp\/v2\/product"}],"about":[{"href":"https:\/\/miamedic.lt\/en\/wp-json\/wp\/v2\/types\/product"}],"replies":[{"embeddable":true,"href":"https:\/\/miamedic.lt\/en\/wp-json\/wp\/v2\/comments?post=6360"}],"version-history":[{"count":3,"href":"https:\/\/miamedic.lt\/en\/wp-json\/wp\/v2\/product\/6360\/revisions"}],"predecessor-version":[{"id":12527,"href":"https:\/\/miamedic.lt\/en\/wp-json\/wp\/v2\/product\/6360\/revisions\/12527"}],"wp:featuredmedia":[{"embeddable":true,"href":"https:\/\/miamedic.lt\/en\/wp-json\/wp\/v2\/media\/6441"}],"wp:attachment":[{"href":"https:\/\/miamedic.lt\/en\/wp-json\/wp\/v2\/media?parent=6360"}],"wp:term":[{"taxonomy":"product_cat","embeddable":true,"href":"https:\/\/miamedic.lt\/en\/wp-json\/wp\/v2\/product_cat?post=6360"},{"taxonomy":"product_tag","embeddable":true,"href":"https:\/\/miamedic.lt\/en\/wp-json\/wp\/v2\/product_tag?post=6360"}],"curies":[{"name":"wp","href":"https:\/\/api.w.org\/{rel}","templated":true}]}}