{"id":6353,"date":"2025-04-17T14:07:57","date_gmt":"2025-04-17T14:07:57","guid":{"rendered":"https:\/\/www.miamedic.lt\/?post_type=product&#038;p=6353"},"modified":"2026-02-02T17:22:29","modified_gmt":"2026-02-02T17:22:29","slug":"pore-mask","status":"publish","type":"product","link":"https:\/\/miamedic.lt\/en\/shop\/pore-mask\/","title":{"rendered":"Pore Mask"},"content":{"rendered":"<p class=\"\" data-start=\"94\" data-end=\"187\"><strong data-start=\"94\" data-end=\"187\">OxygenCeuticals Pore Mask \u2013 detoksikuojanti molio kauk\u0117 por\u0173 valymui ir riebal\u0173 kontrolei<\/strong><\/p>\n<p class=\"\" data-start=\"189\" data-end=\"448\">OxygenCeuticals Pore Mask \u2013 tai valomoji kauk\u0117 su nat\u016braliu moliu, sukurta pa\u0161alinti ne\u0161varumus i\u0161 por\u0173, suma\u017einti riebal\u0173 pertekli\u0173 ir suteikti odai matin\u012f, glotn\u0173 efekt\u0105. Ji giliai veikia T zonoje, nesausindama odos, ir padeda palaikyti sveik\u0105 odos balans\u0105.<\/p>\n<p class=\"\" data-start=\"450\" data-end=\"662\"><strong data-start=\"450\" data-end=\"463\">Effect:<\/strong><br data-start=\"463\" data-end=\"466\" \/>\u2022 I\u0161valo poras nuo riebal\u0173 ir ne\u0161varum\u0173<br data-start=\"505\" data-end=\"508\" \/>\u2022 Suma\u017eina por\u0173 matomum\u0105<br data-start=\"532\" data-end=\"535\" \/>\u2022 Sutraukia, atgaivina ir skaistina od\u0105<br data-start=\"574\" data-end=\"577\" \/>\u2022 Reguliuoja sebumo i\u0161siskyrim\u0105<br data-start=\"608\" data-end=\"611\" \/>\u2022 Suteikia \u0161varos ir matin\u0117s odos poj\u016bt\u012f be tempimo<\/p>\n<p class=\"\" data-start=\"664\" data-end=\"922\"><strong data-start=\"664\" data-end=\"679\">Usage:<\/strong><br data-start=\"679\" data-end=\"682\" \/>Tepkite plonu sluoksniu ant \u0161varios veido odos, ypa\u010d T zonoje ar problemin\u0117se vietose.<br data-start=\"768\" data-end=\"771\" \/>Palikite 10\u201315 minu\u010di\u0173, kol kauk\u0117 prad\u0117s d\u017ei\u016bti (bet nesutr\u016bkin\u0117s).<br data-start=\"838\" data-end=\"841\" \/>Nuplaukite \u0161iltu vandeniu.<br data-start=\"867\" data-end=\"870\" \/>Naudokite 1\u20132 kartus per savait\u0119 arba pagal poreik\u012f.<\/p>\n<p class=\"\" data-start=\"924\" data-end=\"1089\"><strong data-start=\"924\" data-end=\"942\">Suitable for use:<\/strong><br data-start=\"942\" data-end=\"945\" \/>Mi\u0161riai, riebiai ar \u012f ink\u0161tirus bei u\u017esikim\u0161usias poras linkusiai odai.<br data-start=\"1016\" data-end=\"1019\" \/>Tinka naudoti tiek profesionaliose proced\u016brose, tiek nam\u0173 prie\u017ei\u016broje.<\/p>","protected":false},"excerpt":{"rendered":"<p>Detoksikuojanti molio kauk\u0117 por\u0173 valymui ir riebal\u0173 kontrolei<\/p>","protected":false},"featured_media":6354,"comment_status":"open","ping_status":"closed","template":"","meta":[],"product_cat":[124,420],"product_tag":[],"class_list":{"0":"post-6353","1":"product","2":"type-product","3":"status-publish","4":"has-post-thumbnail","6":"product_cat-prausikliai","7":"product_cat-veido-kaukes","8":"pa_brands-oxygenceuticals","9":"pa_talpa-200ml","10":"pa_talpa-30ml-2","12":"first","13":"instock","14":"taxable","15":"shipping-taxable","16":"purchasable","17":"product-type-variable"},"_links":{"self":[{"href":"https:\/\/miamedic.lt\/en\/wp-json\/wp\/v2\/product\/6353","targetHints":{"allow":["GET"]}}],"collection":[{"href":"https:\/\/miamedic.lt\/en\/wp-json\/wp\/v2\/product"}],"about":[{"href":"https:\/\/miamedic.lt\/en\/wp-json\/wp\/v2\/types\/product"}],"replies":[{"embeddable":true,"href":"https:\/\/miamedic.lt\/en\/wp-json\/wp\/v2\/comments?post=6353"}],"version-history":[{"count":3,"href":"https:\/\/miamedic.lt\/en\/wp-json\/wp\/v2\/product\/6353\/revisions"}],"predecessor-version":[{"id":6371,"href":"https:\/\/miamedic.lt\/en\/wp-json\/wp\/v2\/product\/6353\/revisions\/6371"}],"wp:featuredmedia":[{"embeddable":true,"href":"https:\/\/miamedic.lt\/en\/wp-json\/wp\/v2\/media\/6354"}],"wp:attachment":[{"href":"https:\/\/miamedic.lt\/en\/wp-json\/wp\/v2\/media?parent=6353"}],"wp:term":[{"taxonomy":"product_cat","embeddable":true,"href":"https:\/\/miamedic.lt\/en\/wp-json\/wp\/v2\/product_cat?post=6353"},{"taxonomy":"product_tag","embeddable":true,"href":"https:\/\/miamedic.lt\/en\/wp-json\/wp\/v2\/product_tag?post=6353"}],"curies":[{"name":"wp","href":"https:\/\/api.w.org\/{rel}","templated":true}]}}