{"id":6348,"date":"2025-04-17T14:04:40","date_gmt":"2025-04-17T14:04:40","guid":{"rendered":"https:\/\/www.miamedic.lt\/?post_type=product&#038;p=6348"},"modified":"2025-12-01T00:29:45","modified_gmt":"2025-12-01T00:29:45","slug":"foaming-wash","status":"publish","type":"product","link":"https:\/\/miamedic.lt\/en\/shop\/foaming-wash\/","title":{"rendered":"Foaming Wash"},"content":{"rendered":"<p class=\"\" data-start=\"107\" data-end=\"216\"><strong data-start=\"107\" data-end=\"216\">OxygenCeuticals Purifying Foaming Wash \u2013 intensyviai valantis put\u0173 prausiklis riebiai ir probleminei odai<\/strong><\/p>\n<p class=\"\" data-start=\"218\" data-end=\"508\">OxygenCeuticals Purifying Foaming Wash \u2013 tai gaivinantis, lengvos put\u0173 tekst\u016bros prausiklis, sukurtas specialiai riebiai, \u012f akn\u0119 linkusiai ar u\u017esikim\u0161usioms poroms b\u016bdingai odai. Valo efektyviai, bet \u0161velniai \u2013 nesausina, nepa\u017eeid\u017eia odos balanso ir kartu padeda kovoti su akn\u0117s suk\u0117l\u0117jais.<\/p>\n<p class=\"\" data-start=\"510\" data-end=\"768\"><strong data-start=\"510\" data-end=\"523\">Effect:<\/strong><br data-start=\"523\" data-end=\"526\" \/>\u2022 Giliai valo poras ir pa\u0161alina riebal\u0173 pertekli\u0173<br data-start=\"575\" data-end=\"578\" \/>\u2022 Ma\u017eina spuog\u0173 atsiradim\u0105 ir u\u017edegiminius procesus<br data-start=\"629\" data-end=\"632\" \/>\u2022 Gaivina, \u0161velniai sutraukia ir subalansuoja od\u0105<br data-start=\"681\" data-end=\"684\" \/>\u2022 Palaiko sveik\u0105 mikrobiom\u0105 ir dr\u0117gm\u0117s lyg\u012f<br data-start=\"727\" data-end=\"730\" \/>\u2022 Palieka od\u0105 \u0161vari\u0105, matin\u0119 ir gaivi\u0105<\/p>\n<p class=\"\" data-start=\"770\" data-end=\"993\"><strong data-start=\"770\" data-end=\"785\">Usage:<\/strong><br data-start=\"785\" data-end=\"788\" \/>Ryte ir vakare i\u0161spauskite nedidel\u012f kiek\u012f produkto ant dr\u0117gn\u0173 deln\u0173, i\u0161putokite ir masa\u017euokite veid\u0105 30\u201360 sekund\u017ei\u0173, ypa\u010d T zonoje.<br data-start=\"920\" data-end=\"923\" \/>Gerai nuplaukite vandeniu.<br data-start=\"949\" data-end=\"952\" \/>Tinka naudoti kasdien arba pagal poreik\u012f.<\/p>\n<p class=\"\" data-start=\"995\" data-end=\"1155\"><strong data-start=\"995\" data-end=\"1013\">Suitable for use:<\/strong><br data-start=\"1013\" data-end=\"1016\" \/>Riebiai, mi\u0161riai, \u012f b\u0117rimus ar komedonus linkusiai odai.<br data-start=\"1072\" data-end=\"1075\" \/>Puikiai tinka paaugliams ar kaip profesionalios proced\u016bros paruo\u0161iamasis etapas.<\/p>","protected":false},"excerpt":{"rendered":"<p>Intensyviai valantis put\u0173 prausiklis riebiai ir probleminei odai<\/p>","protected":false},"featured_media":6439,"comment_status":"open","ping_status":"closed","template":"","meta":[],"product_cat":[124],"product_tag":[],"class_list":{"0":"post-6348","1":"product","2":"type-product","3":"status-publish","4":"has-post-thumbnail","6":"product_cat-prausikliai","7":"pa_brands-oxygenceuticals","8":"pa_talpa-100ml","10":"first","11":"instock","12":"taxable","13":"shipping-taxable","14":"purchasable","15":"product-type-simple"},"_links":{"self":[{"href":"https:\/\/miamedic.lt\/en\/wp-json\/wp\/v2\/product\/6348","targetHints":{"allow":["GET"]}}],"collection":[{"href":"https:\/\/miamedic.lt\/en\/wp-json\/wp\/v2\/product"}],"about":[{"href":"https:\/\/miamedic.lt\/en\/wp-json\/wp\/v2\/types\/product"}],"replies":[{"embeddable":true,"href":"https:\/\/miamedic.lt\/en\/wp-json\/wp\/v2\/comments?post=6348"}],"version-history":[{"count":3,"href":"https:\/\/miamedic.lt\/en\/wp-json\/wp\/v2\/product\/6348\/revisions"}],"predecessor-version":[{"id":12528,"href":"https:\/\/miamedic.lt\/en\/wp-json\/wp\/v2\/product\/6348\/revisions\/12528"}],"wp:featuredmedia":[{"embeddable":true,"href":"https:\/\/miamedic.lt\/en\/wp-json\/wp\/v2\/media\/6439"}],"wp:attachment":[{"href":"https:\/\/miamedic.lt\/en\/wp-json\/wp\/v2\/media?parent=6348"}],"wp:term":[{"taxonomy":"product_cat","embeddable":true,"href":"https:\/\/miamedic.lt\/en\/wp-json\/wp\/v2\/product_cat?post=6348"},{"taxonomy":"product_tag","embeddable":true,"href":"https:\/\/miamedic.lt\/en\/wp-json\/wp\/v2\/product_tag?post=6348"}],"curies":[{"name":"wp","href":"https:\/\/api.w.org\/{rel}","templated":true}]}}