{"id":6343,"date":"2025-04-17T14:01:23","date_gmt":"2025-04-17T14:01:23","guid":{"rendered":"https:\/\/www.miamedic.lt\/?post_type=product&#038;p=6343"},"modified":"2025-12-01T00:29:45","modified_gmt":"2025-12-01T00:29:45","slug":"gentle-cleansing-lotion","status":"publish","type":"product","link":"https:\/\/miamedic.lt\/en\/shop\/gentle-cleansing-lotion\/","title":{"rendered":"Gentle Cleansing Lotion"},"content":{"rendered":"<p class=\"\" data-start=\"115\" data-end=\"225\"><strong data-start=\"115\" data-end=\"225\">OxygenCeuticals Gentle Facial Cleansing Lotion \u2013 \u0161velnus valomasis losjonas jautriai ir dehidratuotai odai<\/strong><\/p>\n<p class=\"\" data-start=\"227\" data-end=\"523\">OxygenCeuticals Gentle Facial Cleansing Lotion \u2013 tai kremin\u0117s konsistencijos, \u0161velnus, odos lipid\u0173 nepa\u017eeid\u017eiantis valiklis, skirtas efektyviam ne\u0161varum\u0173 pa\u0161alinimui nuo odos pavir\u0161iaus. Sukurtas taip, kad valo nepa\u017eeisdamas odos hidrolipido barjero, tod\u0117l puikiai tinka net ir jautriausiai odai.<\/p>\n<p class=\"\" data-start=\"525\" data-end=\"769\"><strong data-start=\"525\" data-end=\"538\">Effect:<\/strong><br data-start=\"538\" data-end=\"541\" \/>\u2022 \u0160velniai pa\u0161alina ne\u0161varumus ir perteklinius riebalus<br data-start=\"596\" data-end=\"599\" \/>\u2022 Nedirgina ir nei\u0161sausina odos<br data-start=\"630\" data-end=\"633\" \/>\u2022 Saugo nat\u016brali\u0105 odos apsaugin\u0119 pl\u0117vel\u0119<br data-start=\"673\" data-end=\"676\" \/>\u2022 Mink\u0161tina, dr\u0117kina ir ramina jautri\u0105 od\u0105<br data-start=\"718\" data-end=\"721\" \/>\u2022 Palieka komforto, \u0161varos ir elastingumo poj\u016bt\u012f<\/p>\n<p class=\"\" data-start=\"771\" data-end=\"979\"><strong data-start=\"771\" data-end=\"786\">Usage:<\/strong><br data-start=\"786\" data-end=\"789\" \/>Tepkite nedidel\u012f kiek\u012f losjono ant sausos arba dr\u0117gnos veido odos.<br data-start=\"855\" data-end=\"858\" \/>Masa\u017euokite sukamaisiais judesiais, tuomet nuvalykite servet\u0117le arba nuplaukite vandeniu.<br data-start=\"947\" data-end=\"950\" \/>Tinka naudoti ryte ir vakare.<\/p>\n<p class=\"\" data-start=\"981\" data-end=\"1179\"><strong data-start=\"981\" data-end=\"999\">Suitable for use:<\/strong><br data-start=\"999\" data-end=\"1002\" \/>Visiems odos tipams, ypa\u010d sausai, jautriai, sudirgusiai ar po proced\u016br\u0173 esan\u010diai odai.<br data-start=\"1088\" data-end=\"1091\" \/>Rekomenduojamas kaip pirmas valymo \u017eingsnis jautriems klientams ar esant dehidratacijai.<\/p>","protected":false},"excerpt":{"rendered":"<p>\u0160velnus valomasis losjonas jautriai ir dehidratuotai odai<\/p>","protected":false},"featured_media":6344,"comment_status":"open","ping_status":"closed","template":"","meta":[],"product_cat":[124],"product_tag":[],"class_list":{"0":"post-6343","1":"product","2":"type-product","3":"status-publish","4":"has-post-thumbnail","6":"product_cat-prausikliai","7":"pa_brands-oxygenceuticals","8":"pa_talpa-250ml","10":"first","11":"instock","12":"taxable","13":"shipping-taxable","14":"purchasable","15":"product-type-simple"},"_links":{"self":[{"href":"https:\/\/miamedic.lt\/en\/wp-json\/wp\/v2\/product\/6343","targetHints":{"allow":["GET"]}}],"collection":[{"href":"https:\/\/miamedic.lt\/en\/wp-json\/wp\/v2\/product"}],"about":[{"href":"https:\/\/miamedic.lt\/en\/wp-json\/wp\/v2\/types\/product"}],"replies":[{"embeddable":true,"href":"https:\/\/miamedic.lt\/en\/wp-json\/wp\/v2\/comments?post=6343"}],"version-history":[{"count":3,"href":"https:\/\/miamedic.lt\/en\/wp-json\/wp\/v2\/product\/6343\/revisions"}],"predecessor-version":[{"id":12529,"href":"https:\/\/miamedic.lt\/en\/wp-json\/wp\/v2\/product\/6343\/revisions\/12529"}],"wp:featuredmedia":[{"embeddable":true,"href":"https:\/\/miamedic.lt\/en\/wp-json\/wp\/v2\/media\/6344"}],"wp:attachment":[{"href":"https:\/\/miamedic.lt\/en\/wp-json\/wp\/v2\/media?parent=6343"}],"wp:term":[{"taxonomy":"product_cat","embeddable":true,"href":"https:\/\/miamedic.lt\/en\/wp-json\/wp\/v2\/product_cat?post=6343"},{"taxonomy":"product_tag","embeddable":true,"href":"https:\/\/miamedic.lt\/en\/wp-json\/wp\/v2\/product_tag?post=6343"}],"curies":[{"name":"wp","href":"https:\/\/api.w.org\/{rel}","templated":true}]}}