{"id":6338,"date":"2025-04-17T13:41:52","date_gmt":"2025-04-17T13:41:52","guid":{"rendered":"https:\/\/www.miamedic.lt\/?post_type=product&#038;p=6338"},"modified":"2025-12-01T00:29:46","modified_gmt":"2025-12-01T00:29:46","slug":"double-makeup-remover","status":"publish","type":"product","link":"https:\/\/miamedic.lt\/en\/shop\/double-makeup-remover\/","title":{"rendered":"Double Makeup Remover"},"content":{"rendered":"<p class=\"\" data-start=\"176\" data-end=\"277\"><strong data-start=\"176\" data-end=\"277\">OxygenCeuticals Double Makeup Remover \u2013 dvifazis makia\u017eo valiklis su od\u0105 raminan\u010diais ekstraktais<\/strong><\/p>\n<p class=\"\" data-start=\"279\" data-end=\"644\">OxygenCeuticals Double Makeup Remover \u2013 tai \u0161velnus, bet veiksmingas dvifazis valiklis, skirtas efektyviam veido ir aki\u0173 makia\u017eo pa\u0161alinimui. Aliejin\u0117 ir vandens pagrindo faz\u0117s veikia sinergi\u0161kai: viena tirpdo net ir vandeniui atspar\u0173 makia\u017e\u0105, kita \u2013 valo ir dr\u0117kina od\u0105. Formul\u0117 praturtinta augaliniais ekstraktais, kurie saugo odos barjer\u0105 ir neleid\u017eia i\u0161saus\u0117ti.<\/p>\n<p class=\"\" data-start=\"646\" data-end=\"938\"><strong data-start=\"646\" data-end=\"659\">Effect:<\/strong><br data-start=\"659\" data-end=\"662\" \/>\u2022 Efektyviai pa\u0161alina veido, aki\u0173 ir l\u016bp\u0173 makia\u017e\u0105, \u012fskaitant vandeniui atspar\u0173<br data-start=\"740\" data-end=\"743\" \/>\u2022 Dr\u0117kina ir ramina od\u0105 makia\u017eo \u0161alinimo metu<br data-start=\"788\" data-end=\"791\" \/>\u2022 Neleid\u017eia odai i\u0161saus\u0117ti, i\u0161laiko lipidin\u012f balans\u0105<br data-start=\"843\" data-end=\"846\" \/>\u2022 Nekem\u0161a por\u0173 ir nesukelia sudirginimo<br data-start=\"885\" data-end=\"888\" \/>\u2022 Palieka \u0161velnios, gaivios ir \u0161varios odos poj\u016bt\u012f<\/p>\n<p class=\"\" data-start=\"940\" data-end=\"1246\"><strong data-start=\"940\" data-end=\"955\">Usage:<\/strong><br data-start=\"955\" data-end=\"958\" \/>Prie\u0161 naudojim\u0105 suplakti, kad abi faz\u0117s susimai\u0161yt\u0173.<br data-start=\"1010\" data-end=\"1013\" \/>U\u017epilkite nedidel\u012f kiek\u012f ant vatos diskelio ir \u0161velniai nuvalykite makia\u017e\u0105 nuo veido ir aki\u0173 zonos.<br data-start=\"1112\" data-end=\"1115\" \/>Esant stipresniam makia\u017eui \u2013 palaikykite disk\u0105 kelet\u0105 sekund\u017ei\u0173 ir tuomet nuvalykite.<br data-start=\"1200\" data-end=\"1203\" \/>T\u0119skite valym\u0105 su prausikliu pagal poreik\u012f.<\/p>\n<p class=\"\" data-start=\"1248\" data-end=\"1421\"><strong data-start=\"1248\" data-end=\"1266\">Suitable for use:<\/strong><br data-start=\"1266\" data-end=\"1269\" \/>Vis\u0173 tip\u0173 odai, \u012fskaitant jautri\u0105, saus\u0105 ar lengvai sudirginam\u0105 od\u0105.<br data-start=\"1337\" data-end=\"1340\" \/>Puikiai tinka kasdieniam naudojimui, taip pat po profesionali\u0173 makia\u017eo proced\u016br\u0173.<\/p>","protected":false},"excerpt":{"rendered":"<p>Dvifazis makia\u017eo valiklis su od\u0105 raminan\u010diais ekstraktais<\/p>","protected":false},"featured_media":6436,"comment_status":"open","ping_status":"closed","template":"","meta":[],"product_cat":[191],"product_tag":[],"class_list":{"0":"post-6338","1":"product","2":"type-product","3":"status-publish","4":"has-post-thumbnail","6":"product_cat-makiazo-valymas-veido-prieziura","7":"pa_brands-oxygenceuticals","8":"pa_talpa-110ml","10":"first","11":"instock","12":"taxable","13":"shipping-taxable","14":"purchasable","15":"product-type-simple"},"_links":{"self":[{"href":"https:\/\/miamedic.lt\/en\/wp-json\/wp\/v2\/product\/6338","targetHints":{"allow":["GET"]}}],"collection":[{"href":"https:\/\/miamedic.lt\/en\/wp-json\/wp\/v2\/product"}],"about":[{"href":"https:\/\/miamedic.lt\/en\/wp-json\/wp\/v2\/types\/product"}],"replies":[{"embeddable":true,"href":"https:\/\/miamedic.lt\/en\/wp-json\/wp\/v2\/comments?post=6338"}],"version-history":[{"count":3,"href":"https:\/\/miamedic.lt\/en\/wp-json\/wp\/v2\/product\/6338\/revisions"}],"predecessor-version":[{"id":12530,"href":"https:\/\/miamedic.lt\/en\/wp-json\/wp\/v2\/product\/6338\/revisions\/12530"}],"wp:featuredmedia":[{"embeddable":true,"href":"https:\/\/miamedic.lt\/en\/wp-json\/wp\/v2\/media\/6436"}],"wp:attachment":[{"href":"https:\/\/miamedic.lt\/en\/wp-json\/wp\/v2\/media?parent=6338"}],"wp:term":[{"taxonomy":"product_cat","embeddable":true,"href":"https:\/\/miamedic.lt\/en\/wp-json\/wp\/v2\/product_cat?post=6338"},{"taxonomy":"product_tag","embeddable":true,"href":"https:\/\/miamedic.lt\/en\/wp-json\/wp\/v2\/product_tag?post=6338"}],"curies":[{"name":"wp","href":"https:\/\/api.w.org\/{rel}","templated":true}]}}