{"id":6332,"date":"2025-04-17T13:09:15","date_gmt":"2025-04-17T13:09:15","guid":{"rendered":"https:\/\/www.miamedic.lt\/?post_type=product&#038;p=6332"},"modified":"2025-12-01T00:30:24","modified_gmt":"2025-12-01T00:30:24","slug":"daily-microfoliant","status":"publish","type":"product","link":"https:\/\/miamedic.lt\/en\/shop\/daily-microfoliant\/","title":{"rendered":"Daily microfoliant"},"content":{"rendered":"<p class=\"\" data-start=\"100\" data-end=\"182\"><strong data-start=\"100\" data-end=\"182\">Dermalogica Daily Microfoliant\u00ae \u2013 fermentinis \u0161veitiklis kasdieniam naudojimui<\/strong><\/p>\n<p class=\"\" data-start=\"184\" data-end=\"545\">Dermalogica Daily Microfoliant\u00ae \u2013 tai milteli\u0173 pavidalo fermentinis \u0161veitiklis, kuris aktyvuojasi susiliet\u0119s su vandeniu ir \u0161velniai, bet veiksmingai pa\u0161alina negyvas odos l\u0105steles. Unikalus ry\u017ei\u0173 ferment\u0173, salicilo r\u016bg\u0161ties ir augalini\u0173 ekstrakt\u0173 derinys skaistina, lygina ir ramina od\u0105, o \u0161velni formul\u0117 leid\u017eia naudoti j\u012f kiekvien\u0105 dien\u0105 \u2013 net jautriai odai.<\/p>\n<p class=\"\" data-start=\"547\" data-end=\"824\"><strong data-start=\"547\" data-end=\"560\">Effect:<\/strong><br data-start=\"560\" data-end=\"563\" \/>\u2022 \u0160velniai pa\u0161alina negyvas l\u0105steles, nepa\u017eeisdamas odos barjero<br data-start=\"627\" data-end=\"630\" \/>\u2022 Skaistina ir tolygina odos atspalv\u012f<br data-start=\"667\" data-end=\"670\" \/>\u2022 Ma\u017eina por\u0173 u\u017esikim\u0161im\u0105 ir skatina odos atsinaujinim\u0105<br data-start=\"725\" data-end=\"728\" \/>\u2022 Ramina ir gaivina sudirgusi\u0105 ar jautri\u0105 od\u0105<br data-start=\"773\" data-end=\"776\" \/>\u2022 Gerina odos tekst\u016br\u0105 ir suteikia lygumo poj\u016bt\u012f<\/p>\n<p class=\"\" data-start=\"826\" data-end=\"1116\"><strong data-start=\"826\" data-end=\"841\">Usage:<\/strong><br data-start=\"841\" data-end=\"844\" \/>\u012e dr\u0117gnas rankas \u012fberkite nedidel\u012f kiek\u012f milteli\u0173, trinkite, kol susidarys \u0161velni pasta.<br data-start=\"932\" data-end=\"935\" \/>Masa\u017euokite veid\u0105 sukamaisiais judesiais apie 1 minut\u0119, vengiant aki\u0173 zonos.<br data-start=\"1011\" data-end=\"1014\" \/>Gerai nuplaukite \u0161iltu vandeniu.<br data-start=\"1046\" data-end=\"1049\" \/>Naudoti kasdien arba pagal poreik\u012f, priklausomai nuo odos jautrumo.<\/p>\n<p class=\"\" data-start=\"1118\" data-end=\"1280\"><strong data-start=\"1118\" data-end=\"1136\">Suitable for use:<\/strong><br data-start=\"1136\" data-end=\"1139\" \/>Visiems odos tipams, \u012fskaitant jautri\u0105, linkusi\u0105 \u012f b\u0117rimus ar pigmentacij\u0105 od\u0105.<br data-start=\"1218\" data-end=\"1221\" \/>Idealiai tinka nelygiai, pavargusiai ar papilk\u0117jusiai odai.<\/p>","protected":false},"excerpt":{"rendered":"<p>Fermentinis \u0161veitiklis kasdieniam naudojimui<\/p>","protected":false},"featured_media":6333,"comment_status":"open","ping_status":"closed","template":"","meta":[],"product_cat":[110],"product_tag":[],"class_list":{"0":"post-6332","1":"product","2":"type-product","3":"status-publish","4":"has-post-thumbnail","6":"product_cat-sveitikliai","7":"pa_brands-dermalogica","8":"pa_talpa-13g","9":"pa_talpa-74g","11":"first","12":"instock","13":"taxable","14":"shipping-taxable","15":"purchasable","16":"product-type-variable"},"_links":{"self":[{"href":"https:\/\/miamedic.lt\/en\/wp-json\/wp\/v2\/product\/6332","targetHints":{"allow":["GET"]}}],"collection":[{"href":"https:\/\/miamedic.lt\/en\/wp-json\/wp\/v2\/product"}],"about":[{"href":"https:\/\/miamedic.lt\/en\/wp-json\/wp\/v2\/types\/product"}],"replies":[{"embeddable":true,"href":"https:\/\/miamedic.lt\/en\/wp-json\/wp\/v2\/comments?post=6332"}],"version-history":[{"count":2,"href":"https:\/\/miamedic.lt\/en\/wp-json\/wp\/v2\/product\/6332\/revisions"}],"predecessor-version":[{"id":12531,"href":"https:\/\/miamedic.lt\/en\/wp-json\/wp\/v2\/product\/6332\/revisions\/12531"}],"wp:featuredmedia":[{"embeddable":true,"href":"https:\/\/miamedic.lt\/en\/wp-json\/wp\/v2\/media\/6333"}],"wp:attachment":[{"href":"https:\/\/miamedic.lt\/en\/wp-json\/wp\/v2\/media?parent=6332"}],"wp:term":[{"taxonomy":"product_cat","embeddable":true,"href":"https:\/\/miamedic.lt\/en\/wp-json\/wp\/v2\/product_cat?post=6332"},{"taxonomy":"product_tag","embeddable":true,"href":"https:\/\/miamedic.lt\/en\/wp-json\/wp\/v2\/product_tag?post=6332"}],"curies":[{"name":"wp","href":"https:\/\/api.w.org\/{rel}","templated":true}]}}