{"id":6329,"date":"2025-04-17T13:02:07","date_gmt":"2025-04-17T13:02:07","guid":{"rendered":"https:\/\/www.miamedic.lt\/?post_type=product&#038;p=6329"},"modified":"2025-12-01T00:29:46","modified_gmt":"2025-12-01T00:29:46","slug":"6329","status":"publish","type":"product","link":"https:\/\/miamedic.lt\/en\/shop\/6329\/","title":{"rendered":"KOLAGENO G\u0116RIMAS"},"content":{"rendered":"<p class=\"\" data-start=\"93\" data-end=\"203\"><strong data-start=\"93\" data-end=\"203\">Jalupro\u00ae Amino Acid &amp; Collagen Drink \u2013 geriamas kolageno ir aminor\u016bg\u0161\u010di\u0173 papildas odos jaunystei i\u0161saugoti<\/strong><\/p>\n<p class=\"\" data-start=\"205\" data-end=\"563\"><strong data-start=\"205\" data-end=\"245\">Jalupro\u00ae Amino Acid &amp; Collagen Drink<\/strong> \u2013 tai geriamas maisto papildas, sukurtas skatinti nat\u016brali\u0105 kolageno sintez\u0119, pagerinti odos elastingum\u0105, suma\u017einti rauk\u0161li\u0173 matomum\u0105 ir suteikti odai sveik\u0105 \u0161vyt\u0117jim\u0105. Unikali formul\u0117 su aminor\u016bg\u0161timis ir hidrolizuotu kolagenu veikia i\u0161 vidaus, pad\u0117dama atkurti odos strukt\u016br\u0105 bei palaikyti jos jaunatvi\u0161k\u0105 i\u0161vaizd\u0105.<\/p>\n<p class=\"\" data-start=\"565\" data-end=\"837\"><strong data-start=\"565\" data-end=\"578\">Effect:<\/strong><br data-start=\"578\" data-end=\"581\" \/>\u2022 Skatina nat\u016brali\u0105 kolageno sintez\u0119<br data-start=\"617\" data-end=\"620\" \/>\u2022 Pagerina odos elastingum\u0105, tonus\u0105 ir stangrum\u0105<br data-start=\"668\" data-end=\"671\" \/>\u2022 Ma\u017eina rauk\u0161li\u0173 gyl\u012f ir nauj\u0173 atsiradim\u0105<br data-start=\"713\" data-end=\"716\" \/>\u2022 Palaiko odos dr\u0117gm\u0117s balans\u0105<br data-start=\"746\" data-end=\"749\" \/>\u2022 Stiprina plaukus ir nagus i\u0161 vidaus<br data-start=\"786\" data-end=\"789\" \/>\u2022 Puikiai papildo estetin\u0117s medicinos proced\u016bras<\/p>\n<p class=\"\" data-start=\"839\" data-end=\"1038\"><strong data-start=\"839\" data-end=\"854\">Usage:<\/strong><br data-start=\"854\" data-end=\"857\" \/>Vartoti 1 pakel\u012f per dien\u0105, i\u0161tirpinus jo turin\u012f 100\u2013150 ml vandens.<br data-start=\"925\" data-end=\"928\" \/>Rekomenduojama vartoti ryte, tu\u0161\u010diu skrand\u017eiu.<br data-start=\"974\" data-end=\"977\" \/>Minimalus kursas \u2013 3 m\u0117nesiai, siekiant ilgalaiki\u0173 rezultat\u0173.<\/p>\n<p class=\"\" data-start=\"1040\" data-end=\"1238\"><strong data-start=\"1040\" data-end=\"1058\">Suitable for use:<\/strong><br data-start=\"1058\" data-end=\"1061\" \/>Visiems odos tipams, ypa\u010d brand\u017eiai, dehidratuotai, stangrum\u0105 praradusiai odai.<br data-start=\"1140\" data-end=\"1143\" \/>Rekomenduojama naudoti po mezoterapijos, biorevitalizacijos, lazerini\u0173 ar injekcini\u0173 proced\u016br\u0173.<\/p>","protected":false},"excerpt":{"rendered":"<p>Geriamas kolageno ir aminor\u016bg\u0161\u010di\u0173 papildas odos jaunystei i\u0161saugoti<\/p>","protected":false},"featured_media":6330,"comment_status":"open","ping_status":"closed","template":"","meta":[],"product_cat":[198],"product_tag":[],"class_list":{"0":"post-6329","1":"product","2":"type-product","3":"status-publish","4":"has-post-thumbnail","6":"product_cat-papildai","7":"pa_brands-jalupro","8":"pa_talpa-30-vnt","10":"first","11":"instock","12":"taxable","13":"shipping-taxable","14":"purchasable","15":"product-type-simple"},"_links":{"self":[{"href":"https:\/\/miamedic.lt\/en\/wp-json\/wp\/v2\/product\/6329","targetHints":{"allow":["GET"]}}],"collection":[{"href":"https:\/\/miamedic.lt\/en\/wp-json\/wp\/v2\/product"}],"about":[{"href":"https:\/\/miamedic.lt\/en\/wp-json\/wp\/v2\/types\/product"}],"replies":[{"embeddable":true,"href":"https:\/\/miamedic.lt\/en\/wp-json\/wp\/v2\/comments?post=6329"}],"version-history":[{"count":3,"href":"https:\/\/miamedic.lt\/en\/wp-json\/wp\/v2\/product\/6329\/revisions"}],"predecessor-version":[{"id":12532,"href":"https:\/\/miamedic.lt\/en\/wp-json\/wp\/v2\/product\/6329\/revisions\/12532"}],"wp:featuredmedia":[{"embeddable":true,"href":"https:\/\/miamedic.lt\/en\/wp-json\/wp\/v2\/media\/6330"}],"wp:attachment":[{"href":"https:\/\/miamedic.lt\/en\/wp-json\/wp\/v2\/media?parent=6329"}],"wp:term":[{"taxonomy":"product_cat","embeddable":true,"href":"https:\/\/miamedic.lt\/en\/wp-json\/wp\/v2\/product_cat?post=6329"},{"taxonomy":"product_tag","embeddable":true,"href":"https:\/\/miamedic.lt\/en\/wp-json\/wp\/v2\/product_tag?post=6329"}],"curies":[{"name":"wp","href":"https:\/\/api.w.org\/{rel}","templated":true}]}}