{"id":6319,"date":"2025-04-17T12:42:22","date_gmt":"2025-04-17T12:42:22","guid":{"rendered":"https:\/\/www.miamedic.lt\/?post_type=product&#038;p=6319"},"modified":"2026-03-02T11:00:07","modified_gmt":"2026-03-02T11:00:07","slug":"moisture-for-body","status":"publish","type":"product","link":"https:\/\/miamedic.lt\/en\/shop\/moisture-for-body\/","title":{"rendered":"Moisture For Body"},"content":{"rendered":"<p class=\"\" data-start=\"143\" data-end=\"242\"><strong data-start=\"143\" data-end=\"242\">Circadia Tidal Moisture for Body \u2013 intensyviai dr\u0117kinantis k\u016bno kremas su j\u016briniais ekstraktais<\/strong><\/p>\n<p class=\"\" data-start=\"244\" data-end=\"515\">Circadia Tidal Moisture for Body \u2013 tai prabangus k\u016bno kremas, sukurtas suteikti ilgalaik\u012f dr\u0117kinim\u0105, mink\u0161tum\u0105 ir elastingum\u0105 visam k\u016bnui. J\u016briniai ekstraktai, dr\u0117kikliai ir antioksidantai padeda atkurti odos barjer\u0105, ma\u017eina \u0161iurk\u0161tum\u0105 bei suteikia \u0161ilko \u0161velnumo poj\u016bt\u012f.<\/p>\n<p class=\"\" data-start=\"517\" data-end=\"760\"><strong data-start=\"517\" data-end=\"530\">Effect:<\/strong><br data-start=\"530\" data-end=\"533\" \/>\u2022 Intensyviai dr\u0117kina ir mink\u0161tina k\u016bno od\u0105<br data-start=\"576\" data-end=\"579\" \/>\u2022 Pagerina elastingum\u0105 ir odos stangrum\u0105<br data-start=\"619\" data-end=\"622\" \/>\u2022 Apsaugo nuo i\u0161saus\u0117jimo ir aplinkos poveikio<br data-start=\"668\" data-end=\"671\" \/>\u2022 Ramina ir palaiko odos komfort\u0105 vis\u0105 dien\u0105<br data-start=\"715\" data-end=\"718\" \/>\u2022 Gerina bendr\u0105 odos i\u0161vaizd\u0105 ir \u0161vyt\u0117jim\u0105<\/p>\n<p class=\"\" data-start=\"762\" data-end=\"955\"><strong data-start=\"762\" data-end=\"777\">Usage:<\/strong><br data-start=\"777\" data-end=\"780\" \/>Tepkite ant \u0161varios k\u016bno odos po prausimosi ar \u0161veitimo, masa\u017euokite, kol \u012fsigers.<br data-start=\"862\" data-end=\"865\" \/>Naudoti kasdien arba pagal poreik\u012f \u2013 ypa\u010d po du\u0161o ar vonios, kai oda jautresn\u0117 dr\u0117kinimui.<\/p>\n<p class=\"\" data-start=\"957\" data-end=\"1119\"><strong data-start=\"957\" data-end=\"975\">Suitable for use:<\/strong><br data-start=\"975\" data-end=\"978\" \/>Visiems odos tipams, ypa\u010d sausai, dehidratuotai, jautriai ar brand\u017eiai odai.<br data-start=\"1054\" data-end=\"1057\" \/>Puikiai tinka po proced\u016br\u0173 ar odai, veikiamai aplinkos streso.<\/p>","protected":false},"excerpt":{"rendered":"<p>Intensyviai dr\u0117kinantis k\u016bno kremas su j\u016briniais ekstraktais<\/p>","protected":false},"featured_media":6320,"comment_status":"open","ping_status":"closed","template":"","meta":[],"product_cat":[448,113],"product_tag":[],"class_list":{"0":"post-6319","1":"product","2":"type-product","3":"status-publish","4":"has-post-thumbnail","6":"product_cat-is-clinical-ir-circadia","7":"product_cat-kuno-kremas","8":"pa_brands-circadia","9":"pa_talpa-200ml","11":"first","12":"instock","13":"taxable","14":"shipping-taxable","15":"purchasable","16":"product-type-simple"},"_links":{"self":[{"href":"https:\/\/miamedic.lt\/en\/wp-json\/wp\/v2\/product\/6319","targetHints":{"allow":["GET"]}}],"collection":[{"href":"https:\/\/miamedic.lt\/en\/wp-json\/wp\/v2\/product"}],"about":[{"href":"https:\/\/miamedic.lt\/en\/wp-json\/wp\/v2\/types\/product"}],"replies":[{"embeddable":true,"href":"https:\/\/miamedic.lt\/en\/wp-json\/wp\/v2\/comments?post=6319"}],"version-history":[{"count":2,"href":"https:\/\/miamedic.lt\/en\/wp-json\/wp\/v2\/product\/6319\/revisions"}],"predecessor-version":[{"id":10066,"href":"https:\/\/miamedic.lt\/en\/wp-json\/wp\/v2\/product\/6319\/revisions\/10066"}],"wp:featuredmedia":[{"embeddable":true,"href":"https:\/\/miamedic.lt\/en\/wp-json\/wp\/v2\/media\/6320"}],"wp:attachment":[{"href":"https:\/\/miamedic.lt\/en\/wp-json\/wp\/v2\/media?parent=6319"}],"wp:term":[{"taxonomy":"product_cat","embeddable":true,"href":"https:\/\/miamedic.lt\/en\/wp-json\/wp\/v2\/product_cat?post=6319"},{"taxonomy":"product_tag","embeddable":true,"href":"https:\/\/miamedic.lt\/en\/wp-json\/wp\/v2\/product_tag?post=6319"}],"curies":[{"name":"wp","href":"https:\/\/api.w.org\/{rel}","templated":true}]}}