{"id":6316,"date":"2025-04-17T12:39:57","date_gmt":"2025-04-17T12:39:57","guid":{"rendered":"https:\/\/www.miamedic.lt\/?post_type=product&#038;p=6316"},"modified":"2026-03-02T11:00:36","modified_gmt":"2026-03-02T11:00:36","slug":"exfoliator-for-body","status":"publish","type":"product","link":"https:\/\/miamedic.lt\/en\/shop\/exfoliator-for-body\/","title":{"rendered":"Exfoliator For Body"},"content":{"rendered":"<p class=\"\" data-start=\"151\" data-end=\"249\"><strong data-start=\"151\" data-end=\"249\">Circadia Blue Bamboo Exfoliator for Body \u2013 k\u016bno od\u0105 lyginantis \u0161veitiklis su m\u0117lynuoju bambuku<\/strong><\/p>\n<p class=\"\" data-start=\"251\" data-end=\"555\">Circadia Blue Bamboo Exfoliator for Body \u2013 tai veiksmingas k\u016bno \u0161veitiklis, \u0161velniai pa\u0161alinantis negyvas odos l\u0105steles, atnaujinantis odos pavir\u0161i\u0173 ir gerinantis jos tekst\u016br\u0105. M\u0117lynojo bambuko dalel\u0117s nat\u016braliai \u0161vei\u010dia, o augaliniai ekstraktai dr\u0117kina ir ramina, palikdami od\u0105 mink\u0161t\u0105, lygi\u0105 ir gaivi\u0105.<\/p>\n<p class=\"\" data-start=\"557\" data-end=\"833\"><strong data-start=\"557\" data-end=\"570\">Effect:<\/strong><br data-start=\"570\" data-end=\"573\" \/>\u2022 \u0160velniai, bet efektyviai pa\u0161alina negyvas odos l\u0105steles<br data-start=\"630\" data-end=\"633\" \/>\u2022 Gerina mikrocirkuliacij\u0105 ir odos pavir\u0161iaus lygum\u0105<br data-start=\"685\" data-end=\"688\" \/>\u2022 Skatina odos regeneracij\u0105 ir l\u0105steli\u0173 atsinaujinim\u0105<br data-start=\"741\" data-end=\"744\" \/>\u2022 Paruo\u0161ia od\u0105 tolimesn\u0117ms prie\u017ei\u016bros proced\u016broms<br data-start=\"793\" data-end=\"796\" \/>\u2022 Suteikia gaivumo ir \u0161velnumo poj\u016bt\u012f<\/p>\n<p class=\"\" data-start=\"835\" data-end=\"1167\"><strong data-start=\"835\" data-end=\"850\">Usage:<\/strong><br data-start=\"850\" data-end=\"853\" \/>Naudokite 1\u20133 kartus per savait\u0119.<br data-start=\"886\" data-end=\"889\" \/>Masa\u017euokite nedidel\u012f kiek\u012f produkto ant dr\u0117gnos k\u016bno odos sukamaisiais judesiais, ypating\u0105 d\u0117mes\u012f skiriant \u0161iurk\u0161tesn\u0117ms vietoms (pvz., alk\u016bn\u0117ms, keliams).<br data-start=\"1044\" data-end=\"1047\" \/>Gerai nuplaukite \u0161iltu vandeniu ir nusausinkite. T\u0119skite prie\u017ei\u016br\u0105 su Circadia k\u016bno dr\u0117kikliu arba stangrinamuoju geliu.<\/p>\n<p class=\"\" data-start=\"1169\" data-end=\"1318\"><strong data-start=\"1169\" data-end=\"1187\">Suitable for use:<\/strong><br data-start=\"1187\" data-end=\"1190\" \/>Visiems odos tipams.<br data-start=\"1210\" data-end=\"1213\" \/>Ypa\u010d rekomenduojamas sausai, nelygiai ar \u0161iurk\u0161t\u0117jusiai k\u016bno odai, taip pat prie\u0161 \u012fvyniojimus ar masa\u017eus.<\/p>","protected":false},"excerpt":{"rendered":"<p>K\u016bno od\u0105 lyginantis \u0161veitiklis su m\u0117lynuoju bambuku<\/p>","protected":false},"featured_media":6317,"comment_status":"open","ping_status":"closed","template":"","meta":[],"product_cat":[448,226],"product_tag":[],"class_list":{"0":"post-6316","1":"product","2":"type-product","3":"status-publish","4":"has-post-thumbnail","6":"product_cat-is-clinical-ir-circadia","7":"product_cat-sveitikliai-odos-prieziura","8":"pa_brands-circadia","9":"pa_talpa-200ml","11":"first","12":"instock","13":"taxable","14":"shipping-taxable","15":"purchasable","16":"product-type-simple"},"_links":{"self":[{"href":"https:\/\/miamedic.lt\/en\/wp-json\/wp\/v2\/product\/6316","targetHints":{"allow":["GET"]}}],"collection":[{"href":"https:\/\/miamedic.lt\/en\/wp-json\/wp\/v2\/product"}],"about":[{"href":"https:\/\/miamedic.lt\/en\/wp-json\/wp\/v2\/types\/product"}],"replies":[{"embeddable":true,"href":"https:\/\/miamedic.lt\/en\/wp-json\/wp\/v2\/comments?post=6316"}],"version-history":[{"count":2,"href":"https:\/\/miamedic.lt\/en\/wp-json\/wp\/v2\/product\/6316\/revisions"}],"predecessor-version":[{"id":10067,"href":"https:\/\/miamedic.lt\/en\/wp-json\/wp\/v2\/product\/6316\/revisions\/10067"}],"wp:featuredmedia":[{"embeddable":true,"href":"https:\/\/miamedic.lt\/en\/wp-json\/wp\/v2\/media\/6317"}],"wp:attachment":[{"href":"https:\/\/miamedic.lt\/en\/wp-json\/wp\/v2\/media?parent=6316"}],"wp:term":[{"taxonomy":"product_cat","embeddable":true,"href":"https:\/\/miamedic.lt\/en\/wp-json\/wp\/v2\/product_cat?post=6316"},{"taxonomy":"product_tag","embeddable":true,"href":"https:\/\/miamedic.lt\/en\/wp-json\/wp\/v2\/product_tag?post=6316"}],"curies":[{"name":"wp","href":"https:\/\/api.w.org\/{rel}","templated":true}]}}