{"id":6313,"date":"2025-04-17T12:36:23","date_gmt":"2025-04-17T12:36:23","guid":{"rendered":"https:\/\/www.miamedic.lt\/?post_type=product&#038;p=6313"},"modified":"2026-03-02T11:00:46","modified_gmt":"2026-03-02T11:00:46","slug":"firming-and-shaping-gel","status":"publish","type":"product","link":"https:\/\/miamedic.lt\/en\/shop\/firming-and-shaping-gel\/","title":{"rendered":"Firming and Shaping Gel"},"content":{"rendered":"<p class=\"\" data-start=\"156\" data-end=\"250\"><strong data-start=\"156\" data-end=\"250\">Circadia Professional Firming and Shaping Gel \u2013 stangrinamasis ir formuojantis gelis k\u016bnui<\/strong><\/p>\n<p class=\"\" data-start=\"252\" data-end=\"600\">Circadia Professional Firming and Shaping Gel \u2013 tai profesionaliam naudojimui skirtas gelis, padedantis pagerinti odos tonus\u0105, stangrum\u0105 ir form\u0105. Jis gerina mikrocirkuliacij\u0105, ma\u017eina patinimus, celiulito po\u017eymius ir gerina bendr\u0105 odos b\u016bkl\u0119. Idealiai tinka naudoti k\u016bno kont\u016br\u0173 formavimo proced\u016brose ar kaip papildoma priemon\u0117 problemin\u0117se zonose.<\/p>\n<p class=\"\" data-start=\"602\" data-end=\"862\"><strong data-start=\"602\" data-end=\"615\">Effect:<\/strong><br data-start=\"615\" data-end=\"618\" \/>\u2022 Stangrina ir tonizuoja od\u0105<br data-start=\"646\" data-end=\"649\" \/>\u2022 Gerina mikrocirkuliacij\u0105 ir ma\u017eina skys\u010di\u0173 susilaikym\u0105<br data-start=\"705\" data-end=\"708\" \/>\u2022 Suma\u017eina celiulito po\u017eymius ir odos nelygumus<br data-start=\"755\" data-end=\"758\" \/>\u2022 V\u0117sina, gaivina ir atgaivina pavargusias k\u016bno vietas<br data-start=\"812\" data-end=\"815\" \/>\u2022 Skatina detoksikacij\u0105 ir gerina odos i\u0161vaizd\u0105<\/p>\n<p class=\"\" data-start=\"864\" data-end=\"1118\"><strong data-start=\"864\" data-end=\"879\">Usage:<\/strong><br data-start=\"879\" data-end=\"882\" \/>Naudoti pagal specialisto nurodymus \u2013 tepti ant \u0161varios odos, masa\u017euoti problemines zonas (pvz., \u0161launis, s\u0117dmenis, pilvo ar \u017east\u0173 srit\u012f), kol susigers.<br data-start=\"1034\" data-end=\"1037\" \/>Gali b\u016bti naudojamas kaip dalis k\u016bno formavimo, limfodrena\u017eini\u0173 ar spa proced\u016br\u0173.<\/p>\n<p class=\"\" data-start=\"1120\" data-end=\"1317\"><strong data-start=\"1120\" data-end=\"1138\">Suitable for use:<\/strong><br data-start=\"1138\" data-end=\"1141\" \/>Visiems odos tipams, siekiant pagerinti stangrum\u0105, suma\u017einti celiulito po\u017eymius ar atgaivinti pavargusias vietas.<br data-start=\"1254\" data-end=\"1257\" \/>Ypa\u010d rekomenduojamas po k\u016bno \u0161veitimo, \u012fvyniojim\u0173 ar masa\u017e\u0173.<\/p>","protected":false},"excerpt":{"rendered":"<p>Stangrinamasis ir formuojantis gelis k\u016bnui<\/p>","protected":false},"featured_media":6314,"comment_status":"open","ping_status":"closed","template":"","meta":[],"product_cat":[171,448,417,113],"product_tag":[],"class_list":{"0":"post-6313","1":"product","2":"type-product","3":"status-publish","4":"has-post-thumbnail","6":"product_cat-celiulitui","7":"product_cat-is-clinical-ir-circadia","8":"product_cat-is-clinical-ir-valmont","9":"product_cat-kuno-kremas","10":"pa_brands-circadia","11":"pa_talpa-200-ml","13":"first","14":"instock","15":"taxable","16":"shipping-taxable","17":"purchasable","18":"product-type-simple"},"_links":{"self":[{"href":"https:\/\/miamedic.lt\/en\/wp-json\/wp\/v2\/product\/6313","targetHints":{"allow":["GET"]}}],"collection":[{"href":"https:\/\/miamedic.lt\/en\/wp-json\/wp\/v2\/product"}],"about":[{"href":"https:\/\/miamedic.lt\/en\/wp-json\/wp\/v2\/types\/product"}],"replies":[{"embeddable":true,"href":"https:\/\/miamedic.lt\/en\/wp-json\/wp\/v2\/comments?post=6313"}],"version-history":[{"count":2,"href":"https:\/\/miamedic.lt\/en\/wp-json\/wp\/v2\/product\/6313\/revisions"}],"predecessor-version":[{"id":10068,"href":"https:\/\/miamedic.lt\/en\/wp-json\/wp\/v2\/product\/6313\/revisions\/10068"}],"wp:featuredmedia":[{"embeddable":true,"href":"https:\/\/miamedic.lt\/en\/wp-json\/wp\/v2\/media\/6314"}],"wp:attachment":[{"href":"https:\/\/miamedic.lt\/en\/wp-json\/wp\/v2\/media?parent=6313"}],"wp:term":[{"taxonomy":"product_cat","embeddable":true,"href":"https:\/\/miamedic.lt\/en\/wp-json\/wp\/v2\/product_cat?post=6313"},{"taxonomy":"product_tag","embeddable":true,"href":"https:\/\/miamedic.lt\/en\/wp-json\/wp\/v2\/product_tag?post=6313"}],"curies":[{"name":"wp","href":"https:\/\/api.w.org\/{rel}","templated":true}]}}