{"id":6305,"date":"2025-04-17T12:31:38","date_gmt":"2025-04-17T12:31:38","guid":{"rendered":"https:\/\/www.miamedic.lt\/?post_type=product&#038;p=6305"},"modified":"2026-03-02T11:01:10","modified_gmt":"2026-03-02T11:01:10","slug":"bright-white-serum","status":"publish","type":"product","link":"https:\/\/miamedic.lt\/en\/shop\/bright-white-serum\/","title":{"rendered":"Bright White Serum"},"content":{"rendered":"<p class=\"\" data-start=\"138\" data-end=\"232\"><strong data-start=\"138\" data-end=\"232\">Circadia Bright White Serum \u2013 intensyvaus poveikio \u0161viesinamasis serumas pigmentuotai odai<\/strong><\/p>\n<p class=\"\" data-start=\"234\" data-end=\"572\">Circadia Bright White Serum \u2013 tai koncentruotas serumas, skirtas pigmentacijos ma\u017einimui, odos tono i\u0161lyginimui ir \u0161vyt\u0117jimo suteikimui. Pa\u017eangi formul\u0117 su \u0161viesinan\u010diais peptidais, antioksidantais ir raminan\u010diais ingredientais veikia tiesiogiai melanino gamyb\u0105, u\u017ekirsdama keli\u0105 nauj\u0173 pigmentini\u0173 d\u0117mi\u0173 atsiradimui ir \u0161viesindama esamas.<\/p>\n<p class=\"\" data-start=\"574\" data-end=\"850\"><strong data-start=\"574\" data-end=\"587\">Effect:<\/strong><br data-start=\"587\" data-end=\"590\" \/>\u2022 Ma\u017eina esam\u0105 hiperpigmentacij\u0105 ir tolygina odos atspalv\u012f<br data-start=\"648\" data-end=\"651\" \/>\u2022 Slopina melanino sintez\u0119 ir reguliuoja pigmentacijos procesus<br data-start=\"714\" data-end=\"717\" \/>\u2022 Gerina odos skaistum\u0105 ir \u0161vyt\u0117jim\u0105<br data-start=\"753\" data-end=\"756\" \/>\u2022 Ramina, dr\u0117kina ir apsaugo nuo oksidacinio streso<br data-start=\"807\" data-end=\"810\" \/>\u2022 Stiprina odos strukt\u016br\u0105 ir elastingum\u0105<\/p>\n<p class=\"\" data-start=\"852\" data-end=\"1052\"><strong data-start=\"852\" data-end=\"867\">Usage:<\/strong><br data-start=\"867\" data-end=\"870\" \/>Naudokite ryte ir (arba) vakare ant \u0161varios odos.<br data-start=\"919\" data-end=\"922\" \/>U\u017ela\u0161inkite kelis la\u0161us ant veido ir kaklo, tolygiai paskirstykite.<br data-start=\"989\" data-end=\"992\" \/>T\u0119skite prie\u017ei\u016br\u0105 su \u0161viesinamuoju kremu ar SPF dienos metu.<\/p>\n<p class=\"\" data-start=\"1054\" data-end=\"1279\"><strong data-start=\"1054\" data-end=\"1072\">Suitable for use:<\/strong><br data-start=\"1072\" data-end=\"1075\" \/>Visiems odos tipams, ypa\u010d turintiems hiperpigmentacij\u0105, netolyg\u0173 ton\u0105 ar po akn\u0117s likusias d\u0117mes.<br data-start=\"1172\" data-end=\"1175\" \/>Puikiai tinka naudoti po \u0161viesinan\u010di\u0173 proced\u016br\u0173 arba kaip palaikomoji pigmentacijos korekcijos terapija.<\/p>","protected":false},"excerpt":{"rendered":"<p>Intensyvaus poveikio \u0161viesinamasis serumas pigmentuotai odai<\/p>","protected":false},"featured_media":6306,"comment_status":"open","ping_status":"closed","template":"","meta":[],"product_cat":[448,107],"product_tag":[],"class_list":{"0":"post-6305","1":"product","2":"type-product","3":"status-publish","4":"has-post-thumbnail","6":"product_cat-is-clinical-ir-circadia","7":"product_cat-serumai","8":"pa_brands-circadia","9":"pa_talpa-15ml","11":"first","12":"instock","13":"taxable","14":"shipping-taxable","15":"purchasable","16":"product-type-simple"},"_links":{"self":[{"href":"https:\/\/miamedic.lt\/en\/wp-json\/wp\/v2\/product\/6305","targetHints":{"allow":["GET"]}}],"collection":[{"href":"https:\/\/miamedic.lt\/en\/wp-json\/wp\/v2\/product"}],"about":[{"href":"https:\/\/miamedic.lt\/en\/wp-json\/wp\/v2\/types\/product"}],"replies":[{"embeddable":true,"href":"https:\/\/miamedic.lt\/en\/wp-json\/wp\/v2\/comments?post=6305"}],"version-history":[{"count":2,"href":"https:\/\/miamedic.lt\/en\/wp-json\/wp\/v2\/product\/6305\/revisions"}],"predecessor-version":[{"id":10043,"href":"https:\/\/miamedic.lt\/en\/wp-json\/wp\/v2\/product\/6305\/revisions\/10043"}],"wp:featuredmedia":[{"embeddable":true,"href":"https:\/\/miamedic.lt\/en\/wp-json\/wp\/v2\/media\/6306"}],"wp:attachment":[{"href":"https:\/\/miamedic.lt\/en\/wp-json\/wp\/v2\/media?parent=6305"}],"wp:term":[{"taxonomy":"product_cat","embeddable":true,"href":"https:\/\/miamedic.lt\/en\/wp-json\/wp\/v2\/product_cat?post=6305"},{"taxonomy":"product_tag","embeddable":true,"href":"https:\/\/miamedic.lt\/en\/wp-json\/wp\/v2\/product_tag?post=6305"}],"curies":[{"name":"wp","href":"https:\/\/api.w.org\/{rel}","templated":true}]}}