{"id":6302,"date":"2025-04-17T12:28:45","date_gmt":"2025-04-17T12:28:45","guid":{"rendered":"https:\/\/www.miamedic.lt\/?post_type=product&#038;p=6302"},"modified":"2026-03-02T11:01:19","modified_gmt":"2026-03-02T11:01:19","slug":"brightening-mist","status":"publish","type":"product","link":"https:\/\/miamedic.lt\/en\/shop\/brightening-mist\/","title":{"rendered":"Brightening Mist"},"content":{"rendered":"<p class=\"\" data-start=\"157\" data-end=\"258\"><strong data-start=\"157\" data-end=\"258\">Circadia Licorice &amp; Bearberry Brightening Mist \u2013 skaistinamoji migla su saldymed\u017eiu ir me\u0161k\u0117nuoge<\/strong><\/p>\n<p class=\"\" data-start=\"260\" data-end=\"604\">Circadia Licorice &amp; Bearberry Brightening Mist \u2013 tai \u0161velni, ta\u010diau efektyvi veido migla, skirta odos tonui i\u0161lyginti, pigmentacijai ma\u017einti ir suteikti \u0161vyt\u0117jimo. Formul\u0117 su nat\u016braliais augaliniais ekstraktais pasi\u017eymi \u0161viesinamuoju, raminamuoju ir antioksidaciniu poveikiu \u2013 ideali kasdienei pigmentacijos prevencijai ar naudoti po proced\u016br\u0173.<\/p>\n<p class=\"\" data-start=\"606\" data-end=\"870\"><strong data-start=\"606\" data-end=\"619\">Effect:<\/strong><br data-start=\"619\" data-end=\"622\" \/>\u2022 Skaistina ir tolygina odos ton\u0105<br data-start=\"655\" data-end=\"658\" \/>\u2022 Padeda suma\u017einti hiperpigmentacij\u0105 ir tamsias d\u0117mes<br data-start=\"711\" data-end=\"714\" \/>\u2022 Ramina sudirgusi\u0105 ar po proced\u016br\u0173 esan\u010di\u0105 od\u0105<br data-start=\"761\" data-end=\"764\" \/>\u2022 Apsaugo nuo oksidacinio streso ir UV sukelto pigmentacijos formavimosi<br data-start=\"836\" data-end=\"839\" \/>\u2022 Suteikia \u0161vyt\u0117jimo ir gaivumo<\/p>\n<p class=\"\" data-start=\"872\" data-end=\"1052\"><strong data-start=\"872\" data-end=\"887\">Usage:<\/strong><br data-start=\"887\" data-end=\"890\" \/>Pur\u0161kite tiesiai ant \u0161varios odos po prausimo arba prie\u0161 serum\u0105\/krem\u0105.<br data-start=\"960\" data-end=\"963\" \/>Galima naudoti ryte ir vakare, taip pat bet kada dienos metu kaip atgaivinan\u010di\u0105 priemon\u0119.<\/p>\n<p class=\"\" data-start=\"1054\" data-end=\"1280\"><strong data-start=\"1054\" data-end=\"1072\">Suitable for use:<\/strong><br data-start=\"1072\" data-end=\"1075\" \/>Visiems odos tipams, ypa\u010d nelygaus tono, pigmentuotai, po akn\u0117s d\u0117meli\u0173 turin\u010diai ar papilk\u0117jusiai odai.<br data-start=\"1179\" data-end=\"1182\" \/>Puikiai tinka naudoti po \u0161viesinan\u010di\u0173 proced\u016br\u0173 ar kaip palaikomoji pigmentacijos kontrol\u0117s dalis.<\/p>","protected":false},"excerpt":{"rendered":"<p>Skaistinamoji migla su saldymed\u017eiu ir me\u0161k\u0117nuoge<\/p>","protected":false},"featured_media":6303,"comment_status":"open","ping_status":"closed","template":"","meta":[],"product_cat":[448,139,224],"product_tag":[],"class_list":{"0":"post-6302","1":"product","2":"type-product","3":"status-publish","4":"has-post-thumbnail","6":"product_cat-is-clinical-ir-circadia","7":"product_cat-dekolte","8":"product_cat-dulksnos","9":"pa_brands-circadia","10":"pa_talpa-118ml","12":"first","13":"instock","14":"taxable","15":"shipping-taxable","16":"purchasable","17":"product-type-simple"},"_links":{"self":[{"href":"https:\/\/miamedic.lt\/en\/wp-json\/wp\/v2\/product\/6302","targetHints":{"allow":["GET"]}}],"collection":[{"href":"https:\/\/miamedic.lt\/en\/wp-json\/wp\/v2\/product"}],"about":[{"href":"https:\/\/miamedic.lt\/en\/wp-json\/wp\/v2\/types\/product"}],"replies":[{"embeddable":true,"href":"https:\/\/miamedic.lt\/en\/wp-json\/wp\/v2\/comments?post=6302"}],"version-history":[{"count":2,"href":"https:\/\/miamedic.lt\/en\/wp-json\/wp\/v2\/product\/6302\/revisions"}],"predecessor-version":[{"id":6402,"href":"https:\/\/miamedic.lt\/en\/wp-json\/wp\/v2\/product\/6302\/revisions\/6402"}],"wp:featuredmedia":[{"embeddable":true,"href":"https:\/\/miamedic.lt\/en\/wp-json\/wp\/v2\/media\/6303"}],"wp:attachment":[{"href":"https:\/\/miamedic.lt\/en\/wp-json\/wp\/v2\/media?parent=6302"}],"wp:term":[{"taxonomy":"product_cat","embeddable":true,"href":"https:\/\/miamedic.lt\/en\/wp-json\/wp\/v2\/product_cat?post=6302"},{"taxonomy":"product_tag","embeddable":true,"href":"https:\/\/miamedic.lt\/en\/wp-json\/wp\/v2\/product_tag?post=6302"}],"curies":[{"name":"wp","href":"https:\/\/api.w.org\/{rel}","templated":true}]}}