{"id":6299,"date":"2025-04-17T12:25:39","date_gmt":"2025-04-17T12:25:39","guid":{"rendered":"https:\/\/www.miamedic.lt\/?post_type=product&#038;p=6299"},"modified":"2026-03-02T11:01:30","modified_gmt":"2026-03-02T11:01:30","slug":"spot-stop","status":"publish","type":"product","link":"https:\/\/miamedic.lt\/en\/shop\/spot-stop\/","title":{"rendered":"Spot Stop"},"content":{"rendered":"<p class=\"\" data-start=\"129\" data-end=\"207\"><strong data-start=\"129\" data-end=\"207\">Circadia Spot Stop \u2013 intensyvaus poveikio priemon\u0117 lokalizuotiems b\u0117rimams<\/strong><\/p>\n<p class=\"\" data-start=\"209\" data-end=\"472\">Circadia Spot Stop \u2013 tai koncentruotas gelis, skirtas greitam lokalizuot\u0173 b\u0117rim\u0173 nuraminimui ir u\u017edegimo ma\u017einimui. Sukurtas veikti tiesiai problemin\u0117je vietoje, \u0161is produktas padeda suma\u017einti spuog\u0173 dyd\u012f, paraudim\u0105 ir bakterij\u0173 dauginim\u0105si, kartu ramindamas od\u0105.<\/p>\n<p class=\"\" data-start=\"474\" data-end=\"735\"><strong data-start=\"474\" data-end=\"487\">Effect:<\/strong><br data-start=\"487\" data-end=\"490\" \/>\u2022 Greitai suma\u017eina aktyvi\u0173 spuog\u0173 dyd\u012f ir paraudim\u0105<br data-start=\"541\" data-end=\"544\" \/>\u2022 Kovoja su bakterijomis, sukelian\u010diomis akn\u0119<br data-start=\"589\" data-end=\"592\" \/>\u2022 Ramina u\u017edegusi\u0105 od\u0105 ir ma\u017eina diskomfort\u0105<br data-start=\"636\" data-end=\"639\" \/>\u2022 Sausina problemines zonas be per didelio dirginimo<br data-start=\"691\" data-end=\"694\" \/>\u2022 Padeda i\u0161vengti nauj\u0173 spuog\u0173 atsiradimo<\/p>\n<p class=\"\" data-start=\"737\" data-end=\"974\"><strong data-start=\"737\" data-end=\"752\">Usage:<\/strong><br data-start=\"752\" data-end=\"755\" \/>Tepkite plon\u0105 sluoksn\u012f tiesiai ant \u0161varios problemin\u0117s vietos 1\u20133 kartus per dien\u0105.<br data-start=\"838\" data-end=\"841\" \/>Leiskite produktui i\u0161d\u017ei\u016bti \u2013 nenuplauti.<br data-start=\"882\" data-end=\"885\" \/>Gali b\u016bti naudojamas po Nighttime Control ar dienos metu kartu su Daytime Control Lotion.<\/p>\n<p class=\"\" data-start=\"976\" data-end=\"1133\"><strong data-start=\"976\" data-end=\"994\">Suitable for use:<\/strong><br data-start=\"994\" data-end=\"997\" \/>Vis\u0173 tip\u0173 odai, turin\u010diai pavieni\u0173 b\u0117rim\u0173 ar linkusiai \u012f akn\u0119.<br data-start=\"1059\" data-end=\"1062\" \/>Idealiai tinka naudoti lokaliai veido, kaklo, pe\u010di\u0173 ar nugaros srityse.<\/p>","protected":false},"excerpt":{"rendered":"<p>Intensyvaus poveikio priemon\u0117 lokalizuotiems b\u0117rimams<\/p>","protected":false},"featured_media":6300,"comment_status":"open","ping_status":"closed","template":"","meta":[],"product_cat":[448,129],"product_tag":[],"class_list":{"0":"post-6299","1":"product","2":"type-product","3":"status-publish","4":"has-post-thumbnail","6":"product_cat-is-clinical-ir-circadia","7":"product_cat-veido-kremai","8":"pa_brands-circadia","9":"pa_talpa-15ml","11":"first","12":"instock","13":"taxable","14":"shipping-taxable","15":"purchasable","16":"product-type-simple"},"_links":{"self":[{"href":"https:\/\/miamedic.lt\/en\/wp-json\/wp\/v2\/product\/6299","targetHints":{"allow":["GET"]}}],"collection":[{"href":"https:\/\/miamedic.lt\/en\/wp-json\/wp\/v2\/product"}],"about":[{"href":"https:\/\/miamedic.lt\/en\/wp-json\/wp\/v2\/types\/product"}],"replies":[{"embeddable":true,"href":"https:\/\/miamedic.lt\/en\/wp-json\/wp\/v2\/comments?post=6299"}],"version-history":[{"count":2,"href":"https:\/\/miamedic.lt\/en\/wp-json\/wp\/v2\/product\/6299\/revisions"}],"predecessor-version":[{"id":6395,"href":"https:\/\/miamedic.lt\/en\/wp-json\/wp\/v2\/product\/6299\/revisions\/6395"}],"wp:featuredmedia":[{"embeddable":true,"href":"https:\/\/miamedic.lt\/en\/wp-json\/wp\/v2\/media\/6300"}],"wp:attachment":[{"href":"https:\/\/miamedic.lt\/en\/wp-json\/wp\/v2\/media?parent=6299"}],"wp:term":[{"taxonomy":"product_cat","embeddable":true,"href":"https:\/\/miamedic.lt\/en\/wp-json\/wp\/v2\/product_cat?post=6299"},{"taxonomy":"product_tag","embeddable":true,"href":"https:\/\/miamedic.lt\/en\/wp-json\/wp\/v2\/product_tag?post=6299"}],"curies":[{"name":"wp","href":"https:\/\/api.w.org\/{rel}","templated":true}]}}