{"id":6296,"date":"2025-04-17T12:22:51","date_gmt":"2025-04-17T12:22:51","guid":{"rendered":"https:\/\/www.miamedic.lt\/?post_type=product&#038;p=6296"},"modified":"2026-03-02T11:01:41","modified_gmt":"2026-03-02T11:01:41","slug":"nighttime-control","status":"publish","type":"product","link":"https:\/\/miamedic.lt\/en\/shop\/nighttime-control\/","title":{"rendered":"Nighttime Control"},"content":{"rendered":"<p class=\"\" data-start=\"137\" data-end=\"218\"><strong data-start=\"137\" data-end=\"218\">Circadia Nighttime Control \u2013 naktinis kremas riebiai ir \u012f akn\u0119 linkusiai odai<\/strong><\/p>\n<p class=\"\" data-start=\"220\" data-end=\"497\">Circadia Nighttime Control \u2013 tai naktinis kremas, specialiai sukurtas riebiai ir probleminiai odai. Sud\u0117tyje esanti 5 % benzoyl peroxide koncentracija padeda kovoti su akn\u0119 sukelian\u010diomis bakterijomis, ma\u017eina u\u017edegimus bei b\u0117rimus, tuo pa\u010diu \u0161velniai pri\u017ei\u016brint od\u0105 miego metu.<\/p>\n<p class=\"\" data-start=\"499\" data-end=\"780\"><strong data-start=\"499\" data-end=\"512\">Effect:<\/strong><br data-start=\"512\" data-end=\"515\" \/>\u2022 Veiksmingai kovoja su akn\u0117s bakterijomis (Propionibacterium acnes)<br data-start=\"583\" data-end=\"586\" \/>\u2022 Suma\u017eina u\u017edegim\u0105 ir aktyvius b\u0117rimus<br data-start=\"625\" data-end=\"628\" \/>\u2022 Neleid\u017eia formuotis naujiems spuogams ir komedonams<br data-start=\"681\" data-end=\"684\" \/>\u2022 Padeda valyti poras ir reguliuoti riebal\u0173 i\u0161siskyrim\u0105<br data-start=\"739\" data-end=\"742\" \/>\u2022 Gerina bendr\u0105 odos b\u016bkl\u0119 ir i\u0161vaizd\u0105<\/p>\n<p class=\"\" data-start=\"782\" data-end=\"1028\"><strong data-start=\"782\" data-end=\"797\">Usage:<\/strong><br data-start=\"797\" data-end=\"800\" \/>Vakare tepkite plon\u0105 sluoksn\u012f ant \u0161varios, sausos odos.<br data-start=\"855\" data-end=\"858\" \/>Naudokite tik vakare.<br data-start=\"879\" data-end=\"882\" \/>Jei atsiranda per didelis sausumas ar pleiskanojimas \u2013 naudoti re\u010diau arba derinti su dr\u0117kinamuoju kremu.<br data-start=\"987\" data-end=\"990\" \/>Venkite kontakto su akimis ir l\u016bpomis.<\/p>\n<p class=\"\" data-start=\"1030\" data-end=\"1172\"><strong data-start=\"1030\" data-end=\"1048\">Suitable for use:<\/strong><br data-start=\"1048\" data-end=\"1051\" \/>Riebiai, mi\u0161riai, \u012f akn\u0119 linkusiai odai.<br data-start=\"1091\" data-end=\"1094\" \/>Idealiai tinka paaugliams, suaugusi\u0173j\u0173 aknei ar lokaliai problemin\u0117ms vietoms.<\/p>","protected":false},"excerpt":{"rendered":"<p>Naktinis kremas riebiai ir \u012f akn\u0119 linkusiai odai<\/p>","protected":false},"featured_media":6297,"comment_status":"open","ping_status":"closed","template":"","meta":[],"product_cat":[448,180,129],"product_tag":[],"class_list":{"0":"post-6296","1":"product","2":"type-product","3":"status-publish","4":"has-post-thumbnail","6":"product_cat-is-clinical-ir-circadia","7":"product_cat-naktiniai-kremai","8":"product_cat-veido-kremai","9":"pa_brands-circadia","10":"pa_talpa-59ml","12":"first","13":"instock","14":"taxable","15":"shipping-taxable","16":"purchasable","17":"product-type-simple"},"_links":{"self":[{"href":"https:\/\/miamedic.lt\/en\/wp-json\/wp\/v2\/product\/6296","targetHints":{"allow":["GET"]}}],"collection":[{"href":"https:\/\/miamedic.lt\/en\/wp-json\/wp\/v2\/product"}],"about":[{"href":"https:\/\/miamedic.lt\/en\/wp-json\/wp\/v2\/types\/product"}],"replies":[{"embeddable":true,"href":"https:\/\/miamedic.lt\/en\/wp-json\/wp\/v2\/comments?post=6296"}],"version-history":[{"count":2,"href":"https:\/\/miamedic.lt\/en\/wp-json\/wp\/v2\/product\/6296\/revisions"}],"predecessor-version":[{"id":10070,"href":"https:\/\/miamedic.lt\/en\/wp-json\/wp\/v2\/product\/6296\/revisions\/10070"}],"wp:featuredmedia":[{"embeddable":true,"href":"https:\/\/miamedic.lt\/en\/wp-json\/wp\/v2\/media\/6297"}],"wp:attachment":[{"href":"https:\/\/miamedic.lt\/en\/wp-json\/wp\/v2\/media?parent=6296"}],"wp:term":[{"taxonomy":"product_cat","embeddable":true,"href":"https:\/\/miamedic.lt\/en\/wp-json\/wp\/v2\/product_cat?post=6296"},{"taxonomy":"product_tag","embeddable":true,"href":"https:\/\/miamedic.lt\/en\/wp-json\/wp\/v2\/product_tag?post=6296"}],"curies":[{"name":"wp","href":"https:\/\/api.w.org\/{rel}","templated":true}]}}