{"id":6291,"date":"2025-04-17T12:20:18","date_gmt":"2025-04-17T12:20:18","guid":{"rendered":"https:\/\/www.miamedic.lt\/?post_type=product&#038;p=6291"},"modified":"2026-03-02T11:01:50","modified_gmt":"2026-03-02T11:01:50","slug":"daytime-control-lotion","status":"publish","type":"product","link":"https:\/\/miamedic.lt\/en\/shop\/daytime-control-lotion\/","title":{"rendered":"Daytime Control Lotion"},"content":{"rendered":"<p class=\"\" data-start=\"142\" data-end=\"238\"><strong data-start=\"142\" data-end=\"238\">Circadia Daytime Control Lotion \u2013 lengvas dieninis losjonas riebiai ir \u012f akn\u0119 linkusiai odai<\/strong><\/p>\n<p class=\"\" data-start=\"240\" data-end=\"534\">Circadia Daytime Control Lotion \u2013 tai lengvos tekst\u016bros dieninis losjonas, skirtas riebios, mi\u0161rios ar akn\u0117s pa\u017eeistos odos prie\u017ei\u016brai. Jis reguliuoja sebumo i\u0161siskyrim\u0105, ma\u017eina blizges\u012f ir pasi\u017eymi antibakterin\u0117mis bei prie\u0161u\u017edegimin\u0117mis savyb\u0117mis, tuo pa\u010diu i\u0161laikydamas odos dr\u0117gm\u0117s balans\u0105.<\/p>\n<p class=\"\" data-start=\"536\" data-end=\"828\"><strong data-start=\"536\" data-end=\"549\">Effect:<\/strong><br data-start=\"549\" data-end=\"552\" \/>\u2022 Reguliuoja riebal\u0173 i\u0161siskyrim\u0105 ir ma\u017eina blizges\u012f<br data-start=\"603\" data-end=\"606\" \/>\u2022 Ma\u017eina u\u017edegiminius b\u0117rimus ir padeda i\u0161vengti nauj\u0173 spuog\u0173<br data-start=\"667\" data-end=\"670\" \/>\u2022 Dr\u0117kina od\u0105 be por\u0173 u\u017ekim\u0161imo<br data-start=\"701\" data-end=\"704\" \/>\u2022 Turi antibakterin\u012f poveik\u012f ir pagerina bendr\u0105 odos b\u016bkl\u0119<br data-start=\"762\" data-end=\"765\" \/>\u2022 Palaiko \u0161velni\u0105, matin\u0119 ir subalansuot\u0105 od\u0105 visos dienos metu<\/p>\n<p class=\"\" data-start=\"830\" data-end=\"1030\"><strong data-start=\"830\" data-end=\"845\">Usage:<\/strong><br data-start=\"845\" data-end=\"848\" \/>Tepkite ryte ant \u0161varios, tonizuotos odos po prausiklio ar probleminei odai skirtos miglos.<br data-start=\"939\" data-end=\"942\" \/>Gali b\u016bti naudojamas vienas arba po serum\u0173 (pvz., White Willow &amp; Juniper Clearing Mist).<\/p>\n<p class=\"\" data-start=\"1032\" data-end=\"1222\"><strong data-start=\"1032\" data-end=\"1050\">Suitable for use:<\/strong><br data-start=\"1050\" data-end=\"1053\" \/>Riebiai, mi\u0161riai ar \u012f akn\u0119 linkusiai odai, ypa\u010d paaugliams ar esant aktyviems b\u0117rimams.<br data-start=\"1140\" data-end=\"1143\" \/>Puikiai tinka naudoti vasaros sezonu arba kaip dienin\u0117 priemon\u0117 riebesnei odai.<\/p>","protected":false},"excerpt":{"rendered":"<p>Lengvas dieninis losjonas riebiai ir \u012f akn\u0119 linkusiai odai<\/p>","protected":false},"featured_media":6292,"comment_status":"open","ping_status":"closed","template":"","meta":[],"product_cat":[448,129],"product_tag":[],"class_list":{"0":"post-6291","1":"product","2":"type-product","3":"status-publish","4":"has-post-thumbnail","6":"product_cat-is-clinical-ir-circadia","7":"product_cat-veido-kremai","8":"pa_brands-circadia","9":"pa_talpa-59ml","11":"first","12":"instock","13":"taxable","14":"shipping-taxable","15":"purchasable","16":"product-type-simple"},"_links":{"self":[{"href":"https:\/\/miamedic.lt\/en\/wp-json\/wp\/v2\/product\/6291","targetHints":{"allow":["GET"]}}],"collection":[{"href":"https:\/\/miamedic.lt\/en\/wp-json\/wp\/v2\/product"}],"about":[{"href":"https:\/\/miamedic.lt\/en\/wp-json\/wp\/v2\/types\/product"}],"replies":[{"embeddable":true,"href":"https:\/\/miamedic.lt\/en\/wp-json\/wp\/v2\/comments?post=6291"}],"version-history":[{"count":2,"href":"https:\/\/miamedic.lt\/en\/wp-json\/wp\/v2\/product\/6291\/revisions"}],"predecessor-version":[{"id":6401,"href":"https:\/\/miamedic.lt\/en\/wp-json\/wp\/v2\/product\/6291\/revisions\/6401"}],"wp:featuredmedia":[{"embeddable":true,"href":"https:\/\/miamedic.lt\/en\/wp-json\/wp\/v2\/media\/6292"}],"wp:attachment":[{"href":"https:\/\/miamedic.lt\/en\/wp-json\/wp\/v2\/media?parent=6291"}],"wp:term":[{"taxonomy":"product_cat","embeddable":true,"href":"https:\/\/miamedic.lt\/en\/wp-json\/wp\/v2\/product_cat?post=6291"},{"taxonomy":"product_tag","embeddable":true,"href":"https:\/\/miamedic.lt\/en\/wp-json\/wp\/v2\/product_tag?post=6291"}],"curies":[{"name":"wp","href":"https:\/\/api.w.org\/{rel}","templated":true}]}}