{"id":6288,"date":"2025-04-17T12:17:39","date_gmt":"2025-04-17T12:17:39","guid":{"rendered":"https:\/\/www.miamedic.lt\/?post_type=product&#038;p=6288"},"modified":"2026-03-02T11:02:00","modified_gmt":"2026-03-02T11:02:00","slug":"clearing-mist","status":"publish","type":"product","link":"https:\/\/miamedic.lt\/en\/shop\/clearing-mist\/","title":{"rendered":"Clearing Mist"},"content":{"rendered":"<p class=\"\" data-start=\"156\" data-end=\"270\"><strong data-start=\"156\" data-end=\"270\">Circadia White Willow &amp; Juniper Clearing Mist \u2013 valomoji migla problemin\u0117s ir \u012f akn\u0119 linkusios odos prie\u017ei\u016brai<\/strong><\/p>\n<p class=\"\" data-start=\"272\" data-end=\"566\">Circadia White Willow &amp; Juniper Clearing Mist \u2013 tai gaivinanti, poras valanti ir riebal\u0173 i\u0161siskyrim\u0105 reguliuojanti veido migla. Skirta mi\u0161riai, riebiai ar akn\u0117s pa\u017eeistai odai, \u0161i priemon\u0117 padeda suma\u017einti u\u017edegim\u0105, bakterij\u0173 dauginim\u0105si ir perteklin\u012f sebum\u0105, kartu palaikydama odos pH balans\u0105.<\/p>\n<p class=\"\" data-start=\"568\" data-end=\"857\"><strong data-start=\"568\" data-end=\"581\">Effect:<\/strong><br data-start=\"581\" data-end=\"584\" \/>\u2022 Reguliuoja sebumo gamyb\u0105 ir padeda i\u0161valyti poras<br data-start=\"635\" data-end=\"638\" \/>\u2022 Ma\u017eina akn\u0117s sukelt\u0105 u\u017edegim\u0105 ir paraudim\u0105<br data-start=\"682\" data-end=\"685\" \/>\u2022 Apsaugo nuo bakterij\u0173 dauginimosi odos pavir\u0161iuje<br data-start=\"736\" data-end=\"739\" \/>\u2022 Gaivina, ramina ir palaiko odos balans\u0105<br data-start=\"780\" data-end=\"783\" \/>\u2022 Tinka naudoti vieti\u0161kai arba visam veidui, ypa\u010d esant aktyviems b\u0117rimams<\/p>\n<p class=\"\" data-start=\"859\" data-end=\"1101\"><strong data-start=\"859\" data-end=\"874\">Usage:<\/strong><br data-start=\"874\" data-end=\"877\" \/>Pur\u0161kite tiesiai ant \u0161varios veido odos po valymo arba pagal poreik\u012f dienos metu.<br data-start=\"958\" data-end=\"961\" \/>Gali b\u016bti naudojama lokaliai ant problemini\u0173 zon\u0173 arba visam veidui.<br data-start=\"1029\" data-end=\"1032\" \/>Puikiai tinka naudoti prie\u0161 serumus ar dr\u0117kiklius, ypa\u010d riebiai odai.<\/p>\n<p class=\"\" data-start=\"1103\" data-end=\"1260\"><strong data-start=\"1103\" data-end=\"1121\">Suitable for use:<\/strong><br data-start=\"1121\" data-end=\"1124\" \/>Riebiai, mi\u0161riai, \u012f akn\u0119 ar komedonus linkusiai odai.<br data-start=\"1177\" data-end=\"1180\" \/>Idealiai tinka paaugliams, problemin\u0117s odos savininkams ar esant aktyviai fazei.<\/p>","protected":false},"excerpt":{"rendered":"<p>Valomoji migla problemin\u0117s ir \u012f akn\u0119 linkusios odos prie\u017ei\u016brai<\/p>","protected":false},"featured_media":6289,"comment_status":"open","ping_status":"closed","template":"","meta":[],"product_cat":[448,139,224],"product_tag":[],"class_list":{"0":"post-6288","1":"product","2":"type-product","3":"status-publish","4":"has-post-thumbnail","6":"product_cat-is-clinical-ir-circadia","7":"product_cat-dekolte","8":"product_cat-dulksnos","9":"pa_brands-circadia","10":"pa_talpa-118ml","12":"first","13":"instock","14":"taxable","15":"shipping-taxable","16":"purchasable","17":"product-type-simple"},"_links":{"self":[{"href":"https:\/\/miamedic.lt\/en\/wp-json\/wp\/v2\/product\/6288","targetHints":{"allow":["GET"]}}],"collection":[{"href":"https:\/\/miamedic.lt\/en\/wp-json\/wp\/v2\/product"}],"about":[{"href":"https:\/\/miamedic.lt\/en\/wp-json\/wp\/v2\/types\/product"}],"replies":[{"embeddable":true,"href":"https:\/\/miamedic.lt\/en\/wp-json\/wp\/v2\/comments?post=6288"}],"version-history":[{"count":2,"href":"https:\/\/miamedic.lt\/en\/wp-json\/wp\/v2\/product\/6288\/revisions"}],"predecessor-version":[{"id":6400,"href":"https:\/\/miamedic.lt\/en\/wp-json\/wp\/v2\/product\/6288\/revisions\/6400"}],"wp:featuredmedia":[{"embeddable":true,"href":"https:\/\/miamedic.lt\/en\/wp-json\/wp\/v2\/media\/6289"}],"wp:attachment":[{"href":"https:\/\/miamedic.lt\/en\/wp-json\/wp\/v2\/media?parent=6288"}],"wp:term":[{"taxonomy":"product_cat","embeddable":true,"href":"https:\/\/miamedic.lt\/en\/wp-json\/wp\/v2\/product_cat?post=6288"},{"taxonomy":"product_tag","embeddable":true,"href":"https:\/\/miamedic.lt\/en\/wp-json\/wp\/v2\/product_tag?post=6288"}],"curies":[{"name":"wp","href":"https:\/\/api.w.org\/{rel}","templated":true}]}}