{"id":6284,"date":"2025-04-17T12:14:37","date_gmt":"2025-04-17T12:14:37","guid":{"rendered":"https:\/\/www.miamedic.lt\/?post_type=product&#038;p=6284"},"modified":"2026-03-02T11:02:10","modified_gmt":"2026-03-02T11:02:10","slug":"post-peel-balm","status":"publish","type":"product","link":"https:\/\/miamedic.lt\/en\/shop\/post-peel-balm\/","title":{"rendered":"Post Peel Balm"},"content":{"rendered":"<p class=\"\" data-start=\"134\" data-end=\"213\"><strong data-start=\"134\" data-end=\"213\">Circadia Post Peel Balm \u2013 raminamasis ir atkuriamasis balzamas po proced\u016br\u0173<\/strong><\/p>\n<p class=\"\" data-start=\"215\" data-end=\"503\">Circadia Post Peel Balm \u2013 tai sodrus, bet greitai \u012fsigeriantis balzamas, sukurtas specialiai odos prie\u017ei\u016brai po cheminio pilingo ar kit\u0173 agresyvesni\u0173 proced\u016br\u0173. Jis intensyviai dr\u0117kina, ramina sudirgusi\u0105 od\u0105, ma\u017eina paraudim\u0105 ir \u0161erpetojim\u0105, bei padeda atkurti pa\u017eeist\u0105 apsaugin\u012f barjer\u0105.<\/p>\n<p class=\"\" data-start=\"505\" data-end=\"784\"><strong data-start=\"505\" data-end=\"518\">Effect:<\/strong><br data-start=\"518\" data-end=\"521\" \/>\u2022 Ramina ir atkuria sudirgusi\u0105, po proced\u016br\u0173 esan\u010di\u0105 od\u0105<br data-start=\"577\" data-end=\"580\" \/>\u2022 Ma\u017eina paraudim\u0105, \u0161erpetojim\u0105 ir diskomfort\u0105<br data-start=\"626\" data-end=\"629\" \/>\u2022 Skatina odos gijim\u0105 ir regeneracij\u0105<br data-start=\"666\" data-end=\"669\" \/>\u2022 Dr\u0117kina ir mink\u0161tina, saugo nuo dr\u0117gm\u0117s praradimo<br data-start=\"720\" data-end=\"723\" \/>\u2022 Saugo nuo i\u0161orini\u0173 dirgikli\u0173 ir stiprina barjerin\u0119 funkcij\u0105<\/p>\n<p class=\"\" data-start=\"786\" data-end=\"1004\"><strong data-start=\"786\" data-end=\"801\">Usage:<\/strong><br data-start=\"801\" data-end=\"804\" \/>Tepkite \u0161variai nuvalyt\u0105 od\u0105 kelis kartus per dien\u0105 ar pagal poreik\u012f pirmosiomis dienomis po pilingo.<br data-start=\"905\" data-end=\"908\" \/>Galima naudoti kaip nak\u010diai skirt\u0105 atkuriam\u0105j\u0105 priemon\u0119 arba dien\u0105, jei oda \u0161erpetoja ar per\u0161ti.<\/p>\n<p class=\"\" data-start=\"1006\" data-end=\"1169\"><strong data-start=\"1006\" data-end=\"1024\">Suitable for use:<\/strong><br data-start=\"1024\" data-end=\"1027\" \/>Vis\u0173 tip\u0173 odai po cheminio pilingo, mikrodermabrazijos, lazerini\u0173 ar kit\u0173 proced\u016br\u0173.<br data-start=\"1111\" data-end=\"1114\" \/>Ypa\u010d tinka jautriai, i\u0161saus\u0117jusiai ar sudirgusiai odai.<\/p>","protected":false},"excerpt":{"rendered":"<p>Raminamasis ir atkuriamasis balzamas po proced\u016br\u0173<\/p>","protected":false},"featured_media":6285,"comment_status":"open","ping_status":"closed","template":"","meta":[],"product_cat":[448,129],"product_tag":[],"class_list":{"0":"post-6284","1":"product","2":"type-product","3":"status-publish","4":"has-post-thumbnail","6":"product_cat-is-clinical-ir-circadia","7":"product_cat-veido-kremai","8":"pa_brands-circadia","9":"pa_talpa-60ml","11":"first","12":"instock","13":"taxable","14":"shipping-taxable","15":"purchasable","16":"product-type-simple"},"_links":{"self":[{"href":"https:\/\/miamedic.lt\/en\/wp-json\/wp\/v2\/product\/6284","targetHints":{"allow":["GET"]}}],"collection":[{"href":"https:\/\/miamedic.lt\/en\/wp-json\/wp\/v2\/product"}],"about":[{"href":"https:\/\/miamedic.lt\/en\/wp-json\/wp\/v2\/types\/product"}],"replies":[{"embeddable":true,"href":"https:\/\/miamedic.lt\/en\/wp-json\/wp\/v2\/comments?post=6284"}],"version-history":[{"count":3,"href":"https:\/\/miamedic.lt\/en\/wp-json\/wp\/v2\/product\/6284\/revisions"}],"predecessor-version":[{"id":10071,"href":"https:\/\/miamedic.lt\/en\/wp-json\/wp\/v2\/product\/6284\/revisions\/10071"}],"wp:featuredmedia":[{"embeddable":true,"href":"https:\/\/miamedic.lt\/en\/wp-json\/wp\/v2\/media\/6285"}],"wp:attachment":[{"href":"https:\/\/miamedic.lt\/en\/wp-json\/wp\/v2\/media?parent=6284"}],"wp:term":[{"taxonomy":"product_cat","embeddable":true,"href":"https:\/\/miamedic.lt\/en\/wp-json\/wp\/v2\/product_cat?post=6284"},{"taxonomy":"product_tag","embeddable":true,"href":"https:\/\/miamedic.lt\/en\/wp-json\/wp\/v2\/product_tag?post=6284"}],"curies":[{"name":"wp","href":"https:\/\/api.w.org\/{rel}","templated":true}]}}