{"id":6281,"date":"2025-04-17T12:04:49","date_gmt":"2025-04-17T12:04:49","guid":{"rendered":"https:\/\/www.miamedic.lt\/?post_type=product&#038;p=6281"},"modified":"2026-03-02T11:02:19","modified_gmt":"2026-03-02T11:02:19","slug":"rose-ease-cream","status":"publish","type":"product","link":"https:\/\/miamedic.lt\/en\/shop\/rose-ease-cream\/","title":{"rendered":"Rose-Ease Cream"},"content":{"rendered":"<p class=\"\" data-start=\"142\" data-end=\"220\"><strong data-start=\"142\" data-end=\"220\">Circadia Rose-Ease Relief Cream \u2013 kremas jautriai, \u012f ro\u017ein\u0119 linkusiai odai<\/strong><\/p>\n<p class=\"\" data-start=\"222\" data-end=\"484\">Circadia Rose-Ease Relief Cream \u2013 tai specialiai sukurta priemon\u0117 raustan\u010diai, kapiliar\u0173 pa\u017eeistai ir \u012f ro\u017ein\u0119 linkusiai odai. Kremas ma\u017eina paraudim\u0105, stiprina kapiliar\u0173 sieneles ir slopina u\u017edegiminius procesus, tuo pa\u010diu dr\u0117kindamas ir ramindamas jautri\u0105 od\u0105.<\/p>\n<p class=\"\" data-start=\"486\" data-end=\"727\"><strong data-start=\"486\" data-end=\"499\">Effect:<\/strong><br data-start=\"499\" data-end=\"502\" \/>\u2022 Ma\u017eina difuzin\u012f ir lokal\u0173 paraudim\u0105<br data-start=\"539\" data-end=\"542\" \/>\u2022 Ramina jautri\u0105 ir sudirgusi\u0105 od\u0105<br data-start=\"576\" data-end=\"579\" \/>\u2022 Stiprina kapiliar\u0173 sieneles ir odos barjer\u0105<br data-start=\"624\" data-end=\"627\" \/>\u2022 Suma\u017eina kraujagysli\u0173 i\u0161sipl\u0117tim\u0105 (telangiektazijas)<br data-start=\"681\" data-end=\"684\" \/>\u2022 Dr\u0117kina ir apsaugo nuo i\u0161orini\u0173 dirgikli\u0173<\/p>\n<p class=\"\" data-start=\"729\" data-end=\"944\"><strong data-start=\"729\" data-end=\"744\">Usage:<\/strong><br data-start=\"744\" data-end=\"747\" \/>Tepkite ant \u0161varios odos ryte ir vakare.<br data-start=\"787\" data-end=\"790\" \/>\u0160velniai paskirstykite ant veido, ypa\u010d paraudusi\u0173 ar jautri\u0173 zon\u0173.<br data-start=\"856\" data-end=\"859\" \/>Galima naudoti ilgalaik\u0117je prie\u017ei\u016broje arba kaip kurs\u0105 esant aktyviam odos jautrumui.<\/p>\n<p class=\"\" data-start=\"946\" data-end=\"1114\"><strong data-start=\"946\" data-end=\"964\">Suitable for use:<\/strong><br data-start=\"964\" data-end=\"967\" \/>Jautriai, \u012f ro\u017ein\u0119 linkusiai ar kraujagyslin\u0119 pa\u017eeidim\u0173 turin\u010diai odai.<br data-start=\"1038\" data-end=\"1041\" \/>Idealiai tinka esant i\u0161sipl\u0117tusiems kapiliarams, raudoniui, po proced\u016br\u0173.<\/p>","protected":false},"excerpt":{"rendered":"<p>Kremas jautriai, \u012f ro\u017ein\u0119 linkusiai odai<\/p>","protected":false},"featured_media":6282,"comment_status":"open","ping_status":"closed","template":"","meta":[],"product_cat":[448,129],"product_tag":[],"class_list":{"0":"post-6281","1":"product","2":"type-product","3":"status-publish","4":"has-post-thumbnail","6":"product_cat-is-clinical-ir-circadia","7":"product_cat-veido-kremai","8":"pa_brands-circadia","9":"pa_talpa-50ml-2","11":"first","12":"instock","13":"taxable","14":"shipping-taxable","15":"purchasable","16":"product-type-simple"},"_links":{"self":[{"href":"https:\/\/miamedic.lt\/en\/wp-json\/wp\/v2\/product\/6281","targetHints":{"allow":["GET"]}}],"collection":[{"href":"https:\/\/miamedic.lt\/en\/wp-json\/wp\/v2\/product"}],"about":[{"href":"https:\/\/miamedic.lt\/en\/wp-json\/wp\/v2\/types\/product"}],"replies":[{"embeddable":true,"href":"https:\/\/miamedic.lt\/en\/wp-json\/wp\/v2\/comments?post=6281"}],"version-history":[{"count":2,"href":"https:\/\/miamedic.lt\/en\/wp-json\/wp\/v2\/product\/6281\/revisions"}],"predecessor-version":[{"id":10042,"href":"https:\/\/miamedic.lt\/en\/wp-json\/wp\/v2\/product\/6281\/revisions\/10042"}],"wp:featuredmedia":[{"embeddable":true,"href":"https:\/\/miamedic.lt\/en\/wp-json\/wp\/v2\/media\/6282"}],"wp:attachment":[{"href":"https:\/\/miamedic.lt\/en\/wp-json\/wp\/v2\/media?parent=6281"}],"wp:term":[{"taxonomy":"product_cat","embeddable":true,"href":"https:\/\/miamedic.lt\/en\/wp-json\/wp\/v2\/product_cat?post=6281"},{"taxonomy":"product_tag","embeddable":true,"href":"https:\/\/miamedic.lt\/en\/wp-json\/wp\/v2\/product_tag?post=6281"}],"curies":[{"name":"wp","href":"https:\/\/api.w.org\/{rel}","templated":true}]}}