{"id":6276,"date":"2025-04-17T12:01:47","date_gmt":"2025-04-17T12:01:47","guid":{"rendered":"https:\/\/www.miamedic.lt\/?post_type=product&#038;p=6276"},"modified":"2026-03-02T11:02:28","modified_gmt":"2026-03-02T11:02:28","slug":"tranquili-cream","status":"publish","type":"product","link":"https:\/\/miamedic.lt\/en\/shop\/tranquili-cream\/","title":{"rendered":"Tranquili-Cream"},"content":{"rendered":"<p class=\"\" data-start=\"135\" data-end=\"226\"><strong data-start=\"135\" data-end=\"226\">Circadia Tranquili-Cream \u2013 intensyviai raminantis kremas jautriai ir reaguojan\u010diai odai<\/strong><\/p>\n<p class=\"\" data-start=\"228\" data-end=\"497\">Circadia Tranquili-Cream \u2013 tai terapinio poveikio kremas, skirtas jautriai, paraudusiai, nie\u017etin\u010diai ar sudirgusiai odai. Sukurtas siekiant suma\u017einti neurogenin\u012f ir u\u017edegimin\u012f odos atsak\u0105, kremas greitai numal\u0161ina diskomfort\u0105, ramina ir atkuria odos barjerin\u0119 funkcij\u0105.<\/p>\n<p class=\"\" data-start=\"499\" data-end=\"791\"><strong data-start=\"499\" data-end=\"512\">Effect:<\/strong><br data-start=\"512\" data-end=\"515\" \/>\u2022 Greitai suma\u017eina odos paraudim\u0105, nie\u017e\u0117jim\u0105 ir sudirgim\u0105<br data-start=\"572\" data-end=\"575\" \/>\u2022 Slopina neurogenin\u012f ir u\u017edegimin\u012f atsak\u0105 odoje<br data-start=\"623\" data-end=\"626\" \/>\u2022 Ramina ir stiprina jautri\u0105, reaktyvi\u0105 od\u0105<br data-start=\"669\" data-end=\"672\" \/>\u2022 Apsaugo nuo i\u0161orini\u0173 dirgikli\u0173 ir stiprina barjer\u0105<br data-start=\"724\" data-end=\"727\" \/>\u2022 Tinka naudoti po proced\u016br\u0173, gydym\u0173 ar esant l\u0117tiniam jautrumui<\/p>\n<p class=\"\" data-start=\"793\" data-end=\"988\"><strong data-start=\"793\" data-end=\"808\">Usage:<\/strong><br data-start=\"808\" data-end=\"811\" \/>Tepkite ryte ir\/ar vakare ant \u0161varios odos, ypa\u010d tose vietose, kur jau\u010diamas paraudimas ar diskomfortas.<br data-start=\"915\" data-end=\"918\" \/>Gali b\u016bti naudojamas vienas arba kaip papildoma priemon\u0117 po proced\u016br\u0173.<\/p>\n<p class=\"\" data-start=\"990\" data-end=\"1176\"><strong data-start=\"990\" data-end=\"1008\">Suitable for use:<\/strong><br data-start=\"1008\" data-end=\"1011\" \/>Visiems odos tipams, bet ypa\u010d jautriai, linkusiai \u012f sudirgim\u0105, ro\u017ein\u0119 ar atopij\u0105.<br data-start=\"1092\" data-end=\"1095\" \/>Rekomenduojamas po piling\u0173, lazerini\u0173 proced\u016br\u0173 ar esant l\u0117tiniam odos jautrumui.<\/p>","protected":false},"excerpt":{"rendered":"<p class=\"\" data-start=\"135\" data-end=\"226\">Intensyviai raminantis kremas jautriai ir reaguojan\u010diai odai<\/p>\n<p class=\"\" data-start=\"228\" data-end=\"497\">","protected":false},"featured_media":6277,"comment_status":"open","ping_status":"closed","template":"","meta":[],"product_cat":[448,129],"product_tag":[],"class_list":{"0":"post-6276","1":"product","2":"type-product","3":"status-publish","4":"has-post-thumbnail","6":"product_cat-is-clinical-ir-circadia","7":"product_cat-veido-kremai","8":"pa_brands-circadia","9":"pa_talpa-59ml","11":"first","12":"instock","13":"taxable","14":"shipping-taxable","15":"purchasable","16":"product-type-simple"},"_links":{"self":[{"href":"https:\/\/miamedic.lt\/en\/wp-json\/wp\/v2\/product\/6276","targetHints":{"allow":["GET"]}}],"collection":[{"href":"https:\/\/miamedic.lt\/en\/wp-json\/wp\/v2\/product"}],"about":[{"href":"https:\/\/miamedic.lt\/en\/wp-json\/wp\/v2\/types\/product"}],"replies":[{"embeddable":true,"href":"https:\/\/miamedic.lt\/en\/wp-json\/wp\/v2\/comments?post=6276"}],"version-history":[{"count":2,"href":"https:\/\/miamedic.lt\/en\/wp-json\/wp\/v2\/product\/6276\/revisions"}],"predecessor-version":[{"id":10072,"href":"https:\/\/miamedic.lt\/en\/wp-json\/wp\/v2\/product\/6276\/revisions\/10072"}],"wp:featuredmedia":[{"embeddable":true,"href":"https:\/\/miamedic.lt\/en\/wp-json\/wp\/v2\/media\/6277"}],"wp:attachment":[{"href":"https:\/\/miamedic.lt\/en\/wp-json\/wp\/v2\/media?parent=6276"}],"wp:term":[{"taxonomy":"product_cat","embeddable":true,"href":"https:\/\/miamedic.lt\/en\/wp-json\/wp\/v2\/product_cat?post=6276"},{"taxonomy":"product_tag","embeddable":true,"href":"https:\/\/miamedic.lt\/en\/wp-json\/wp\/v2\/product_tag?post=6276"}],"curies":[{"name":"wp","href":"https:\/\/api.w.org\/{rel}","templated":true}]}}