{"id":6271,"date":"2025-04-17T11:56:56","date_gmt":"2025-04-17T11:56:56","guid":{"rendered":"https:\/\/www.miamedic.lt\/?post_type=product&#038;p=6271"},"modified":"2026-03-02T11:02:37","modified_gmt":"2026-03-02T11:02:37","slug":"calming-mist","status":"publish","type":"product","link":"https:\/\/miamedic.lt\/en\/shop\/calming-mist\/","title":{"rendered":"Calming Mist"},"content":{"rendered":"<p class=\"\" data-start=\"154\" data-end=\"247\"><strong data-start=\"154\" data-end=\"247\">Circadia Aloe &amp; Calendula Calming Mist \u2013 raminanti veido migla su alavijais ir medetkomis<\/strong><\/p>\n<p class=\"\" data-start=\"249\" data-end=\"511\">Circadia Aloe &amp; Calendula Calming Mist \u2013 tai \u0161velni, raminanti migla, skirta jautriai, sudirgusiai ar po proced\u016br\u0173 esan\u010diai odai. D\u0117l savo prie\u0161u\u017edegimini\u0173 ir dr\u0117kinam\u0173j\u0173 savybi\u0173 ji greitai atkuria komfort\u0105, suma\u017eina paraudim\u0105 ir suteikia malon\u0173 v\u0117sinimo efekt\u0105.<\/p>\n<p class=\"\" data-start=\"513\" data-end=\"795\"><strong data-start=\"513\" data-end=\"526\">Effect:<\/strong><br data-start=\"526\" data-end=\"529\" \/>\u2022 Ramina sudirgusi\u0105, jautri\u0105 ar pa\u017eeist\u0105 od\u0105<br data-start=\"573\" data-end=\"576\" \/>\u2022 Ma\u017eina paraudim\u0105, nie\u017e\u0117jim\u0105 ir \u0161ilumos poj\u016bt\u012f<br data-start=\"623\" data-end=\"626\" \/>\u2022 Palaiko dr\u0117gm\u0117s balans\u0105 ir stiprina odos apsaugin\u012f barjer\u0105<br data-start=\"686\" data-end=\"689\" \/>\u2022 Puikiai tinka po piling\u0173, lazerini\u0173 proced\u016br\u0173 ar saul\u0117s poveikio<br data-start=\"755\" data-end=\"758\" \/>\u2022 Suteikia gaivumo ir \u0161velnumo poj\u016bt\u012f<\/p>\n<p class=\"\" data-start=\"797\" data-end=\"989\"><strong data-start=\"797\" data-end=\"812\">Usage:<\/strong><br data-start=\"812\" data-end=\"815\" \/>Pur\u0161kite ant \u0161varios odos po valymo arba bet kada, kai reikia nuraminti ar atgaivinti od\u0105.<br data-start=\"905\" data-end=\"908\" \/>Gali b\u016bti naudojama prie\u0161 serum\u0105, po proced\u016br\u0173 ar dienos eigoje net vir\u0161 makia\u017eo.<\/p>\n<p class=\"\" data-start=\"991\" data-end=\"1152\"><strong data-start=\"991\" data-end=\"1009\">Suitable for use:<\/strong><br data-start=\"1009\" data-end=\"1012\" \/>Visiems odos tipams, ypa\u010d jautriai, sudirgusiai, ro\u017ein\u0117s ar dehidratuotai odai.<br data-start=\"1091\" data-end=\"1094\" \/>Rekomenduojama naudoti po proced\u016br\u0173 arba esant paraudimui.<\/p>","protected":false},"excerpt":{"rendered":"<p>Raminanti veido migla su alavijais ir medetkomis<\/p>","protected":false},"featured_media":6272,"comment_status":"open","ping_status":"closed","template":"","meta":[],"product_cat":[448,139,224],"product_tag":[],"class_list":{"0":"post-6271","1":"product","2":"type-product","3":"status-publish","4":"has-post-thumbnail","6":"product_cat-is-clinical-ir-circadia","7":"product_cat-dekolte","8":"product_cat-dulksnos","9":"pa_brands-circadia","10":"pa_talpa-118ml","12":"first","13":"instock","14":"taxable","15":"shipping-taxable","16":"purchasable","17":"product-type-simple"},"_links":{"self":[{"href":"https:\/\/miamedic.lt\/en\/wp-json\/wp\/v2\/product\/6271","targetHints":{"allow":["GET"]}}],"collection":[{"href":"https:\/\/miamedic.lt\/en\/wp-json\/wp\/v2\/product"}],"about":[{"href":"https:\/\/miamedic.lt\/en\/wp-json\/wp\/v2\/types\/product"}],"replies":[{"embeddable":true,"href":"https:\/\/miamedic.lt\/en\/wp-json\/wp\/v2\/comments?post=6271"}],"version-history":[{"count":2,"href":"https:\/\/miamedic.lt\/en\/wp-json\/wp\/v2\/product\/6271\/revisions"}],"predecessor-version":[{"id":6399,"href":"https:\/\/miamedic.lt\/en\/wp-json\/wp\/v2\/product\/6271\/revisions\/6399"}],"wp:featuredmedia":[{"embeddable":true,"href":"https:\/\/miamedic.lt\/en\/wp-json\/wp\/v2\/media\/6272"}],"wp:attachment":[{"href":"https:\/\/miamedic.lt\/en\/wp-json\/wp\/v2\/media?parent=6271"}],"wp:term":[{"taxonomy":"product_cat","embeddable":true,"href":"https:\/\/miamedic.lt\/en\/wp-json\/wp\/v2\/product_cat?post=6271"},{"taxonomy":"product_tag","embeddable":true,"href":"https:\/\/miamedic.lt\/en\/wp-json\/wp\/v2\/product_tag?post=6271"}],"curies":[{"name":"wp","href":"https:\/\/api.w.org\/{rel}","templated":true}]}}