{"id":6268,"date":"2025-04-17T11:43:10","date_gmt":"2025-04-17T11:43:10","guid":{"rendered":"https:\/\/www.miamedic.lt\/?post_type=product&#038;p=6268"},"modified":"2026-03-02T11:02:46","modified_gmt":"2026-03-02T11:02:46","slug":"aquaporin-cream","status":"publish","type":"product","link":"https:\/\/miamedic.lt\/en\/shop\/aquaporin-cream\/","title":{"rendered":"AquaPorin Cream"},"content":{"rendered":"<p class=\"\" data-start=\"145\" data-end=\"259\"><strong data-start=\"145\" data-end=\"259\">Circadia AquaPorin Hydrating Cream \u2013 giluminio dr\u0117kinimo kremas su vandens kanalus aktyvuojan\u010diais kompleksais<\/strong><\/p>\n<p class=\"\" data-start=\"261\" data-end=\"547\">Circadia AquaPorin Hydrating Cream \u2013 tai inovatyvus dr\u0117kinamasis kremas, sukurtas aktyvinti nat\u016bralius odos vandens kanalus (akvaporinus) ir u\u017etikrinti intensyv\u0173 bei ilgalaik\u012f dr\u0117kinim\u0105. \u0160is kremas padeda atkurti odos balans\u0105, komfort\u0105 ir \u0161vyt\u0117jim\u0105 net esant sausumui ar dehidratacijai.<\/p>\n<p class=\"\" data-start=\"549\" data-end=\"777\"><strong data-start=\"549\" data-end=\"562\">Effect:<\/strong><br data-start=\"562\" data-end=\"565\" \/>\u2022 Aktyvina odos vandens apytak\u0105 per akvaporinus<br data-start=\"612\" data-end=\"615\" \/>\u2022 Dr\u0117kina giluminius odos sluoksnius<br data-start=\"651\" data-end=\"654\" \/>\u2022 Gerina odos elastingum\u0105 ir \u0161velnum\u0105<br data-start=\"691\" data-end=\"694\" \/>\u2022 Saugo nuo i\u0161saus\u0117jimo ir aplinkos poveikio<br data-start=\"738\" data-end=\"741\" \/>\u2022 Suteikia ilgalaik\u012f komforto poj\u016bt\u012f<\/p>\n<p class=\"\" data-start=\"779\" data-end=\"1012\"><strong data-start=\"779\" data-end=\"794\">Usage:<\/strong><br data-start=\"794\" data-end=\"797\" \/>Tepkite ant \u0161varios odos ryte ir vakare.<br data-start=\"837\" data-end=\"840\" \/>Galima naudoti kaip kasdien\u012f dr\u0117kikl\u012f arba po proced\u016br\u0173, kai oda praradusi dr\u0117gm\u0119.<br data-start=\"922\" data-end=\"925\" \/>Idealiai derinamas su Circadia serumais (pvz., Serum 71 arba Vitamin C Reversal Serum).<\/p>\n<p class=\"\" data-start=\"1014\" data-end=\"1177\"><strong data-start=\"1014\" data-end=\"1032\">Suitable for use:<\/strong><br data-start=\"1032\" data-end=\"1035\" \/>Visiems odos tipams, ypa\u010d dehidratuotai, jautriai ir sudirgusiai odai.<br data-start=\"1105\" data-end=\"1108\" \/>Puikiai tinka \u0161altuoju met\u0173 laiku ar esant dideliam dr\u0117gm\u0117s tr\u016bkumui.<\/p>","protected":false},"excerpt":{"rendered":"<p>Giluminio dr\u0117kinimo kremas su vandens kanalus aktyvuojan\u010diais kompleksais<\/p>","protected":false},"featured_media":6269,"comment_status":"open","ping_status":"closed","template":"","meta":[],"product_cat":[448,180,129],"product_tag":[],"class_list":{"0":"post-6268","1":"product","2":"type-product","3":"status-publish","4":"has-post-thumbnail","6":"product_cat-is-clinical-ir-circadia","7":"product_cat-naktiniai-kremai","8":"product_cat-veido-kremai","9":"pa_brands-circadia","10":"pa_talpa-50ml-2","12":"first","13":"instock","14":"taxable","15":"shipping-taxable","16":"purchasable","17":"product-type-simple"},"_links":{"self":[{"href":"https:\/\/miamedic.lt\/en\/wp-json\/wp\/v2\/product\/6268","targetHints":{"allow":["GET"]}}],"collection":[{"href":"https:\/\/miamedic.lt\/en\/wp-json\/wp\/v2\/product"}],"about":[{"href":"https:\/\/miamedic.lt\/en\/wp-json\/wp\/v2\/types\/product"}],"replies":[{"embeddable":true,"href":"https:\/\/miamedic.lt\/en\/wp-json\/wp\/v2\/comments?post=6268"}],"version-history":[{"count":3,"href":"https:\/\/miamedic.lt\/en\/wp-json\/wp\/v2\/product\/6268\/revisions"}],"predecessor-version":[{"id":12534,"href":"https:\/\/miamedic.lt\/en\/wp-json\/wp\/v2\/product\/6268\/revisions\/12534"}],"wp:featuredmedia":[{"embeddable":true,"href":"https:\/\/miamedic.lt\/en\/wp-json\/wp\/v2\/media\/6269"}],"wp:attachment":[{"href":"https:\/\/miamedic.lt\/en\/wp-json\/wp\/v2\/media?parent=6268"}],"wp:term":[{"taxonomy":"product_cat","embeddable":true,"href":"https:\/\/miamedic.lt\/en\/wp-json\/wp\/v2\/product_cat?post=6268"},{"taxonomy":"product_tag","embeddable":true,"href":"https:\/\/miamedic.lt\/en\/wp-json\/wp\/v2\/product_tag?post=6268"}],"curies":[{"name":"wp","href":"https:\/\/api.w.org\/{rel}","templated":true}]}}