{"id":6264,"date":"2025-04-17T11:39:22","date_gmt":"2025-04-17T11:39:22","guid":{"rendered":"https:\/\/www.miamedic.lt\/?post_type=product&#038;p=6264"},"modified":"2026-03-02T11:03:00","modified_gmt":"2026-03-02T11:03:00","slug":"moisture-on-demand","status":"publish","type":"product","link":"https:\/\/miamedic.lt\/en\/shop\/moisture-on-demand\/","title":{"rendered":"Moisture on Demand"},"content":{"rendered":"<p class=\"\" data-start=\"138\" data-end=\"226\"><strong data-start=\"138\" data-end=\"226\">Circadia Moisture on Demand \u2013 i\u0161manusis dr\u0117kiklis, prisitaikantis prie odos poreiki\u0173<\/strong><\/p>\n<p class=\"\" data-start=\"228\" data-end=\"525\">Circadia Moisture on Demand \u2013 tai modernus, prisitaikantis dr\u0117kinamasis kremas, kuris protingai balansuoja odos dr\u0117gm\u0117s lyg\u012f: dr\u0117kina, kai tr\u016bksta dr\u0117gm\u0117s, ir reguliuoja, kai jos per daug. Sukurtas vis\u0173 tip\u0173 odai, \u0161is kremas palaiko optimal\u0173 odos komfort\u0105 vis\u0105 dien\u0105, nepalikdamas riebumo poj\u016b\u010dio.<\/p>\n<p class=\"\" data-start=\"527\" data-end=\"772\"><strong data-start=\"527\" data-end=\"540\">Effect:<\/strong><br data-start=\"540\" data-end=\"543\" \/>\u2022 Protingai prisitaiko prie odos dr\u0117gm\u0117s poreiki\u0173<br data-start=\"592\" data-end=\"595\" \/>\u2022 Saugo nuo transepiderminio vandens praradimo (TEWL)<br data-start=\"648\" data-end=\"651\" \/>\u2022 Stiprina odos apsaugin\u012f barjer\u0105<br data-start=\"684\" data-end=\"687\" \/>\u2022 Dr\u0117kina, gaivina ir mink\u0161tina od\u0105<br data-start=\"722\" data-end=\"725\" \/>\u2022 Suteikia ilgalaik\u012f komforto jausm\u0105 be lipnumo<\/p>\n<p class=\"\" data-start=\"774\" data-end=\"950\"><strong data-start=\"774\" data-end=\"789\">Usage:<\/strong><br data-start=\"789\" data-end=\"792\" \/>Tepkite ryte ir vakare ant \u0161varios veido ir kaklo odos.<br data-start=\"847\" data-end=\"850\" \/>Gali b\u016bti naudojamas atskirai arba po Circadia serumo.<br data-start=\"904\" data-end=\"907\" \/>Puikiai tinka naudoti kasdien, visus metus.<\/p>\n<p class=\"\" data-start=\"952\" data-end=\"1126\"><strong data-start=\"952\" data-end=\"970\">Suitable for use:<\/strong><br data-start=\"970\" data-end=\"973\" \/>Visiems odos tipams, ypa\u010d mi\u0161riai, jautriai ar linkusiai \u012f dehidratacij\u0105 odai.<br data-start=\"1051\" data-end=\"1054\" \/>Idealiai tinka permainingomis oro s\u0105lygomis, kai kei\u010diasi dr\u0117gm\u0117s lygis.<\/p>","protected":false},"excerpt":{"rendered":"<p>I\u0161manusis dr\u0117kiklis, prisitaikantis prie odos poreiki\u0173<\/p>","protected":false},"featured_media":6265,"comment_status":"open","ping_status":"closed","template":"","meta":[],"product_cat":[448,107,129],"product_tag":[],"class_list":{"0":"post-6264","1":"product","2":"type-product","3":"status-publish","4":"has-post-thumbnail","6":"product_cat-is-clinical-ir-circadia","7":"product_cat-serumai","8":"product_cat-veido-kremai","9":"pa_brands-circadia","10":"pa_talpa-15ml","12":"first","13":"instock","14":"taxable","15":"shipping-taxable","16":"purchasable","17":"product-type-simple"},"_links":{"self":[{"href":"https:\/\/miamedic.lt\/en\/wp-json\/wp\/v2\/product\/6264","targetHints":{"allow":["GET"]}}],"collection":[{"href":"https:\/\/miamedic.lt\/en\/wp-json\/wp\/v2\/product"}],"about":[{"href":"https:\/\/miamedic.lt\/en\/wp-json\/wp\/v2\/types\/product"}],"replies":[{"embeddable":true,"href":"https:\/\/miamedic.lt\/en\/wp-json\/wp\/v2\/comments?post=6264"}],"version-history":[{"count":3,"href":"https:\/\/miamedic.lt\/en\/wp-json\/wp\/v2\/product\/6264\/revisions"}],"predecessor-version":[{"id":10073,"href":"https:\/\/miamedic.lt\/en\/wp-json\/wp\/v2\/product\/6264\/revisions\/10073"}],"wp:featuredmedia":[{"embeddable":true,"href":"https:\/\/miamedic.lt\/en\/wp-json\/wp\/v2\/media\/6265"}],"wp:attachment":[{"href":"https:\/\/miamedic.lt\/en\/wp-json\/wp\/v2\/media?parent=6264"}],"wp:term":[{"taxonomy":"product_cat","embeddable":true,"href":"https:\/\/miamedic.lt\/en\/wp-json\/wp\/v2\/product_cat?post=6264"},{"taxonomy":"product_tag","embeddable":true,"href":"https:\/\/miamedic.lt\/en\/wp-json\/wp\/v2\/product_tag?post=6264"}],"curies":[{"name":"wp","href":"https:\/\/api.w.org\/{rel}","templated":true}]}}