{"id":6261,"date":"2025-04-17T11:36:49","date_gmt":"2025-04-17T11:36:49","guid":{"rendered":"https:\/\/www.miamedic.lt\/?post_type=product&#038;p=6261"},"modified":"2026-03-02T11:03:14","modified_gmt":"2026-03-02T11:03:14","slug":"hydralox-facial-oil","status":"publish","type":"product","link":"https:\/\/miamedic.lt\/en\/shop\/hydralox-facial-oil\/","title":{"rendered":"Hydralox Facial Oil"},"content":{"rendered":"<p class=\"\" data-start=\"139\" data-end=\"237\"><strong data-start=\"139\" data-end=\"237\">Circadia Hydralox Facial Oil \u2013 maitinamasis ir apsauginis veido aliejus odos dr\u0117gmei i\u0161laikyti<\/strong><\/p>\n<p class=\"\" data-start=\"239\" data-end=\"557\">Circadia Hydralox \u2013 tai turtingas, bet lengvai \u012fsigeriantis veido aliejus, skirtas papildomam odos maitinimui ir apsaugai nuo dr\u0117gm\u0117s praradimo. Sukurtas siekiant u\u017erakinti dr\u0117gm\u0119 odoje ir atkurti jos lipidin\u012f barjer\u0105, \u0161is produktas puikiai tinka naudoti \u0161altuoju met\u0173 laiku arba esant dehidratuotai, pavargusiai odai.<\/p>\n<p class=\"\" data-start=\"559\" data-end=\"806\"><strong data-start=\"559\" data-end=\"572\">Effect:<\/strong><br data-start=\"572\" data-end=\"575\" \/>\u2022 Saugo od\u0105 nuo transepiderminio vandens netekimo (TEWL)<br data-start=\"631\" data-end=\"634\" \/>\u2022 Maitina ir mink\u0161tina od\u0105<br data-start=\"660\" data-end=\"663\" \/>\u2022 Padeda atkurti pa\u017eeist\u0105 lipidin\u012f barjer\u0105<br data-start=\"705\" data-end=\"708\" \/>\u2022 Suteikia odai \u0161vyt\u0117jimo ir komforto poj\u016bt\u012f<br data-start=\"752\" data-end=\"755\" \/>\u2022 Tinka naudoti vir\u0161 dr\u0117kikli\u0173 ar sumai\u0161ius su jais<\/p>\n<p class=\"\" data-start=\"808\" data-end=\"1039\"><strong data-start=\"808\" data-end=\"823\">Usage:<\/strong><br data-start=\"823\" data-end=\"826\" \/>Naudoti ryte arba vakare.<br data-start=\"851\" data-end=\"854\" \/>U\u017ela\u0161inkite kelis la\u0161us aliejaus ant veido po dr\u0117kinamojo kremo, arba \u012fmai\u0161ykite 1\u20132 la\u0161us \u012f m\u0117gstam\u0105 Circadia krem\u0105.<br data-start=\"971\" data-end=\"974\" \/>Gali b\u016bti naudojamas ir vir\u0161 makia\u017eo sausai, \u0161erpetojan\u010diai odai.<\/p>\n<p class=\"\" data-start=\"1041\" data-end=\"1229\"><strong data-start=\"1041\" data-end=\"1059\">Suitable for use:<\/strong><br data-start=\"1059\" data-end=\"1062\" \/>Visiems odos tipams, ypa\u010d sausai, dehidratuotai, brand\u017eiai ar jautriai odai.<br data-start=\"1138\" data-end=\"1141\" \/>Idealiai tinka \u0161altuoju met\u0173 laiku arba po proced\u016br\u0173, kai oda praranda lipidin\u012f balans\u0105.<\/p>","protected":false},"excerpt":{"rendered":"<p>Maitinamasis ir apsauginis veido aliejus odos dr\u0117gmei i\u0161laikyti<\/p>","protected":false},"featured_media":6262,"comment_status":"open","ping_status":"closed","template":"","meta":[],"product_cat":[448,107],"product_tag":[],"class_list":{"0":"post-6261","1":"product","2":"type-product","3":"status-publish","4":"has-post-thumbnail","6":"product_cat-is-clinical-ir-circadia","7":"product_cat-serumai","8":"pa_brands-circadia","9":"pa_talpa-15ml","11":"first","12":"instock","13":"taxable","14":"shipping-taxable","15":"purchasable","16":"product-type-simple"},"_links":{"self":[{"href":"https:\/\/miamedic.lt\/en\/wp-json\/wp\/v2\/product\/6261","targetHints":{"allow":["GET"]}}],"collection":[{"href":"https:\/\/miamedic.lt\/en\/wp-json\/wp\/v2\/product"}],"about":[{"href":"https:\/\/miamedic.lt\/en\/wp-json\/wp\/v2\/types\/product"}],"replies":[{"embeddable":true,"href":"https:\/\/miamedic.lt\/en\/wp-json\/wp\/v2\/comments?post=6261"}],"version-history":[{"count":4,"href":"https:\/\/miamedic.lt\/en\/wp-json\/wp\/v2\/product\/6261\/revisions"}],"predecessor-version":[{"id":12535,"href":"https:\/\/miamedic.lt\/en\/wp-json\/wp\/v2\/product\/6261\/revisions\/12535"}],"wp:featuredmedia":[{"embeddable":true,"href":"https:\/\/miamedic.lt\/en\/wp-json\/wp\/v2\/media\/6262"}],"wp:attachment":[{"href":"https:\/\/miamedic.lt\/en\/wp-json\/wp\/v2\/media?parent=6261"}],"wp:term":[{"taxonomy":"product_cat","embeddable":true,"href":"https:\/\/miamedic.lt\/en\/wp-json\/wp\/v2\/product_cat?post=6261"},{"taxonomy":"product_tag","embeddable":true,"href":"https:\/\/miamedic.lt\/en\/wp-json\/wp\/v2\/product_tag?post=6261"}],"curies":[{"name":"wp","href":"https:\/\/api.w.org\/{rel}","templated":true}]}}